{"id":1472,"date":"2024-12-03T22:46:43","date_gmt":"2024-12-03T22:46:43","guid":{"rendered":"https:\/\/esst.atechcloudz.com\/?page_id=1472"},"modified":"2025-12-31T11:23:43","modified_gmt":"2025-12-31T11:23:43","slug":"partenaires-entreprises","status":"publish","type":"page","link":"https:\/\/esst.cloud\/en\/partenaires-entreprises\/","title":{"rendered":"Corporate partners"},"content":{"rendered":"<div data-elementor-type=\"wp-page\" data-elementor-id=\"1472\" class=\"elementor elementor-1472\" data-elementor-post-type=\"page\">\n\t\t\t\t<div data-particle_enable=\"false\" data-particle-mobile-disabled=\"false\" class=\"elementor-element elementor-element-233c57c e-con-full e-flex e-con e-parent\" data-id=\"233c57c\" data-element_type=\"container\" data-settings=\"{&quot;background_background&quot;:&quot;classic&quot;}\">\n\t\t<div data-particle_enable=\"false\" data-particle-mobile-disabled=\"false\" class=\"elementor-element elementor-element-5a500d2 e-flex e-con-boxed e-con e-child\" data-id=\"5a500d2\" data-element_type=\"container\" data-settings=\"{&quot;background_background&quot;:&quot;classic&quot;}\">\n\t\t\t\t\t<div class=\"e-con-inner\">\n\t\t\t\t<div class=\"elementor-element elementor-element-c5ace77 elementor-widget elementor-widget-spacer\" data-id=\"c5ace77\" data-element_type=\"widget\" data-widget_type=\"spacer.default\">\n\t\t\t\t<div class=\"elementor-widget-container\">\n\t\t\t\t\t\t\t<div class=\"elementor-spacer\">\n\t\t\t<div class=\"elementor-spacer-inner\"><\/div>\n\t\t<\/div>\n\t\t\t\t\t\t<\/div>\n\t\t\t\t<\/div>\n\t\t\t\t<div class=\"elementor-element elementor-element-644399b elementor-widget elementor-widget-text-editor\" data-id=\"644399b\" data-element_type=\"widget\" data-widget_type=\"text-editor.default\">\n\t\t\t\t<div class=\"elementor-widget-container\">\n\t\t\t\t\t\t\t\t\t<p><span style=\"font-weight: 400;\">A collaborative network for the future of our students<\/span><\/p><p><span style=\"font-weight: 400;\">ESST has established strong partnerships with companies in various sectors, offering students concrete opportunities to prepare for the professional world. These collaborations combine academic training with practical experience, facilitating graduates&#039; entry into innovative and stimulating careers.<\/span><\/p>\t\t\t\t\t\t\t\t<\/div>\n\t\t\t\t<\/div>\n\t\t\t\t\t<\/div>\n\t\t\t\t<\/div>\n\t\t\t\t<\/div>\n\t\t<div data-particle_enable=\"false\" data-particle-mobile-disabled=\"false\" class=\"elementor-element elementor-element-016e138 e-flex e-con-boxed e-con e-parent\" data-id=\"016e138\" data-element_type=\"container\">\n\t\t\t\t\t<div class=\"e-con-inner\">\n\t\t<div data-particle_enable=\"false\" data-particle-mobile-disabled=\"false\" class=\"elementor-element elementor-element-f2ecdeb e-con-full e-flex e-con e-child\" data-id=\"f2ecdeb\" data-element_type=\"container\">\n\t\t<div data-particle_enable=\"false\" data-particle-mobile-disabled=\"false\" class=\"elementor-element elementor-element-8a34a5b e-con-full e-flex e-con e-child\" data-id=\"8a34a5b\" data-element_type=\"container\" data-settings=\"{&quot;background_background&quot;:&quot;classic&quot;}\">\n\t\t<div data-particle_enable=\"false\" data-particle-mobile-disabled=\"false\" class=\"elementor-element elementor-element-092880f e-con-full e-flex e-con e-child\" data-id=\"092880f\" data-element_type=\"container\">\n\t\t\t\t<div class=\"elementor-element elementor-element-bca6bc2 elementor-arrows-position-inside elementor-pagination-position-outside elementor-widget elementor-widget-image-carousel\" data-id=\"bca6bc2\" data-element_type=\"widget\" data-settings=\"{&quot;slides_to_show&quot;:&quot;1&quot;,&quot;navigation&quot;:&quot;both&quot;,&quot;autoplay&quot;:&quot;yes&quot;,&quot;pause_on_hover&quot;:&quot;yes&quot;,&quot;pause_on_interaction&quot;:&quot;yes&quot;,&quot;autoplay_speed&quot;:5000,&quot;infinite&quot;:&quot;yes&quot;,&quot;effect&quot;:&quot;slide&quot;,&quot;speed&quot;:500}\" data-widget_type=\"image-carousel.default\">\n\t\t\t\t<div class=\"elementor-widget-container\">\n\t\t\t\t\t\t\t<div class=\"elementor-image-carousel-wrapper swiper\" role=\"region\" aria-roledescription=\"carousel\" aria-label=\"Image carousel\" dir=\"ltr\">\n\t\t\t<div class=\"elementor-image-carousel swiper-wrapper\" aria-live=\"off\">\n\t\t\t\t\t\t\t\t<div class=\"swiper-slide\" role=\"group\" aria-roledescription=\"slide\" aria-label=\"1 of 8\"><figure class=\"swiper-slide-inner\"><img decoding=\"async\" class=\"swiper-slide-image\" src=\"https:\/\/esst.cloud\/wp-content\/uploads\/2025\/12\/esst-380.jpg\" alt=\"esst-380\" \/><\/figure><\/div><div class=\"swiper-slide\" role=\"group\" aria-roledescription=\"slide\" aria-label=\"2 out of 8\"><figure class=\"swiper-slide-inner\"><img decoding=\"async\" class=\"swiper-slide-image\" src=\"https:\/\/esst.cloud\/wp-content\/uploads\/2025\/12\/esst-383.jpg\" alt=\"esst-383\" \/><\/figure><\/div><div class=\"swiper-slide\" role=\"group\" aria-roledescription=\"slide\" aria-label=\"3 out of 8\"><figure class=\"swiper-slide-inner\"><img decoding=\"async\" class=\"swiper-slide-image\" src=\"https:\/\/esst.cloud\/wp-content\/uploads\/2025\/12\/esst-384.jpg\" alt=\"esst-384\" \/><\/figure><\/div><div class=\"swiper-slide\" role=\"group\" aria-roledescription=\"slide\" aria-label=\"4 out of 8\"><figure class=\"swiper-slide-inner\"><img decoding=\"async\" class=\"swiper-slide-image\" src=\"https:\/\/esst.cloud\/wp-content\/uploads\/2025\/12\/esst-391.jpg\" alt=\"esst-391\" \/><\/figure><\/div><div class=\"swiper-slide\" role=\"group\" aria-roledescription=\"slide\" aria-label=\"5 out of 8\"><figure class=\"swiper-slide-inner\"><img decoding=\"async\" class=\"swiper-slide-image\" src=\"https:\/\/esst.cloud\/wp-content\/uploads\/2025\/12\/esst-407.jpg\" alt=\"esst-407\" \/><\/figure><\/div><div class=\"swiper-slide\" role=\"group\" aria-roledescription=\"slide\" aria-label=\"6 out of 8\"><figure class=\"swiper-slide-inner\"><img decoding=\"async\" class=\"swiper-slide-image\" src=\"https:\/\/esst.cloud\/wp-content\/uploads\/2025\/12\/P1149344-scaled.jpg\" alt=\"P1149344\" \/><\/figure><\/div><div class=\"swiper-slide\" role=\"group\" aria-roledescription=\"slide\" aria-label=\"7 out of 8\"><figure class=\"swiper-slide-inner\"><img decoding=\"async\" class=\"swiper-slide-image\" src=\"https:\/\/esst.cloud\/wp-content\/uploads\/2025\/12\/PXL_20230516_090301988-scaled.jpg\" alt=\"PXL_20230516_090301988\" \/><\/figure><\/div><div class=\"swiper-slide\" role=\"group\" aria-roledescription=\"slide\" aria-label=\"8 out of 8\"><figure class=\"swiper-slide-inner\"><img decoding=\"async\" class=\"swiper-slide-image\" src=\"https:\/\/esst.cloud\/wp-content\/uploads\/2025\/12\/PXL_20240303_093129055-scaled.jpg\" alt=\"PXL_20240303_093129055\" \/><\/figure><\/div>\t\t\t<\/div>\n\t\t\t\t\t\t\t\t\t\t\t\t<div class=\"elementor-swiper-button elementor-swiper-button-prev\" role=\"button\" tabindex=\"0\">\n\t\t\t\t\t\t<svg aria-hidden=\"true\" class=\"e-font-icon-svg e-eicon-chevron-left\" viewbox=\"0 0 1000 1000\" xmlns=\"http:\/\/www.w3.org\/2000\/svg\"><path d=\"M646 125C629 125 613 133 604 142L308 442C296 454 292 471 292 487 292 504 296 521 308 533L604 854C617 867 629 875 646 875 663 875 679 871 692 858 704 846 713 829 713 812 713 796 708 779 692 767L438 487 692 225C700 217 708 204 708 187 708 171 704 154 692 142 675 129 663 125 646 125Z\"><\/path><\/svg>\t\t\t\t\t<\/div>\n\t\t\t\t\t<div class=\"elementor-swiper-button elementor-swiper-button-next\" role=\"button\" tabindex=\"0\">\n\t\t\t\t\t\t<svg aria-hidden=\"true\" class=\"e-font-icon-svg e-eicon-chevron-right\" viewbox=\"0 0 1000 1000\" xmlns=\"http:\/\/www.w3.org\/2000\/svg\"><path d=\"M696 533C708 521 713 504 713 487 713 471 708 454 696 446L400 146C388 133 375 125 354 125 338 125 325 129 313 142 300 154 292 171 292 187 292 204 296 221 308 233L563 492 304 771C292 783 288 800 288 817 288 833 296 850 308 863 321 871 338 875 354 875 371 875 388 867 400 854L696 533Z\"><\/path><\/svg>\t\t\t\t\t<\/div>\n\t\t\t\t\n\t\t\t\t\t\t\t\t\t<div class=\"swiper-pagination\"><\/div>\n\t\t\t\t\t\t\t\t\t<\/div>\n\t\t\t\t\t\t<\/div>\n\t\t\t\t<\/div>\n\t\t\t\t<\/div>\n\t\t<div data-particle_enable=\"false\" data-particle-mobile-disabled=\"false\" class=\"elementor-element elementor-element-305e80e e-con-full e-flex e-con e-child\" data-id=\"305e80e\" data-element_type=\"container\">\n\t\t\t\t<div class=\"elementor-element elementor-element-57ef4d5 elementor-widget elementor-widget-text-editor\" data-id=\"57ef4d5\" data-element_type=\"widget\" data-widget_type=\"text-editor.default\">\n\t\t\t\t<div class=\"elementor-widget-container\">\n\t\t\t\t\t\t\t\t\t<h5><strong>Company internships<\/strong><\/h5><p><span style=\"font-weight: 400;\">Our partnerships allow students to undertake professional internships tailored to their level of study:<\/span><\/p><p><span style=\"font-weight: 400;\">Short-term internships: between L1 and L3, as well as at Master&#039;s level, allowing students to acquire initial practical experience and implement their academic skills.<\/span><\/p><p><span style=\"font-weight: 400;\">Long-term internships: for final year projects, offering complete immersion in the company and the opportunity to carry out real projects supervised by expert professionals.<\/span><\/p><p><span style=\"font-weight: 400;\">These internships include mentoring, teacher supervision, and concrete projects to be developed within companies.<\/span><\/p>\t\t\t\t\t\t\t\t<\/div>\n\t\t\t\t<\/div>\n\t\t\t\t<\/div>\n\t\t\t\t<\/div>\n\t\t\t\t<\/div>\n\t\t\t\t\t<\/div>\n\t\t\t\t<\/div>\n\t\t<div data-particle_enable=\"false\" data-particle-mobile-disabled=\"false\" class=\"elementor-element elementor-element-a58fc52 e-flex e-con-boxed e-con e-parent\" data-id=\"a58fc52\" data-element_type=\"container\">\n\t\t\t\t\t<div class=\"e-con-inner\">\n\t\t<div data-particle_enable=\"false\" data-particle-mobile-disabled=\"false\" class=\"elementor-element elementor-element-c6d00f8 e-con-full e-flex e-con e-child\" data-id=\"c6d00f8\" data-element_type=\"container\">\n\t\t<div data-particle_enable=\"false\" data-particle-mobile-disabled=\"false\" class=\"elementor-element elementor-element-b4229ea e-con-full e-flex e-con e-child\" data-id=\"b4229ea\" data-element_type=\"container\">\n\t\t<div data-particle_enable=\"false\" data-particle-mobile-disabled=\"false\" class=\"elementor-element elementor-element-cd66357 e-con-full e-flex e-con e-child\" data-id=\"cd66357\" data-element_type=\"container\" data-settings=\"{&quot;background_background&quot;:&quot;classic&quot;}\">\n\t\t<div data-particle_enable=\"false\" data-particle-mobile-disabled=\"false\" class=\"elementor-element elementor-element-f9540f6 e-con-full e-flex e-con e-child\" data-id=\"f9540f6\" data-element_type=\"container\">\n\t\t\t\t<div class=\"elementor-element elementor-element-d6e0302 elementor-widget elementor-widget-text-editor\" data-id=\"d6e0302\" data-element_type=\"widget\" data-widget_type=\"text-editor.default\">\n\t\t\t\t<div class=\"elementor-widget-container\">\n\t\t\t\t\t\t\t\t\t<h5><strong>Master&#039;s degrees with work-study options<\/strong><\/h5><p><br \/><span style=\"font-weight: 400;\">For Master&#039;s students, ESST also offers work-study programs. This format allows them to combine theoretical studies with professional experience in a company, strengthening their practical skills and facilitating their entry into the workforce after graduation.<\/span><\/p>\t\t\t\t\t\t\t\t<\/div>\n\t\t\t\t<\/div>\n\t\t\t\t<\/div>\n\t\t<div data-particle_enable=\"false\" data-particle-mobile-disabled=\"false\" class=\"elementor-element elementor-element-aea4cba e-con-full e-flex e-con e-child\" data-id=\"aea4cba\" data-element_type=\"container\">\n\t\t\t\t<div class=\"elementor-element elementor-element-e95f9d7 elementor-arrows-position-inside elementor-pagination-position-outside elementor-widget elementor-widget-image-carousel\" data-id=\"e95f9d7\" data-element_type=\"widget\" data-settings=\"{&quot;slides_to_show&quot;:&quot;1&quot;,&quot;navigation&quot;:&quot;both&quot;,&quot;autoplay&quot;:&quot;yes&quot;,&quot;pause_on_hover&quot;:&quot;yes&quot;,&quot;pause_on_interaction&quot;:&quot;yes&quot;,&quot;autoplay_speed&quot;:5000,&quot;infinite&quot;:&quot;yes&quot;,&quot;effect&quot;:&quot;slide&quot;,&quot;speed&quot;:500}\" data-widget_type=\"image-carousel.default\">\n\t\t\t\t<div class=\"elementor-widget-container\">\n\t\t\t\t\t\t\t<div class=\"elementor-image-carousel-wrapper swiper\" role=\"region\" aria-roledescription=\"carousel\" aria-label=\"Image carousel\" dir=\"ltr\">\n\t\t\t<div class=\"elementor-image-carousel swiper-wrapper\" aria-live=\"off\">\n\t\t\t\t\t\t\t\t<div class=\"swiper-slide\" role=\"group\" aria-roledescription=\"slide\" aria-label=\"1 out of 3\"><figure class=\"swiper-slide-inner\"><img decoding=\"async\" class=\"swiper-slide-image\" src=\"https:\/\/esst.cloud\/wp-content\/uploads\/2025\/12\/20250506_094830-scaled.jpg\" alt=\"20250506_094830\" \/><\/figure><\/div><div class=\"swiper-slide\" role=\"group\" aria-roledescription=\"slide\" aria-label=\"2 out of 3\"><figure class=\"swiper-slide-inner\"><img decoding=\"async\" class=\"swiper-slide-image\" src=\"https:\/\/esst.cloud\/wp-content\/uploads\/2025\/12\/20250506_092215-scaled.jpg\" alt=\"20250506_092215\" \/><\/figure><\/div><div class=\"swiper-slide\" role=\"group\" aria-roledescription=\"slide\" aria-label=\"3 out of 3\"><figure class=\"swiper-slide-inner\"><img decoding=\"async\" class=\"swiper-slide-image\" src=\"https:\/\/esst.cloud\/wp-content\/uploads\/2025\/12\/20250506_111149-scaled.jpg\" alt=\"20250506_111149\" \/><\/figure><\/div>\t\t\t<\/div>\n\t\t\t\t\t\t\t\t\t\t\t\t<div class=\"elementor-swiper-button elementor-swiper-button-prev\" role=\"button\" tabindex=\"0\">\n\t\t\t\t\t\t<svg aria-hidden=\"true\" class=\"e-font-icon-svg e-eicon-chevron-left\" viewbox=\"0 0 1000 1000\" xmlns=\"http:\/\/www.w3.org\/2000\/svg\"><path d=\"M646 125C629 125 613 133 604 142L308 442C296 454 292 471 292 487 292 504 296 521 308 533L604 854C617 867 629 875 646 875 663 875 679 871 692 858 704 846 713 829 713 812 713 796 708 779 692 767L438 487 692 225C700 217 708 204 708 187 708 171 704 154 692 142 675 129 663 125 646 125Z\"><\/path><\/svg>\t\t\t\t\t<\/div>\n\t\t\t\t\t<div class=\"elementor-swiper-button elementor-swiper-button-next\" role=\"button\" tabindex=\"0\">\n\t\t\t\t\t\t<svg aria-hidden=\"true\" class=\"e-font-icon-svg e-eicon-chevron-right\" viewbox=\"0 0 1000 1000\" xmlns=\"http:\/\/www.w3.org\/2000\/svg\"><path d=\"M696 533C708 521 713 504 713 487 713 471 708 454 696 446L400 146C388 133 375 125 354 125 338 125 325 129 313 142 300 154 292 171 292 187 292 204 296 221 308 233L563 492 304 771C292 783 288 800 288 817 288 833 296 850 308 863 321 871 338 875 354 875 371 875 388 867 400 854L696 533Z\"><\/path><\/svg>\t\t\t\t\t<\/div>\n\t\t\t\t\n\t\t\t\t\t\t\t\t\t<div class=\"swiper-pagination\"><\/div>\n\t\t\t\t\t\t\t\t\t<\/div>\n\t\t\t\t\t\t<\/div>\n\t\t\t\t<\/div>\n\t\t\t\t<\/div>\n\t\t\t\t<\/div>\n\t\t\t\t<\/div>\n\t\t\t\t<\/div>\n\t\t\t\t\t<\/div>\n\t\t\t\t<\/div>\n\t\t<div data-particle_enable=\"false\" data-particle-mobile-disabled=\"false\" class=\"elementor-element elementor-element-e9a63bb e-flex e-con-boxed e-con e-parent\" data-id=\"e9a63bb\" data-element_type=\"container\">\n\t\t\t\t\t<div class=\"e-con-inner\">\n\t\t<div data-particle_enable=\"false\" data-particle-mobile-disabled=\"false\" class=\"elementor-element elementor-element-a7375b4 e-con-full e-flex e-con e-child\" data-id=\"a7375b4\" data-element_type=\"container\">\n\t\t<div data-particle_enable=\"false\" data-particle-mobile-disabled=\"false\" class=\"elementor-element elementor-element-33cb7ef e-con-full e-flex e-con e-child\" data-id=\"33cb7ef\" data-element_type=\"container\" data-settings=\"{&quot;background_background&quot;:&quot;classic&quot;}\">\n\t\t<div data-particle_enable=\"false\" data-particle-mobile-disabled=\"false\" class=\"elementor-element elementor-element-8967c83 e-con-full e-flex e-con e-child\" data-id=\"8967c83\" data-element_type=\"container\">\n\t\t\t\t<div class=\"elementor-element elementor-element-1cd4214 elementor-widget elementor-widget-image\" data-id=\"1cd4214\" data-element_type=\"widget\" data-widget_type=\"image.default\">\n\t\t\t\t<div class=\"elementor-widget-container\">\n\t\t\t\t\t\t\t\t\t\t\t\t\t\t\t<img fetchpriority=\"high\" decoding=\"async\" width=\"768\" height=\"577\" src=\"https:\/\/esst.cloud\/wp-content\/uploads\/2024\/12\/0a717e540be48aae163f3bc445e2119e-768x577.jpg\" class=\"attachment-medium_large size-medium_large wp-image-1474\" alt=\"\" srcset=\"https:\/\/esst.cloud\/wp-content\/uploads\/2024\/12\/0a717e540be48aae163f3bc445e2119e-768x577.jpg 768w, https:\/\/esst.cloud\/wp-content\/uploads\/2024\/12\/0a717e540be48aae163f3bc445e2119e-300x225.jpg 300w, https:\/\/esst.cloud\/wp-content\/uploads\/2024\/12\/0a717e540be48aae163f3bc445e2119e-1024x769.jpg 1024w, https:\/\/esst.cloud\/wp-content\/uploads\/2024\/12\/0a717e540be48aae163f3bc445e2119e-1536x1153.jpg 1536w, https:\/\/esst.cloud\/wp-content\/uploads\/2024\/12\/0a717e540be48aae163f3bc445e2119e-2048x1538.jpg 2048w\" sizes=\"(max-width: 768px) 100vw, 768px\" \/>\t\t\t\t\t\t\t\t\t\t\t\t\t\t\t<\/div>\n\t\t\t\t<\/div>\n\t\t\t\t<\/div>\n\t\t<div data-particle_enable=\"false\" data-particle-mobile-disabled=\"false\" class=\"elementor-element elementor-element-f10460c e-con-full e-flex e-con e-child\" data-id=\"f10460c\" data-element_type=\"container\">\n\t\t\t\t<div class=\"elementor-element elementor-element-bdb966a elementor-widget elementor-widget-text-editor\" data-id=\"bdb966a\" data-element_type=\"widget\" data-widget_type=\"text-editor.default\">\n\t\t\t\t<div class=\"elementor-widget-container\">\n\t\t\t\t\t\t\t\t\t<h5><strong>Seminars and events<\/strong><\/h5><p><span style=\"font-weight: 400;\">Our industrial partners actively participate in the life of our<\/span><\/p><p><span style=\"font-weight: 400;\">school through:<\/span><\/p><p><span style=\"font-weight: 400;\">Thematic seminars on the latest technological innovations.<\/span><\/p><p><span style=\"font-weight: 400;\">Conferences led by industry professionals, offering insights into current industry challenges.<\/span><\/p><p><span style=\"font-weight: 400;\">Recruitment and networking days, allowing students to meet their future employers directly.<\/span><\/p>\t\t\t\t\t\t\t\t<\/div>\n\t\t\t\t<\/div>\n\t\t\t\t<\/div>\n\t\t\t\t<\/div>\n\t\t\t\t<\/div>\n\t\t\t\t\t<\/div>\n\t\t\t\t<\/div>\n\t\t\t\t<\/div>","protected":false},"excerpt":{"rendered":"<p>Un r\u00e9seau de collaboration pour l\u2019avenir de nos \u00e9tudiants L\u2019ESST a \u00e9tabli des partenariats solides avec des entreprises dans divers secteurs, offrant aux \u00e9tudiants des opportunit\u00e9s concr\u00e8tes pour se pr\u00e9parer au monde professionnel. Ces collaborations permettent de combiner formation acad\u00e9mique et exp\u00e9rience pratique, et facilitent l\u2019insertion des dipl\u00f4m\u00e9s dans des carri\u00e8res innovantes et stimulantes. Stages [&hellip;]<\/p>","protected":false},"author":1,"featured_media":0,"parent":0,"menu_order":0,"comment_status":"closed","ping_status":"closed","template":"elementor_header_footer","meta":{"_eb_attr":"","footnotes":""},"class_list":["post-1472","page","type-page","status-publish","hentry"],"_links":{"self":[{"href":"https:\/\/esst.cloud\/en\/wp-json\/wp\/v2\/pages\/1472","targetHints":{"allow":["GET"]}}],"collection":[{"href":"https:\/\/esst.cloud\/en\/wp-json\/wp\/v2\/pages"}],"about":[{"href":"https:\/\/esst.cloud\/en\/wp-json\/wp\/v2\/types\/page"}],"author":[{"embeddable":true,"href":"https:\/\/esst.cloud\/en\/wp-json\/wp\/v2\/users\/1"}],"replies":[{"embeddable":true,"href":"https:\/\/esst.cloud\/en\/wp-json\/wp\/v2\/comments?post=1472"}],"version-history":[{"count":9,"href":"https:\/\/esst.cloud\/en\/wp-json\/wp\/v2\/pages\/1472\/revisions"}],"predecessor-version":[{"id":2622,"href":"https:\/\/esst.cloud\/en\/wp-json\/wp\/v2\/pages\/1472\/revisions\/2622"}],"wp:attachment":[{"href":"https:\/\/esst.cloud\/en\/wp-json\/wp\/v2\/media?parent=1472"}],"curies":[{"name":"wp","href":"https:\/\/api.w.org\/{rel}","templated":true}]}}