{"id":1466,"date":"2024-12-03T22:42:53","date_gmt":"2024-12-03T22:42:53","guid":{"rendered":"https:\/\/esst.atechcloudz.com\/?page_id=1466"},"modified":"2025-12-31T11:15:06","modified_gmt":"2025-12-31T11:15:06","slug":"bridge-incubateur-de-talents-et-de-startups","status":"publish","type":"page","link":"https:\/\/esst.cloud\/en\/bridge-incubateur-de-talents-et-de-startups\/","title":{"rendered":"Bridge"},"content":{"rendered":"<div data-elementor-type=\"wp-page\" data-elementor-id=\"1466\" class=\"elementor elementor-1466\" data-elementor-post-type=\"page\">\n\t\t\t\t<div data-particle_enable=\"false\" data-particle-mobile-disabled=\"false\" class=\"elementor-element elementor-element-233c57c e-con-full e-flex e-con e-parent\" data-id=\"233c57c\" data-element_type=\"container\" data-settings=\"{&quot;background_background&quot;:&quot;classic&quot;}\">\n\t\t<div data-particle_enable=\"false\" data-particle-mobile-disabled=\"false\" class=\"elementor-element elementor-element-5a500d2 e-flex e-con-boxed e-con e-child\" data-id=\"5a500d2\" data-element_type=\"container\" data-settings=\"{&quot;background_background&quot;:&quot;classic&quot;}\">\n\t\t\t\t\t<div class=\"e-con-inner\">\n\t\t\t\t<div class=\"elementor-element elementor-element-c5ace77 elementor-widget elementor-widget-spacer\" data-id=\"c5ace77\" data-element_type=\"widget\" data-widget_type=\"spacer.default\">\n\t\t\t\t<div class=\"elementor-widget-container\">\n\t\t\t\t\t\t\t<div class=\"elementor-spacer\">\n\t\t\t<div class=\"elementor-spacer-inner\"><\/div>\n\t\t<\/div>\n\t\t\t\t\t\t<\/div>\n\t\t\t\t<\/div>\n\t\t\t\t\t<\/div>\n\t\t\t\t<\/div>\n\t\t\t\t<\/div>\n\t\t<div data-particle_enable=\"false\" data-particle-mobile-disabled=\"false\" class=\"elementor-element elementor-element-016e138 e-flex e-con-boxed e-con e-parent\" data-id=\"016e138\" data-element_type=\"container\">\n\t\t\t\t\t<div class=\"e-con-inner\">\n\t\t<div data-particle_enable=\"false\" data-particle-mobile-disabled=\"false\" class=\"elementor-element elementor-element-f2ecdeb e-con-full e-flex e-con e-child\" data-id=\"f2ecdeb\" data-element_type=\"container\">\n\t\t<div data-particle_enable=\"false\" data-particle-mobile-disabled=\"false\" class=\"elementor-element elementor-element-8a34a5b e-con-full e-flex e-con e-child\" data-id=\"8a34a5b\" data-element_type=\"container\" data-settings=\"{&quot;background_background&quot;:&quot;classic&quot;}\">\n\t\t<div data-particle_enable=\"false\" data-particle-mobile-disabled=\"false\" class=\"elementor-element elementor-element-092880f e-con-full e-flex e-con e-child\" data-id=\"092880f\" data-element_type=\"container\">\n\t\t\t\t<div class=\"elementor-element elementor-element-8051a78 elementor-widget elementor-widget-image\" data-id=\"8051a78\" data-element_type=\"widget\" data-widget_type=\"image.default\">\n\t\t\t\t<div class=\"elementor-widget-container\">\n\t\t\t\t\t\t\t\t\t\t\t\t\t\t\t<img fetchpriority=\"high\" decoding=\"async\" width=\"768\" height=\"576\" src=\"https:\/\/esst.cloud\/wp-content\/uploads\/2025\/12\/20240711_105553-768x576.jpg\" class=\"attachment-medium_large size-medium_large wp-image-2578\" alt=\"\" srcset=\"https:\/\/esst.cloud\/wp-content\/uploads\/2025\/12\/20240711_105553-768x576.jpg 768w, https:\/\/esst.cloud\/wp-content\/uploads\/2025\/12\/20240711_105553-300x225.jpg 300w, https:\/\/esst.cloud\/wp-content\/uploads\/2025\/12\/20240711_105553-1024x768.jpg 1024w, https:\/\/esst.cloud\/wp-content\/uploads\/2025\/12\/20240711_105553-1536x1152.jpg 1536w, https:\/\/esst.cloud\/wp-content\/uploads\/2025\/12\/20240711_105553-2048x1536.jpg 2048w, https:\/\/esst.cloud\/wp-content\/uploads\/2025\/12\/20240711_105553-16x12.jpg 16w\" sizes=\"(max-width: 768px) 100vw, 768px\" \/>\t\t\t\t\t\t\t\t\t\t\t\t\t\t\t<\/div>\n\t\t\t\t<\/div>\n\t\t\t\t<\/div>\n\t\t<div data-particle_enable=\"false\" data-particle-mobile-disabled=\"false\" class=\"elementor-element elementor-element-305e80e e-con-full e-flex e-con e-child\" data-id=\"305e80e\" data-element_type=\"container\">\n\t\t\t\t<div class=\"elementor-element elementor-element-57ef4d5 elementor-widget elementor-widget-text-editor\" data-id=\"57ef4d5\" data-element_type=\"widget\" data-widget_type=\"text-editor.default\">\n\t\t\t\t<div class=\"elementor-widget-container\">\n\t\t\t\t\t\t\t\t\t<h5><strong> Incubator and resources<\/strong><\/h5><p><span style=\"font-weight: 400;\">At ESST, we encourage a spirit of innovation and entrepreneurship among our students. We strive to create an environment conducive to the incubation of innovative projects, thus offering our students the opportunity to transform their ideas into real businesses. The incubator \u201c<\/span><b>Bridge<\/b><span style=\"font-weight: 400;\">The ESST, a bridge between university and the professional world, offers comprehensive support and provides students with specialized resources: laboratories, technological equipment, development tools, and coworking spaces that foster collaboration and the exchange of ideas. Personalized guidance, provided by industry experts and professionals, supports each project to maximize its chances of success.<\/span><\/p>\t\t\t\t\t\t\t\t<\/div>\n\t\t\t\t<\/div>\n\t\t\t\t<\/div>\n\t\t\t\t<\/div>\n\t\t\t\t<\/div>\n\t\t\t\t\t<\/div>\n\t\t\t\t<\/div>\n\t\t<div data-particle_enable=\"false\" data-particle-mobile-disabled=\"false\" class=\"elementor-element elementor-element-a58fc52 e-flex e-con-boxed e-con e-parent\" data-id=\"a58fc52\" data-element_type=\"container\">\n\t\t\t\t\t<div class=\"e-con-inner\">\n\t\t<div data-particle_enable=\"false\" data-particle-mobile-disabled=\"false\" class=\"elementor-element elementor-element-c6d00f8 e-con-full e-flex e-con e-child\" data-id=\"c6d00f8\" data-element_type=\"container\">\n\t\t<div data-particle_enable=\"false\" data-particle-mobile-disabled=\"false\" class=\"elementor-element elementor-element-b4229ea e-con-full e-flex e-con e-child\" data-id=\"b4229ea\" data-element_type=\"container\">\n\t\t<div data-particle_enable=\"false\" data-particle-mobile-disabled=\"false\" class=\"elementor-element elementor-element-cd66357 e-con-full e-flex e-con e-child\" data-id=\"cd66357\" data-element_type=\"container\" data-settings=\"{&quot;background_background&quot;:&quot;classic&quot;}\">\n\t\t<div data-particle_enable=\"false\" data-particle-mobile-disabled=\"false\" class=\"elementor-element elementor-element-f9540f6 e-con-full e-flex e-con e-child\" data-id=\"f9540f6\" data-element_type=\"container\">\n\t\t\t\t<div class=\"elementor-element elementor-element-d6e0302 elementor-widget elementor-widget-text-editor\" data-id=\"d6e0302\" data-element_type=\"widget\" data-widget_type=\"text-editor.default\">\n\t\t\t\t<div class=\"elementor-widget-container\">\n\t\t\t\t\t\t\t\t\t<h5><strong> Training and support<\/strong><\/h5><p><span style=\"font-weight: 400;\">Our entrepreneurship program guides students through every step of starting a business. They benefit from workshops on management, marketing, finance, and business strategy, as well as legal and administrative advice. Meetings with experienced investors and entrepreneurs provide them with concrete feedback and the opportunity to finance their projects.<\/span><\/p>\t\t\t\t\t\t\t\t<\/div>\n\t\t\t\t<\/div>\n\t\t\t\t<\/div>\n\t\t<div data-particle_enable=\"false\" data-particle-mobile-disabled=\"false\" class=\"elementor-element elementor-element-aea4cba e-con-full e-flex e-con e-child\" data-id=\"aea4cba\" data-element_type=\"container\">\n\t\t\t\t<div class=\"elementor-element elementor-element-e157510 elementor-widget elementor-widget-image\" data-id=\"e157510\" data-element_type=\"widget\" data-widget_type=\"image.default\">\n\t\t\t\t<div class=\"elementor-widget-container\">\n\t\t\t\t\t\t\t\t\t\t\t\t\t\t\t<img decoding=\"async\" width=\"768\" height=\"576\" src=\"https:\/\/esst.cloud\/wp-content\/uploads\/2025\/12\/20240711_101647-768x576.jpg\" class=\"attachment-medium_large size-medium_large wp-image-2576\" alt=\"\" srcset=\"https:\/\/esst.cloud\/wp-content\/uploads\/2025\/12\/20240711_101647-768x576.jpg 768w, https:\/\/esst.cloud\/wp-content\/uploads\/2025\/12\/20240711_101647-300x225.jpg 300w, https:\/\/esst.cloud\/wp-content\/uploads\/2025\/12\/20240711_101647-1024x768.jpg 1024w, https:\/\/esst.cloud\/wp-content\/uploads\/2025\/12\/20240711_101647-1536x1152.jpg 1536w, https:\/\/esst.cloud\/wp-content\/uploads\/2025\/12\/20240711_101647-2048x1536.jpg 2048w, https:\/\/esst.cloud\/wp-content\/uploads\/2025\/12\/20240711_101647-16x12.jpg 16w\" sizes=\"(max-width: 768px) 100vw, 768px\" \/>\t\t\t\t\t\t\t\t\t\t\t\t\t\t\t<\/div>\n\t\t\t\t<\/div>\n\t\t\t\t<\/div>\n\t\t\t\t<\/div>\n\t\t\t\t<\/div>\n\t\t<div data-particle_enable=\"false\" data-particle-mobile-disabled=\"false\" class=\"elementor-element elementor-element-b9ac3ca e-con-full e-flex e-con e-child\" data-id=\"b9ac3ca\" data-element_type=\"container\">\n\t\t<div data-particle_enable=\"false\" data-particle-mobile-disabled=\"false\" class=\"elementor-element elementor-element-02071ad e-con-full e-flex e-con e-child\" data-id=\"02071ad\" data-element_type=\"container\" data-settings=\"{&quot;background_background&quot;:&quot;classic&quot;}\">\n\t\t<div data-particle_enable=\"false\" data-particle-mobile-disabled=\"false\" class=\"elementor-element elementor-element-c6e5cd4 e-con-full e-flex e-con e-child\" data-id=\"c6e5cd4\" data-element_type=\"container\">\n\t\t\t\t<div class=\"elementor-element elementor-element-62694c8 elementor-widget elementor-widget-image\" data-id=\"62694c8\" data-element_type=\"widget\" data-widget_type=\"image.default\">\n\t\t\t\t<div class=\"elementor-widget-container\">\n\t\t\t\t\t\t\t\t\t\t\t\t\t\t\t<img decoding=\"async\" width=\"768\" height=\"576\" src=\"https:\/\/esst.cloud\/wp-content\/uploads\/2025\/12\/20240711_110726-768x576.jpg\" class=\"attachment-medium_large size-medium_large wp-image-2577\" alt=\"\" srcset=\"https:\/\/esst.cloud\/wp-content\/uploads\/2025\/12\/20240711_110726-768x576.jpg 768w, https:\/\/esst.cloud\/wp-content\/uploads\/2025\/12\/20240711_110726-300x225.jpg 300w, https:\/\/esst.cloud\/wp-content\/uploads\/2025\/12\/20240711_110726-1024x768.jpg 1024w, https:\/\/esst.cloud\/wp-content\/uploads\/2025\/12\/20240711_110726-1536x1152.jpg 1536w, https:\/\/esst.cloud\/wp-content\/uploads\/2025\/12\/20240711_110726-2048x1536.jpg 2048w, https:\/\/esst.cloud\/wp-content\/uploads\/2025\/12\/20240711_110726-16x12.jpg 16w\" sizes=\"(max-width: 768px) 100vw, 768px\" \/>\t\t\t\t\t\t\t\t\t\t\t\t\t\t\t<\/div>\n\t\t\t\t<\/div>\n\t\t\t\t<\/div>\n\t\t<div data-particle_enable=\"false\" data-particle-mobile-disabled=\"false\" class=\"elementor-element elementor-element-cb7180e e-con-full e-flex e-con e-child\" data-id=\"cb7180e\" data-element_type=\"container\">\n\t\t\t\t<div class=\"elementor-element elementor-element-e5730b5 elementor-widget elementor-widget-text-editor\" data-id=\"e5730b5\" data-element_type=\"widget\" data-widget_type=\"text-editor.default\">\n\t\t\t\t<div class=\"elementor-widget-container\">\n\t\t\t\t\t\t\t\t\t<h5><strong> Ecosystem and opportunities<\/strong><\/h5><p><span style=\"font-weight: 400;\">Thanks to ESST&#039;s network of industrial and socio-economic partners, our students develop in a solid professional environment. They can collaborate on concrete projects, benefit from the expertise and advice of professionals, and prepare themselves to meet real market needs.<\/span><\/p>\t\t\t\t\t\t\t\t<\/div>\n\t\t\t\t<\/div>\n\t\t\t\t<\/div>\n\t\t\t\t<\/div>\n\t\t\t\t<\/div>\n\t\t<div data-particle_enable=\"false\" data-particle-mobile-disabled=\"false\" class=\"elementor-element elementor-element-dfb6551 e-con-full e-flex e-con e-child\" data-id=\"dfb6551\" data-element_type=\"container\">\n\t\t<div data-particle_enable=\"false\" data-particle-mobile-disabled=\"false\" class=\"elementor-element elementor-element-cef6663 e-con-full e-flex e-con e-child\" data-id=\"cef6663\" data-element_type=\"container\" data-settings=\"{&quot;background_background&quot;:&quot;classic&quot;}\">\n\t\t<div data-particle_enable=\"false\" data-particle-mobile-disabled=\"false\" class=\"elementor-element elementor-element-80afa72 e-con-full e-flex e-con e-child\" data-id=\"80afa72\" data-element_type=\"container\">\n\t\t\t\t<div class=\"elementor-element elementor-element-9dcf0da elementor-widget elementor-widget-text-editor\" data-id=\"9dcf0da\" data-element_type=\"widget\" data-widget_type=\"text-editor.default\">\n\t\t\t\t<div class=\"elementor-widget-container\">\n\t\t\t\t\t\t\t\t\t<h5><strong> A springboard to success<\/strong><\/h5><p><span style=\"font-weight: 400;\">This comprehensive entrepreneurial environment aims to equip students with the tools to transform their ideas into concrete and viable projects. We firmly believe in their potential and are committed to supporting them throughout their journey so they can become the entrepreneurs of tomorrow.<\/span><\/p>\t\t\t\t\t\t\t\t<\/div>\n\t\t\t\t<\/div>\n\t\t\t\t<\/div>\n\t\t<div data-particle_enable=\"false\" data-particle-mobile-disabled=\"false\" class=\"elementor-element elementor-element-25cbf67 e-con-full e-flex e-con e-child\" data-id=\"25cbf67\" data-element_type=\"container\">\n\t\t\t\t<div class=\"elementor-element elementor-element-7378d79 elementor-widget elementor-widget-image\" data-id=\"7378d79\" data-element_type=\"widget\" data-widget_type=\"image.default\">\n\t\t\t\t<div class=\"elementor-widget-container\">\n\t\t\t\t\t\t\t\t\t\t\t\t\t\t\t<img loading=\"lazy\" decoding=\"async\" width=\"768\" height=\"577\" src=\"https:\/\/esst.cloud\/wp-content\/uploads\/2025\/12\/ESST-Soutenance-41-of-63-1-1-768x577.jpg\" class=\"attachment-medium_large size-medium_large wp-image-2580\" alt=\"\" srcset=\"https:\/\/esst.cloud\/wp-content\/uploads\/2025\/12\/ESST-Soutenance-41-of-63-1-1-768x577.jpg 768w, https:\/\/esst.cloud\/wp-content\/uploads\/2025\/12\/ESST-Soutenance-41-of-63-1-1-300x225.jpg 300w, https:\/\/esst.cloud\/wp-content\/uploads\/2025\/12\/ESST-Soutenance-41-of-63-1-1-1024x769.jpg 1024w, https:\/\/esst.cloud\/wp-content\/uploads\/2025\/12\/ESST-Soutenance-41-of-63-1-1-1536x1153.jpg 1536w, https:\/\/esst.cloud\/wp-content\/uploads\/2025\/12\/ESST-Soutenance-41-of-63-1-1-2048x1537.jpg 2048w, https:\/\/esst.cloud\/wp-content\/uploads\/2025\/12\/ESST-Soutenance-41-of-63-1-1-16x12.jpg 16w\" sizes=\"(max-width: 768px) 100vw, 768px\" \/>\t\t\t\t\t\t\t\t\t\t\t\t\t\t\t<\/div>\n\t\t\t\t<\/div>\n\t\t\t\t<\/div>\n\t\t\t\t<\/div>\n\t\t\t\t<\/div>\n\t\t\t\t<\/div>\n\t\t\t\t\t<\/div>\n\t\t\t\t<\/div>\n\t\t\t\t<\/div>","protected":false},"excerpt":{"rendered":"<p>Incubateur et ressources \u00c0 l\u2019ESST, nous encourageons l\u2019esprit d\u2019innovation et d\u2019entrepreneuriat chez nos \u00e9tudiants. Nous \u0153uvrons \u00e0 cr\u00e9er un environnement propice \u00e0 l\u2019incubation de projets innovants, offrant ainsi \u00e0 nos \u00e9tudiants l\u2019opportunit\u00e9 de transformer leurs id\u00e9es en v\u00e9ritables entreprises. L&rsquo;incubateur \u201cBridge\u201d de l\u2019ESST, pont entre l\u2019universit\u00e9 et le monde du travail, offre un soutien complet [&hellip;]<\/p>","protected":false},"author":1,"featured_media":0,"parent":0,"menu_order":0,"comment_status":"closed","ping_status":"closed","template":"elementor_header_footer","meta":{"_eb_attr":"","footnotes":""},"class_list":["post-1466","page","type-page","status-publish","hentry"],"_links":{"self":[{"href":"https:\/\/esst.cloud\/en\/wp-json\/wp\/v2\/pages\/1466","targetHints":{"allow":["GET"]}}],"collection":[{"href":"https:\/\/esst.cloud\/en\/wp-json\/wp\/v2\/pages"}],"about":[{"href":"https:\/\/esst.cloud\/en\/wp-json\/wp\/v2\/types\/page"}],"author":[{"embeddable":true,"href":"https:\/\/esst.cloud\/en\/wp-json\/wp\/v2\/users\/1"}],"replies":[{"embeddable":true,"href":"https:\/\/esst.cloud\/en\/wp-json\/wp\/v2\/comments?post=1466"}],"version-history":[{"count":9,"href":"https:\/\/esst.cloud\/en\/wp-json\/wp\/v2\/pages\/1466\/revisions"}],"predecessor-version":[{"id":2589,"href":"https:\/\/esst.cloud\/en\/wp-json\/wp\/v2\/pages\/1466\/revisions\/2589"}],"wp:attachment":[{"href":"https:\/\/esst.cloud\/en\/wp-json\/wp\/v2\/media?parent=1466"}],"curies":[{"name":"wp","href":"https:\/\/api.w.org\/{rel}","templated":true}]}}