{"id":1436,"date":"2024-12-03T21:57:12","date_gmt":"2024-12-03T21:57:12","guid":{"rendered":"https:\/\/esst.atechcloudz.com\/?page_id=1436"},"modified":"2025-12-31T10:58:56","modified_gmt":"2025-12-31T10:58:56","slug":"partenariat-efrei","status":"publish","type":"page","link":"https:\/\/esst.cloud\/en\/partenariat-efrei\/","title":{"rendered":"EFREI Partnership"},"content":{"rendered":"<div data-elementor-type=\"wp-page\" data-elementor-id=\"1436\" class=\"elementor elementor-1436\" data-elementor-post-type=\"page\">\n\t\t\t\t<div data-particle_enable=\"false\" data-particle-mobile-disabled=\"false\" class=\"elementor-element elementor-element-233c57c e-con-full e-flex e-con e-parent\" data-id=\"233c57c\" data-element_type=\"container\" data-settings=\"{&quot;background_background&quot;:&quot;classic&quot;}\">\n\t\t<div data-particle_enable=\"false\" data-particle-mobile-disabled=\"false\" class=\"elementor-element elementor-element-5a500d2 e-flex e-con-boxed e-con e-child\" data-id=\"5a500d2\" data-element_type=\"container\" data-settings=\"{&quot;background_background&quot;:&quot;classic&quot;}\">\n\t\t\t\t\t<div class=\"e-con-inner\">\n\t\t\t\t<div class=\"elementor-element elementor-element-c5ace77 elementor-widget elementor-widget-spacer\" data-id=\"c5ace77\" data-element_type=\"widget\" data-widget_type=\"spacer.default\">\n\t\t\t\t<div class=\"elementor-widget-container\">\n\t\t\t\t\t\t\t<div class=\"elementor-spacer\">\n\t\t\t<div class=\"elementor-spacer-inner\"><\/div>\n\t\t<\/div>\n\t\t\t\t\t\t<\/div>\n\t\t\t\t<\/div>\n\t\t\t\t\t<\/div>\n\t\t\t\t<\/div>\n\t\t\t\t<\/div>\n\t\t<div data-particle_enable=\"false\" data-particle-mobile-disabled=\"false\" class=\"elementor-element elementor-element-016e138 e-flex e-con-boxed e-con e-parent\" data-id=\"016e138\" data-element_type=\"container\">\n\t\t\t\t\t<div class=\"e-con-inner\">\n\t\t<div data-particle_enable=\"false\" data-particle-mobile-disabled=\"false\" class=\"elementor-element elementor-element-f2ecdeb e-con-full e-flex e-con e-child\" data-id=\"f2ecdeb\" data-element_type=\"container\">\n\t\t<div data-particle_enable=\"false\" data-particle-mobile-disabled=\"false\" class=\"elementor-element elementor-element-8a34a5b e-con-full e-flex e-con e-child\" data-id=\"8a34a5b\" data-element_type=\"container\" data-settings=\"{&quot;background_background&quot;:&quot;classic&quot;}\">\n\t\t<div data-particle_enable=\"false\" data-particle-mobile-disabled=\"false\" class=\"elementor-element elementor-element-092880f e-con-full e-flex e-con e-child\" data-id=\"092880f\" data-element_type=\"container\">\n\t\t\t\t<div class=\"elementor-element elementor-element-8051a78 elementor-widget elementor-widget-image\" data-id=\"8051a78\" data-element_type=\"widget\" data-widget_type=\"image.default\">\n\t\t\t\t<div class=\"elementor-widget-container\">\n\t\t\t\t\t\t\t\t\t\t\t\t\t\t\t<img fetchpriority=\"high\" decoding=\"async\" width=\"768\" height=\"511\" src=\"https:\/\/esst.cloud\/wp-content\/uploads\/2025\/11\/groupeetudiantsefreicampusparis-1623x1080-1-768x511.jpg\" class=\"attachment-medium_large size-medium_large wp-image-2217\" alt=\"\" srcset=\"https:\/\/esst.cloud\/wp-content\/uploads\/2025\/11\/groupeetudiantsefreicampusparis-1623x1080-1-768x511.jpg 768w, https:\/\/esst.cloud\/wp-content\/uploads\/2025\/11\/groupeetudiantsefreicampusparis-1623x1080-1-300x200.jpg 300w, https:\/\/esst.cloud\/wp-content\/uploads\/2025\/11\/groupeetudiantsefreicampusparis-1623x1080-1-1024x681.jpg 1024w, https:\/\/esst.cloud\/wp-content\/uploads\/2025\/11\/groupeetudiantsefreicampusparis-1623x1080-1-1536x1022.jpg 1536w, https:\/\/esst.cloud\/wp-content\/uploads\/2025\/11\/groupeetudiantsefreicampusparis-1623x1080-1-18x12.jpg 18w, https:\/\/esst.cloud\/wp-content\/uploads\/2025\/11\/groupeetudiantsefreicampusparis-1623x1080-1.jpg 1623w\" sizes=\"(max-width: 768px) 100vw, 768px\" \/>\t\t\t\t\t\t\t\t\t\t\t\t\t\t\t<\/div>\n\t\t\t\t<\/div>\n\t\t\t\t<\/div>\n\t\t<div data-particle_enable=\"false\" data-particle-mobile-disabled=\"false\" class=\"elementor-element elementor-element-305e80e e-con-full e-flex e-con e-child\" data-id=\"305e80e\" data-element_type=\"container\">\n\t\t\t\t<div class=\"elementor-element elementor-element-57ef4d5 elementor-widget elementor-widget-text-editor\" data-id=\"57ef4d5\" data-element_type=\"widget\" data-widget_type=\"text-editor.default\">\n\t\t\t\t<div class=\"elementor-widget-container\">\n\t\t\t\t\t\t\t\t\t<h5><strong>An international collaboration for studies of excellence:<\/strong><\/h5><p><span style=\"font-weight: 400;\">Thanks to our privileged partnership with EFREI Paris, one of Europe&#039;s most prestigious institutions in the field of digital technologies, our students have the unique opportunity to pursue an international curriculum combining local training with experience in France. This innovative program allows students to benefit from a comprehensive education: two years of preparatory classes at our institution, followed by three years of specialization at EFREI Paris. <\/span><\/p>\t\t\t\t\t\t\t\t<\/div>\n\t\t\t\t<\/div>\n\t\t\t\t<\/div>\n\t\t\t\t<\/div>\n\t\t\t\t<\/div>\n\t\t\t\t\t<\/div>\n\t\t\t\t<\/div>\n\t\t<div data-particle_enable=\"false\" data-particle-mobile-disabled=\"false\" class=\"elementor-element elementor-element-a58fc52 e-flex e-con-boxed e-con e-parent\" data-id=\"a58fc52\" data-element_type=\"container\">\n\t\t\t\t\t<div class=\"e-con-inner\">\n\t\t<div data-particle_enable=\"false\" data-particle-mobile-disabled=\"false\" class=\"elementor-element elementor-element-c6d00f8 e-con-full e-flex e-con e-child\" data-id=\"c6d00f8\" data-element_type=\"container\">\n\t\t<div data-particle_enable=\"false\" data-particle-mobile-disabled=\"false\" class=\"elementor-element elementor-element-b4229ea e-con-full e-flex e-con e-child\" data-id=\"b4229ea\" data-element_type=\"container\">\n\t\t<div data-particle_enable=\"false\" data-particle-mobile-disabled=\"false\" class=\"elementor-element elementor-element-cd66357 e-con-full e-flex e-con e-child\" data-id=\"cd66357\" data-element_type=\"container\" data-settings=\"{&quot;background_background&quot;:&quot;classic&quot;}\">\n\t\t<div data-particle_enable=\"false\" data-particle-mobile-disabled=\"false\" class=\"elementor-element elementor-element-f9540f6 e-con-full e-flex e-con e-child\" data-id=\"f9540f6\" data-element_type=\"container\">\n\t\t\t\t<div class=\"elementor-element elementor-element-3a846a4 elementor-widget elementor-widget-heading\" data-id=\"3a846a4\" data-element_type=\"widget\" data-widget_type=\"heading.default\">\n\t\t\t\t<div class=\"elementor-widget-container\">\n\t\t\t\t\t<h5 class=\"elementor-heading-title elementor-size-default\">A two-phase journey<\/h5>\t\t\t\t<\/div>\n\t\t\t\t<\/div>\n\t\t\t\t<div class=\"elementor-element elementor-element-d6e0302 elementor-widget elementor-widget-text-editor\" data-id=\"d6e0302\" data-element_type=\"widget\" data-widget_type=\"text-editor.default\">\n\t\t\t\t<div class=\"elementor-widget-container\">\n\t\t\t\t\t\t\t\t\t<p>\u00a0<\/p><p><span style=\"font-weight: 400;\">2 years of preparation for the ESST:<\/span><span style=\"font-weight: 400;\"><br \/><\/span><span style=\"font-weight: 400;\"> The first two years are devoted to scientific and technical preparation. This preparatory cycle aims to strengthen the foundations in engineering sciences.\u00a0<\/span><\/p><p><span style=\"font-weight: 400;\">3 years at EFREI Paris:<\/span><span style=\"font-weight: 400;\"><br \/><\/span><span style=\"font-weight: 400;\"> After successfully completing the preparatory phase, students directly enter the engineering program at EFREI Paris. They can then choose from a wide range of specializations: artificial intelligence, cybersecurity, data science, embedded systems, etc., depending on their career aspirations.<\/span><\/p>\t\t\t\t\t\t\t\t<\/div>\n\t\t\t\t<\/div>\n\t\t\t\t<div class=\"elementor-element elementor-element-5c3bc8d elementor-widget elementor-widget-heading\" data-id=\"5c3bc8d\" data-element_type=\"widget\" data-widget_type=\"heading.default\">\n\t\t\t\t<div class=\"elementor-widget-container\">\n\t\t\t\t\t<h5 class=\"elementor-heading-title elementor-size-default\">A dual academic and cultural experience<\/h5>\t\t\t\t<\/div>\n\t\t\t\t<\/div>\n\t\t\t\t<div class=\"elementor-element elementor-element-2eef166 elementor-widget elementor-widget-text-editor\" data-id=\"2eef166\" data-element_type=\"widget\" data-widget_type=\"text-editor.default\">\n\t\t\t\t<div class=\"elementor-widget-container\">\n\t\t\t\t\t\t\t\t\t<p>\u00a0<\/p><p><span style=\"font-weight: 400;\">This unique program offers students a combination of high-level academic training at two renowned institutions and an enriching international experience. They benefit from a stimulating environment in Paris while developing their skills in rapidly expanding technological fields.<\/span><\/p>\t\t\t\t\t\t\t\t<\/div>\n\t\t\t\t<\/div>\n\t\t\t\t<div class=\"elementor-element elementor-element-681d8ff elementor-widget elementor-widget-heading\" data-id=\"681d8ff\" data-element_type=\"widget\" data-widget_type=\"heading.default\">\n\t\t\t\t<div class=\"elementor-widget-container\">\n\t\t\t\t\t<h5 class=\"elementor-heading-title elementor-size-default\">Benefits of the program<\/h5>\t\t\t\t<\/div>\n\t\t\t\t<\/div>\n\t\t\t\t<div class=\"elementor-element elementor-element-e8dd44d elementor-widget elementor-widget-text-editor\" data-id=\"e8dd44d\" data-element_type=\"widget\" data-widget_type=\"text-editor.default\">\n\t\t\t\t<div class=\"elementor-widget-container\">\n\t\t\t\t\t\t\t\t\t<p>\u00a0<\/p><ul><li style=\"font-weight: 400;\" aria-level=\"1\"><span style=\"font-weight: 400;\">CTI-accredited and recognized engineering degree: By following this course, students obtain the EFREI Paris engineering degree, accredited by the Commission des Titres d&#039;Ing\u00e9nieur (CTI), recognized in France and internationally.<\/span><\/li><\/ul><p>\u00a0<\/p><ul><li style=\"font-weight: 400;\" aria-level=\"1\"><span style=\"font-weight: 400;\">International mobility: This partnership allows students to live a true international experience, combining studies in Algeria and France.<\/span><\/li><\/ul><p>\u00a0<\/p><ul><li style=\"font-weight: 400;\" aria-level=\"1\"><span style=\"font-weight: 400;\">Facilitated professional integration: Thanks to EFREI&#039;s reputation and high employability rate, graduates gain access to professional opportunities in major technology companies in France and around the world.<\/span><\/li><\/ul><p>\u00a0<\/p>\t\t\t\t\t\t\t\t<\/div>\n\t\t\t\t<\/div>\n\t\t\t\t<div class=\"elementor-element elementor-element-2d5c4b0 elementor-widget elementor-widget-heading\" data-id=\"2d5c4b0\" data-element_type=\"widget\" data-widget_type=\"heading.default\">\n\t\t\t\t<div class=\"elementor-widget-container\">\n\t\t\t\t\t<h5 class=\"elementor-heading-title elementor-size-default\">Admission requirements<\/h5>\t\t\t\t<\/div>\n\t\t\t\t<\/div>\n\t\t\t\t<div class=\"elementor-element elementor-element-30247b4 elementor-widget elementor-widget-text-editor\" data-id=\"30247b4\" data-element_type=\"widget\" data-widget_type=\"text-editor.default\">\n\t\t\t\t<div class=\"elementor-widget-container\">\n\t\t\t\t\t\t\t\t\t<p>\u00a0<\/p><p><span style=\"font-weight: 400;\">Students wishing to join this program must successfully complete their two years of preparatory studies with satisfactory academic results. Selection is based on application, interview, and motivation. Sufficient proficiency in French and English is also required for admission to EFREI Paris.<\/span><\/p>\t\t\t\t\t\t\t\t<\/div>\n\t\t\t\t<\/div>\n\t\t\t\t<\/div>\n\t\t<div data-particle_enable=\"false\" data-particle-mobile-disabled=\"false\" class=\"elementor-element elementor-element-aea4cba e-con-full e-flex e-con e-child\" data-id=\"aea4cba\" data-element_type=\"container\">\n\t\t\t\t<div class=\"elementor-element elementor-element-2828726 elementor-widget elementor-widget-image\" data-id=\"2828726\" data-element_type=\"widget\" data-widget_type=\"image.default\">\n\t\t\t\t<div class=\"elementor-widget-container\">\n\t\t\t\t\t\t\t\t\t\t\t\t\t\t\t<img decoding=\"async\" width=\"768\" height=\"511\" src=\"https:\/\/esst.cloud\/wp-content\/uploads\/2025\/11\/etudiantsefreicampusparis-1623x1080-1-768x511.jpg\" class=\"attachment-medium_large size-medium_large wp-image-2216\" alt=\"\" srcset=\"https:\/\/esst.cloud\/wp-content\/uploads\/2025\/11\/etudiantsefreicampusparis-1623x1080-1-768x511.jpg 768w, https:\/\/esst.cloud\/wp-content\/uploads\/2025\/11\/etudiantsefreicampusparis-1623x1080-1-300x200.jpg 300w, https:\/\/esst.cloud\/wp-content\/uploads\/2025\/11\/etudiantsefreicampusparis-1623x1080-1-1024x681.jpg 1024w, https:\/\/esst.cloud\/wp-content\/uploads\/2025\/11\/etudiantsefreicampusparis-1623x1080-1-1536x1022.jpg 1536w, https:\/\/esst.cloud\/wp-content\/uploads\/2025\/11\/etudiantsefreicampusparis-1623x1080-1-18x12.jpg 18w, https:\/\/esst.cloud\/wp-content\/uploads\/2025\/11\/etudiantsefreicampusparis-1623x1080-1.jpg 1623w\" sizes=\"(max-width: 768px) 100vw, 768px\" \/>\t\t\t\t\t\t\t\t\t\t\t\t\t\t\t<\/div>\n\t\t\t\t<\/div>\n\t\t\t\t<\/div>\n\t\t\t\t<\/div>\n\t\t\t\t<\/div>\n\t\t\t\t<\/div>\n\t\t\t\t\t<\/div>\n\t\t\t\t<\/div>\n\t\t\t\t<\/div>","protected":false},"excerpt":{"rendered":"<p>Une collaboration internationale pour des \u00e9tudes d\u2019excellence : Gr\u00e2ce \u00e0 notre partenariat privil\u00e9gi\u00e9 avec EFREI Paris, l\u2019une des institutions les plus r\u00e9put\u00e9es en Europe dans le domaine des technologies num\u00e9riques, nos \u00e9tudiants ont l\u2019opportunit\u00e9 unique de suivre un cursus international alliant formation locale et exp\u00e9rience en France. Ce programme innovant permet aux \u00e9tudiants de b\u00e9n\u00e9ficier [&hellip;]<\/p>","protected":false},"author":1,"featured_media":0,"parent":0,"menu_order":0,"comment_status":"closed","ping_status":"closed","template":"elementor_header_footer","meta":{"_eb_attr":"","footnotes":""},"class_list":["post-1436","page","type-page","status-publish","hentry"],"_links":{"self":[{"href":"https:\/\/esst.cloud\/en\/wp-json\/wp\/v2\/pages\/1436","targetHints":{"allow":["GET"]}}],"collection":[{"href":"https:\/\/esst.cloud\/en\/wp-json\/wp\/v2\/pages"}],"about":[{"href":"https:\/\/esst.cloud\/en\/wp-json\/wp\/v2\/types\/page"}],"author":[{"embeddable":true,"href":"https:\/\/esst.cloud\/en\/wp-json\/wp\/v2\/users\/1"}],"replies":[{"embeddable":true,"href":"https:\/\/esst.cloud\/en\/wp-json\/wp\/v2\/comments?post=1436"}],"version-history":[{"count":9,"href":"https:\/\/esst.cloud\/en\/wp-json\/wp\/v2\/pages\/1436\/revisions"}],"predecessor-version":[{"id":2565,"href":"https:\/\/esst.cloud\/en\/wp-json\/wp\/v2\/pages\/1436\/revisions\/2565"}],"wp:attachment":[{"href":"https:\/\/esst.cloud\/en\/wp-json\/wp\/v2\/media?parent=1436"}],"curies":[{"name":"wp","href":"https:\/\/api.w.org\/{rel}","templated":true}]}}