{"id":1429,"date":"2024-12-03T21:52:52","date_gmt":"2024-12-03T21:52:52","guid":{"rendered":"https:\/\/esst.atechcloudz.com\/?page_id=1429"},"modified":"2025-12-31T11:04:35","modified_gmt":"2025-12-31T11:04:35","slug":"partenariat-paris-saclay","status":"publish","type":"page","link":"https:\/\/esst.cloud\/en\/partenariat-paris-saclay\/","title":{"rendered":"Paris Saclay Partnership"},"content":{"rendered":"<div data-elementor-type=\"wp-page\" data-elementor-id=\"1429\" class=\"elementor elementor-1429\" data-elementor-post-type=\"page\">\n\t\t\t\t<div data-particle_enable=\"false\" data-particle-mobile-disabled=\"false\" class=\"elementor-element elementor-element-233c57c e-con-full e-flex e-con e-parent\" data-id=\"233c57c\" data-element_type=\"container\" data-settings=\"{&quot;background_background&quot;:&quot;classic&quot;}\">\n\t\t<div data-particle_enable=\"false\" data-particle-mobile-disabled=\"false\" class=\"elementor-element elementor-element-5a500d2 e-flex e-con-boxed e-con e-child\" data-id=\"5a500d2\" data-element_type=\"container\" data-settings=\"{&quot;background_background&quot;:&quot;classic&quot;}\">\n\t\t\t\t\t<div class=\"e-con-inner\">\n\t\t\t\t<div class=\"elementor-element elementor-element-c5ace77 elementor-widget elementor-widget-spacer\" data-id=\"c5ace77\" data-element_type=\"widget\" data-widget_type=\"spacer.default\">\n\t\t\t\t<div class=\"elementor-widget-container\">\n\t\t\t\t\t\t\t<div class=\"elementor-spacer\">\n\t\t\t<div class=\"elementor-spacer-inner\"><\/div>\n\t\t<\/div>\n\t\t\t\t\t\t<\/div>\n\t\t\t\t<\/div>\n\t\t\t\t\t<\/div>\n\t\t\t\t<\/div>\n\t\t\t\t<\/div>\n\t\t<div data-particle_enable=\"false\" data-particle-mobile-disabled=\"false\" class=\"elementor-element elementor-element-016e138 e-flex e-con-boxed e-con e-parent\" data-id=\"016e138\" data-element_type=\"container\">\n\t\t\t\t\t<div class=\"e-con-inner\">\n\t\t<div data-particle_enable=\"false\" data-particle-mobile-disabled=\"false\" class=\"elementor-element elementor-element-f2ecdeb e-con-full e-flex e-con e-child\" data-id=\"f2ecdeb\" data-element_type=\"container\">\n\t\t<div data-particle_enable=\"false\" data-particle-mobile-disabled=\"false\" class=\"elementor-element elementor-element-8a34a5b e-con-full e-flex e-con e-child\" data-id=\"8a34a5b\" data-element_type=\"container\" data-settings=\"{&quot;background_background&quot;:&quot;classic&quot;}\">\n\t\t<div data-particle_enable=\"false\" data-particle-mobile-disabled=\"false\" class=\"elementor-element elementor-element-092880f e-con-full e-flex e-con e-child\" data-id=\"092880f\" data-element_type=\"container\">\n\t\t\t\t<div class=\"elementor-element elementor-element-8051a78 elementor-widget elementor-widget-image\" data-id=\"8051a78\" data-element_type=\"widget\" data-widget_type=\"image.default\">\n\t\t\t\t<div class=\"elementor-widget-container\">\n\t\t\t\t\t\t\t\t\t\t\t\t\t\t\t<img fetchpriority=\"high\" decoding=\"async\" width=\"768\" height=\"432\" src=\"https:\/\/esst.cloud\/wp-content\/uploads\/2024\/12\/6af6b370605fa104d21777eba760d285-1-768x432.png\" class=\"attachment-medium_large size-medium_large wp-image-1431\" alt=\"\" srcset=\"https:\/\/esst.cloud\/wp-content\/uploads\/2024\/12\/6af6b370605fa104d21777eba760d285-1-768x432.png 768w, https:\/\/esst.cloud\/wp-content\/uploads\/2024\/12\/6af6b370605fa104d21777eba760d285-1-300x169.png 300w, https:\/\/esst.cloud\/wp-content\/uploads\/2024\/12\/6af6b370605fa104d21777eba760d285-1-1024x576.png 1024w, https:\/\/esst.cloud\/wp-content\/uploads\/2024\/12\/6af6b370605fa104d21777eba760d285-1-1536x864.png 1536w, https:\/\/esst.cloud\/wp-content\/uploads\/2024\/12\/6af6b370605fa104d21777eba760d285-1.png 1920w\" sizes=\"(max-width: 768px) 100vw, 768px\" \/>\t\t\t\t\t\t\t\t\t\t\t\t\t\t\t<\/div>\n\t\t\t\t<\/div>\n\t\t\t\t<\/div>\n\t\t<div data-particle_enable=\"false\" data-particle-mobile-disabled=\"false\" class=\"elementor-element elementor-element-305e80e e-con-full e-flex e-con e-child\" data-id=\"305e80e\" data-element_type=\"container\">\n\t\t\t\t<div class=\"elementor-element elementor-element-57ef4d5 elementor-widget elementor-widget-text-editor\" data-id=\"57ef4d5\" data-element_type=\"widget\" data-widget_type=\"text-editor.default\">\n\t\t\t\t<div class=\"elementor-widget-container\">\n\t\t\t\t\t\t\t\t\t<p><span style=\"font-weight: 400;\">ESST has established a partnership with the University of Paris-Saclay, renowned for the quality of its teaching and its contribution to scientific research. Within the framework of the Erasmus+ program, this partnership offers ESST students and faculty enriching academic and cultural exchange opportunities.<\/span><\/p>\t\t\t\t\t\t\t\t<\/div>\n\t\t\t\t<\/div>\n\t\t\t\t<\/div>\n\t\t\t\t<\/div>\n\t\t\t\t<\/div>\n\t\t\t\t\t<\/div>\n\t\t\t\t<\/div>\n\t\t<div data-particle_enable=\"false\" data-particle-mobile-disabled=\"false\" class=\"elementor-element elementor-element-a58fc52 e-flex e-con-boxed e-con e-parent\" data-id=\"a58fc52\" data-element_type=\"container\">\n\t\t\t\t\t<div class=\"e-con-inner\">\n\t\t<div data-particle_enable=\"false\" data-particle-mobile-disabled=\"false\" class=\"elementor-element elementor-element-c6d00f8 e-con-full e-flex e-con e-child\" data-id=\"c6d00f8\" data-element_type=\"container\">\n\t\t<div data-particle_enable=\"false\" data-particle-mobile-disabled=\"false\" class=\"elementor-element elementor-element-b4229ea e-con-full e-flex e-con e-child\" data-id=\"b4229ea\" data-element_type=\"container\">\n\t\t<div data-particle_enable=\"false\" data-particle-mobile-disabled=\"false\" class=\"elementor-element elementor-element-cd66357 e-con-full e-flex e-con e-child\" data-id=\"cd66357\" data-element_type=\"container\" data-settings=\"{&quot;background_background&quot;:&quot;classic&quot;}\">\n\t\t<div data-particle_enable=\"false\" data-particle-mobile-disabled=\"false\" class=\"elementor-element elementor-element-f9540f6 e-con-full e-flex e-con e-child\" data-id=\"f9540f6\" data-element_type=\"container\">\n\t\t\t\t<div class=\"elementor-element elementor-element-3a846a4 elementor-widget elementor-widget-heading\" data-id=\"3a846a4\" data-element_type=\"widget\" data-widget_type=\"heading.default\">\n\t\t\t\t<div class=\"elementor-widget-container\">\n\t\t\t\t\t<h5 class=\"elementor-heading-title elementor-size-default\">Student Mobility<\/h5>\t\t\t\t<\/div>\n\t\t\t\t<\/div>\n\t\t\t\t<div class=\"elementor-element elementor-element-d6e0302 elementor-widget elementor-widget-text-editor\" data-id=\"d6e0302\" data-element_type=\"widget\" data-widget_type=\"text-editor.default\">\n\t\t\t\t<div class=\"elementor-widget-container\">\n\t\t\t\t\t\t\t\t\t<p>\u00a0<\/p><p><span style=\"font-weight: 400;\">As part of this academic partnership, professors from the University of Paris-Saclay come to ESST to offer training courses, workshops, and lectures. These activities allow students to:<\/span><\/p><p>\u00a0<\/p><ul><li style=\"font-weight: 400;\" aria-level=\"1\"><span style=\"font-weight: 400;\">To deepen their knowledge in specialized disciplines, thanks to the expertise of experienced researchers and teachers.<\/span><\/li><li style=\"font-weight: 400;\" aria-level=\"1\"><span style=\"font-weight: 400;\">To strengthen their professional skills and their preparation for current scientific and technological challenges.<\/span><\/li><li style=\"font-weight: 400;\" aria-level=\"1\"><span style=\"font-weight: 400;\">Opening oneself up to pedagogical approaches<\/span><span style=\"font-weight: 400;\">different approaches and innovative teaching methods.<\/span><\/li><\/ul>\t\t\t\t\t\t\t\t<\/div>\n\t\t\t\t<\/div>\n\t\t\t\t<\/div>\n\t\t<div data-particle_enable=\"false\" data-particle-mobile-disabled=\"false\" class=\"elementor-element elementor-element-aea4cba e-con-full e-flex e-con e-child\" data-id=\"aea4cba\" data-element_type=\"container\">\n\t\t\t\t<div class=\"elementor-element elementor-element-e157510 elementor-widget elementor-widget-image\" data-id=\"e157510\" data-element_type=\"widget\" data-widget_type=\"image.default\">\n\t\t\t\t<div class=\"elementor-widget-container\">\n\t\t\t\t\t\t\t\t\t\t\t\t\t\t\t<img decoding=\"async\" width=\"768\" height=\"578\" src=\"https:\/\/esst.cloud\/wp-content\/uploads\/2025\/11\/PXL_20240303_100858613-768x578.jpg\" class=\"attachment-medium_large size-medium_large wp-image-2214\" alt=\"\" srcset=\"https:\/\/esst.cloud\/wp-content\/uploads\/2025\/11\/PXL_20240303_100858613-768x578.jpg 768w, https:\/\/esst.cloud\/wp-content\/uploads\/2025\/11\/PXL_20240303_100858613-300x226.jpg 300w, https:\/\/esst.cloud\/wp-content\/uploads\/2025\/11\/PXL_20240303_100858613-1024x771.jpg 1024w, https:\/\/esst.cloud\/wp-content\/uploads\/2025\/11\/PXL_20240303_100858613-1536x1157.jpg 1536w, https:\/\/esst.cloud\/wp-content\/uploads\/2025\/11\/PXL_20240303_100858613-2048x1542.jpg 2048w, https:\/\/esst.cloud\/wp-content\/uploads\/2025\/11\/PXL_20240303_100858613-16x12.jpg 16w\" sizes=\"(max-width: 768px) 100vw, 768px\" \/>\t\t\t\t\t\t\t\t\t\t\t\t\t\t\t<\/div>\n\t\t\t\t<\/div>\n\t\t\t\t<\/div>\n\t\t\t\t<\/div>\n\t\t\t\t<\/div>\n\t\t<div data-particle_enable=\"false\" data-particle-mobile-disabled=\"false\" class=\"elementor-element elementor-element-b9ac3ca e-con-full e-flex e-con e-child\" data-id=\"b9ac3ca\" data-element_type=\"container\">\n\t\t<div data-particle_enable=\"false\" data-particle-mobile-disabled=\"false\" class=\"elementor-element elementor-element-02071ad e-con-full e-flex e-con e-child\" data-id=\"02071ad\" data-element_type=\"container\" data-settings=\"{&quot;background_background&quot;:&quot;classic&quot;}\">\n\t\t<div data-particle_enable=\"false\" data-particle-mobile-disabled=\"false\" class=\"elementor-element elementor-element-c6e5cd4 e-con-full e-flex e-con e-child\" data-id=\"c6e5cd4\" data-element_type=\"container\">\n\t\t\t\t<div class=\"elementor-element elementor-element-62694c8 elementor-widget elementor-widget-image\" data-id=\"62694c8\" data-element_type=\"widget\" data-widget_type=\"image.default\">\n\t\t\t\t<div class=\"elementor-widget-container\">\n\t\t\t\t\t\t\t\t\t\t\t\t\t\t\t<img decoding=\"async\" width=\"281\" height=\"99\" src=\"https:\/\/esst.cloud\/wp-content\/uploads\/2025\/07\/Fichier-2.png\" class=\"attachment-medium_large size-medium_large wp-image-1650\" alt=\"\" \/>\t\t\t\t\t\t\t\t\t\t\t\t\t\t\t<\/div>\n\t\t\t\t<\/div>\n\t\t\t\t<\/div>\n\t\t<div data-particle_enable=\"false\" data-particle-mobile-disabled=\"false\" class=\"elementor-element elementor-element-cb7180e e-con-full e-flex e-con e-child\" data-id=\"cb7180e\" data-element_type=\"container\">\n\t\t\t\t<div class=\"elementor-element elementor-element-8573f89 elementor-widget elementor-widget-heading\" data-id=\"8573f89\" data-element_type=\"widget\" data-widget_type=\"heading.default\">\n\t\t\t\t<div class=\"elementor-widget-container\">\n\t\t\t\t\t<h5 class=\"elementor-heading-title elementor-size-default\">Mobility for teachers<\/h5>\t\t\t\t<\/div>\n\t\t\t\t<\/div>\n\t\t\t\t<div class=\"elementor-element elementor-element-e5730b5 elementor-widget elementor-widget-text-editor\" data-id=\"e5730b5\" data-element_type=\"widget\" data-widget_type=\"text-editor.default\">\n\t\t\t\t<div class=\"elementor-widget-container\">\n\t\t\t\t\t\t\t\t\t<p>\u00a0<\/p><p><span style=\"font-weight: 400;\">This partnership also offers ESST teachers the opportunity to:<\/span><\/p><ul><li style=\"font-weight: 400;\" aria-level=\"1\"><span style=\"font-weight: 400;\">To discover innovative teaching approaches and methods from an international academic context.<\/span><\/li><li style=\"font-weight: 400;\" aria-level=\"1\"><span style=\"font-weight: 400;\">To establish collaborations in student supervision and scientific research with the teams at Paris-Saclay.<\/span><\/li><li style=\"font-weight: 400;\" aria-level=\"1\"><span style=\"font-weight: 400;\">To contribute to joint projects and the exchange of expertise, thereby strengthening the academic influence of ESST.<\/span><\/li><\/ul><p>\u00a0<\/p>\t\t\t\t\t\t\t\t<\/div>\n\t\t\t\t<\/div>\n\t\t\t\t<\/div>\n\t\t\t\t<\/div>\n\t\t\t\t<\/div>\n\t\t\t\t<\/div>\n\t\t\t\t\t<\/div>\n\t\t\t\t<\/div>\n\t\t\t\t<\/div>","protected":false},"excerpt":{"rendered":"<p>L\u2019ESST a \u00e9tabli un partenariat avec l\u2019Universit\u00e9 de Paris-Saclay, reconnue pour la qualit\u00e9 de son enseignement et sa contribution \u00e0 la recherche scientifique. Dans le cadre du programme Erasmus+, ce partenariat offre aux \u00e9tudiants et enseignants de l\u2019ESST des opportunit\u00e9s d\u2019\u00e9changes acad\u00e9miques et culturels enrichissantes. Mobilit\u00e9 pour les \u00e9tudiants \u00a0 Dans le cadre de ce [&hellip;]<\/p>","protected":false},"author":1,"featured_media":0,"parent":0,"menu_order":0,"comment_status":"closed","ping_status":"closed","template":"elementor_header_footer","meta":{"_eb_attr":"","footnotes":""},"class_list":["post-1429","page","type-page","status-publish","hentry"],"_links":{"self":[{"href":"https:\/\/esst.cloud\/en\/wp-json\/wp\/v2\/pages\/1429","targetHints":{"allow":["GET"]}}],"collection":[{"href":"https:\/\/esst.cloud\/en\/wp-json\/wp\/v2\/pages"}],"about":[{"href":"https:\/\/esst.cloud\/en\/wp-json\/wp\/v2\/types\/page"}],"author":[{"embeddable":true,"href":"https:\/\/esst.cloud\/en\/wp-json\/wp\/v2\/users\/1"}],"replies":[{"embeddable":true,"href":"https:\/\/esst.cloud\/en\/wp-json\/wp\/v2\/comments?post=1429"}],"version-history":[{"count":13,"href":"https:\/\/esst.cloud\/en\/wp-json\/wp\/v2\/pages\/1429\/revisions"}],"predecessor-version":[{"id":2574,"href":"https:\/\/esst.cloud\/en\/wp-json\/wp\/v2\/pages\/1429\/revisions\/2574"}],"wp:attachment":[{"href":"https:\/\/esst.cloud\/en\/wp-json\/wp\/v2\/media?parent=1429"}],"curies":[{"name":"wp","href":"https:\/\/api.w.org\/{rel}","templated":true}]}}