{"id":1348,"date":"2024-11-06T09:00:30","date_gmt":"2024-11-06T09:00:30","guid":{"rendered":"https:\/\/esst.atechcloudz.com\/?page_id=1348"},"modified":"2025-12-31T09:19:26","modified_gmt":"2025-12-31T09:19:26","slug":"esst","status":"publish","type":"page","link":"https:\/\/esst.cloud\/en\/esst\/","title":{"rendered":"ESST"},"content":{"rendered":"<div data-elementor-type=\"wp-page\" data-elementor-id=\"1348\" class=\"elementor elementor-1348\" data-elementor-post-type=\"page\">\n\t\t\t\t<div data-particle_enable=\"false\" data-particle-mobile-disabled=\"false\" class=\"elementor-element elementor-element-233c57c e-con-full e-flex e-con e-parent\" data-id=\"233c57c\" data-element_type=\"container\" data-settings=\"{&quot;background_background&quot;:&quot;classic&quot;}\">\n\t\t\t\t<div class=\"elementor-element elementor-element-38b53e4 elementor-widget elementor-widget-video\" data-id=\"38b53e4\" data-element_type=\"widget\" data-settings=\"{&quot;autoplay&quot;:&quot;yes&quot;,&quot;play_on_mobile&quot;:&quot;yes&quot;,&quot;loop&quot;:&quot;yes&quot;,&quot;video_type&quot;:&quot;hosted&quot;,&quot;mute&quot;:&quot;yes&quot;,&quot;controls&quot;:&quot;yes&quot;}\" data-widget_type=\"video.default\">\n\t\t\t\t<div class=\"elementor-widget-container\">\n\t\t\t\t\t\t\t<div class=\"e-hosted-video elementor-wrapper elementor-open-inline\">\n\t\t\t\t\t<video class=\"elementor-video\" src=\"https:\/\/esst.cloud\/wp-content\/uploads\/2025\/11\/plus-quune-ecole.mp4\" autoplay=\"\" loop=\"\" controls=\"\" muted=\"muted\" playsinline=\"\" controlslist=\"nodownload\"><\/video>\n\t\t\t\t<\/div>\n\t\t\t\t\t\t<\/div>\n\t\t\t\t<\/div>\n\t\t<div data-particle_enable=\"false\" data-particle-mobile-disabled=\"false\" class=\"elementor-element elementor-element-4b098d1 e-flex e-con-boxed e-con e-child\" data-id=\"4b098d1\" data-element_type=\"container\" data-settings=\"{&quot;background_background&quot;:&quot;classic&quot;}\">\n\t\t\t\t\t<div class=\"e-con-inner\">\n\t\t\t\t\t<\/div>\n\t\t\t\t<\/div>\n\t\t\t\t<\/div>\n\t\t<div data-particle_enable=\"false\" data-particle-mobile-disabled=\"false\" class=\"elementor-element elementor-element-016e138 e-flex e-con-boxed e-con e-parent\" data-id=\"016e138\" data-element_type=\"container\">\n\t\t\t\t\t<div class=\"e-con-inner\">\n\t\t\t\t<div class=\"elementor-element elementor-element-bc96afe elementor-widget elementor-widget-spacer\" data-id=\"bc96afe\" data-element_type=\"widget\" data-widget_type=\"spacer.default\">\n\t\t\t\t<div class=\"elementor-widget-container\">\n\t\t\t\t\t\t\t<div class=\"elementor-spacer\">\n\t\t\t<div class=\"elementor-spacer-inner\"><\/div>\n\t\t<\/div>\n\t\t\t\t\t\t<\/div>\n\t\t\t\t<\/div>\n\t\t\t\t<div class=\"elementor-element elementor-element-9bc3c21 elementor-widget elementor-widget-text-editor\" data-id=\"9bc3c21\" data-element_type=\"widget\" data-widget_type=\"text-editor.default\">\n\t\t\t\t<div class=\"elementor-widget-container\">\n\t\t\t\t\t\t\t\t\t<b>The Higher School of Science and Technology<\/b><span style=\"font-weight: 400;\"> (ESST) is the first private university institution in science and technology accredited by the Ministry of Higher Education and Scientific Research (MESRS) in Algeria.<\/span>\n\n<span style=\"font-weight: 400;\">Founded in 2019, ESST offers <\/span><b>academic and professional training programs<\/b><span style=\"font-weight: 400;\"> in the fields of Science and Technology (ST), Materials Science (SM), Mathematics and Computer Science (MI). More recently, the school has expanded its offering with courses in economics, management and business, geared towards e-business.<\/span>\n\n<span style=\"font-weight: 400;\">Strongly focused on innovation and meeting market needs, ESST is committed to training a new generation of experts capable of responding to contemporary scientific and technological challenges through the following specializations:<\/span>\n<ul>\n \t<li aria-level=\"1\"><b>Cybersecurity<\/b><\/li>\n \t<li aria-level=\"1\"><b>Intelligent systems<\/b><\/li>\n \t<li aria-level=\"1\"><b>Pharmaceutical and analytical chemistry<\/b><\/li>\n \t<li aria-level=\"1\"><b>Electronics of embedded and robotic systems<\/b><\/li>\n \t<li aria-level=\"1\"><b>Networks and telecommunications<\/b><\/li>\n \t<li aria-level=\"1\"><b>E-management and e-marketing<\/b><\/li>\n<\/ul>\t\t\t\t\t\t\t\t<\/div>\n\t\t\t\t<\/div>\n\t\t<div data-particle_enable=\"false\" data-particle-mobile-disabled=\"false\" class=\"elementor-element elementor-element-f2ecdeb e-con-full e-flex e-con e-child\" data-id=\"f2ecdeb\" data-element_type=\"container\">\n\t\t<div data-particle_enable=\"false\" data-particle-mobile-disabled=\"false\" class=\"elementor-element elementor-element-8a34a5b e-con-full e-flex e-con e-child\" data-id=\"8a34a5b\" data-element_type=\"container\" data-settings=\"{&quot;background_background&quot;:&quot;classic&quot;}\">\n\t\t<div data-particle_enable=\"false\" data-particle-mobile-disabled=\"false\" class=\"elementor-element elementor-element-305e80e e-con-full e-flex e-con e-child\" data-id=\"305e80e\" data-element_type=\"container\">\n\t\t\t\t<div class=\"elementor-element elementor-element-72cce8c elementor-widget elementor-widget-heading\" data-id=\"72cce8c\" data-element_type=\"widget\" data-widget_type=\"heading.default\">\n\t\t\t\t<div class=\"elementor-widget-container\">\n\t\t\t\t\t<h5 class=\"elementor-heading-title elementor-size-default\">OUR MISSION: The student at the heart of our commitment<\/h5>\t\t\t\t<\/div>\n\t\t\t\t<\/div>\n\t\t\t\t<div class=\"elementor-element elementor-element-57ef4d5 elementor-widget elementor-widget-text-editor\" data-id=\"57ef4d5\" data-element_type=\"widget\" data-widget_type=\"text-editor.default\">\n\t\t\t\t<div class=\"elementor-widget-container\">\n\t\t\t\t\t\t\t\t\t<p>\u00a0<\/p><p><span style=\"font-weight: 400;\">At ESST, the student is at the heart of our mission. We are committed to providing quality training and a learning environment conducive to the development of academic, professional, and human skills.<\/span><\/p><p><span style=\"font-weight: 400;\">In this capacity, ESST focuses on:<\/span><\/p><ul><li style=\"font-weight: 400;\" aria-level=\"1\"><span style=\"font-weight: 400;\">To offer excellent training programs, combining academic rigor and enriching practical experiences.<\/span><\/li><li style=\"font-weight: 400;\" aria-level=\"1\"><span style=\"font-weight: 400;\">To support each student in a personalized manner, whether in their training program in Algeria or in their mobility projects and pursuit of studies abroad.<\/span><\/li><li style=\"font-weight: 400;\" aria-level=\"1\"><span style=\"font-weight: 400;\">Supporting their ambitions by guiding them towards professional integration or the creation of innovative businesses.<\/span><\/li><\/ul><p><span style=\"font-weight: 400;\">A bridge between higher education and the professional world<\/span><\/p><ul><li style=\"font-weight: 400;\" aria-level=\"1\"><span style=\"font-weight: 400;\">ESST works towards the successful integration of its graduates by developing:<\/span><\/li><li style=\"font-weight: 400;\" aria-level=\"1\"><span style=\"font-weight: 400;\">Sustainable partnerships with businesses and socio-economic actors, promoting internships, applied projects and professional collaborations.<\/span><\/li><li style=\"font-weight: 400;\" aria-level=\"1\"><span style=\"font-weight: 400;\">An ecosystem that stimulates entrepreneurship, creativity and innovation.<\/span><\/li><li style=\"font-weight: 400;\" aria-level=\"1\"><span style=\"font-weight: 400;\">Continuous and evolving training programs, adapted to the real needs of the market and technological transformations.<\/span><\/li><li style=\"font-weight: 400;\" aria-level=\"1\"><span style=\"font-weight: 400;\">Contributing to the Algeria of tomorrow and to an Africa in the making<\/span><\/li><\/ul><p><span style=\"font-weight: 400;\">By training competent, responsible and committed graduates, ESST actively contributes to:<\/span><\/p><ul><li style=\"font-weight: 400;\" aria-level=\"1\"><span style=\"font-weight: 400;\">To strengthen the national economic, scientific and technological fabric.<\/span><\/li><li style=\"font-weight: 400;\" aria-level=\"1\"><span style=\"font-weight: 400;\">To the emergence of a dynamic and prosperous Africa, driven by its youth and human capital.<\/span><\/li><\/ul><p><span style=\"font-weight: 400;\">ESST: a higher education institution committed to building the future.<\/span><\/p>\t\t\t\t\t\t\t\t<\/div>\n\t\t\t\t<\/div>\n\t\t\t\t<\/div>\n\t\t<div data-particle_enable=\"false\" data-particle-mobile-disabled=\"false\" class=\"elementor-element elementor-element-092880f e-con-full e-flex e-con e-child\" data-id=\"092880f\" data-element_type=\"container\">\n\t\t\t\t<div class=\"elementor-element elementor-element-8051a78 elementor-widget elementor-widget-image\" data-id=\"8051a78\" data-element_type=\"widget\" data-widget_type=\"image.default\">\n\t\t\t\t<div class=\"elementor-widget-container\">\n\t\t\t\t\t\t\t\t\t\t\t\t\t\t\t<img fetchpriority=\"high\" decoding=\"async\" width=\"800\" height=\"534\" src=\"https:\/\/esst.cloud\/wp-content\/uploads\/2025\/11\/SOUTENANCEMASTER-42-of-93-1024x683.jpg\" class=\"attachment-large size-large wp-image-2184\" alt=\"\" srcset=\"https:\/\/esst.cloud\/wp-content\/uploads\/2025\/11\/SOUTENANCEMASTER-42-of-93-1024x683.jpg 1024w, https:\/\/esst.cloud\/wp-content\/uploads\/2025\/11\/SOUTENANCEMASTER-42-of-93-300x200.jpg 300w, https:\/\/esst.cloud\/wp-content\/uploads\/2025\/11\/SOUTENANCEMASTER-42-of-93-768x512.jpg 768w, https:\/\/esst.cloud\/wp-content\/uploads\/2025\/11\/SOUTENANCEMASTER-42-of-93-1536x1024.jpg 1536w, https:\/\/esst.cloud\/wp-content\/uploads\/2025\/11\/SOUTENANCEMASTER-42-of-93-2048x1365.jpg 2048w, https:\/\/esst.cloud\/wp-content\/uploads\/2025\/11\/SOUTENANCEMASTER-42-of-93-18x12.jpg 18w\" sizes=\"(max-width: 800px) 100vw, 800px\" \/>\t\t\t\t\t\t\t\t\t\t\t\t\t\t\t<\/div>\n\t\t\t\t<\/div>\n\t\t\t\t<\/div>\n\t\t\t\t<\/div>\n\t\t<div data-particle_enable=\"false\" data-particle-mobile-disabled=\"false\" class=\"elementor-element elementor-element-e90615f e-con-full e-flex e-con e-child\" data-id=\"e90615f\" data-element_type=\"container\">\n\t\t<div data-particle_enable=\"false\" data-particle-mobile-disabled=\"false\" class=\"elementor-element elementor-element-a56093f e-con-full e-flex e-con e-child\" data-id=\"a56093f\" data-element_type=\"container\" data-settings=\"{&quot;background_background&quot;:&quot;classic&quot;}\">\n\t\t<div data-particle_enable=\"false\" data-particle-mobile-disabled=\"false\" class=\"elementor-element elementor-element-69025e4 e-con-full e-flex e-con e-child\" data-id=\"69025e4\" data-element_type=\"container\">\n\t\t\t\t<div class=\"elementor-element elementor-element-5555313 elementor-widget elementor-widget-image\" data-id=\"5555313\" data-element_type=\"widget\" data-widget_type=\"image.default\">\n\t\t\t\t<div class=\"elementor-widget-container\">\n\t\t\t\t\t\t\t\t\t\t\t\t\t\t\t<img decoding=\"async\" width=\"720\" height=\"480\" src=\"https:\/\/esst.cloud\/wp-content\/uploads\/2025\/07\/ESST-22-of-111-Petit-3.jpg\" class=\"attachment-medium_large size-medium_large wp-image-2051\" alt=\"\" srcset=\"https:\/\/esst.cloud\/wp-content\/uploads\/2025\/07\/ESST-22-of-111-Petit-3.jpg 720w, https:\/\/esst.cloud\/wp-content\/uploads\/2025\/07\/ESST-22-of-111-Petit-3-300x200.jpg 300w, https:\/\/esst.cloud\/wp-content\/uploads\/2025\/07\/ESST-22-of-111-Petit-3-18x12.jpg 18w\" sizes=\"(max-width: 720px) 100vw, 720px\" \/>\t\t\t\t\t\t\t\t\t\t\t\t\t\t\t<\/div>\n\t\t\t\t<\/div>\n\t\t\t\t<\/div>\n\t\t<div data-particle_enable=\"false\" data-particle-mobile-disabled=\"false\" class=\"elementor-element elementor-element-3c6c220 e-con-full e-flex e-con e-child\" data-id=\"3c6c220\" data-element_type=\"container\">\n\t\t\t\t<div class=\"elementor-element elementor-element-a286b48 elementor-widget elementor-widget-heading\" data-id=\"a286b48\" data-element_type=\"widget\" data-widget_type=\"heading.default\">\n\t\t\t\t<div class=\"elementor-widget-container\">\n\t\t\t\t\t<h5 class=\"elementor-heading-title elementor-size-default\">Our Values<\/h5>\t\t\t\t<\/div>\n\t\t\t\t<\/div>\n\t\t\t\t<div class=\"elementor-element elementor-element-5835026 elementor-widget elementor-widget-text-editor\" data-id=\"5835026\" data-element_type=\"widget\" data-widget_type=\"text-editor.default\">\n\t\t\t\t<div class=\"elementor-widget-container\">\n\t\t\t\t\t\t\t\t\t<p>\u00a0<\/p><p><b>Excellence<\/b><\/p><p><span style=\"font-weight: 400;\">Central pillar: it guides education, research and governance, aiming to raise academic and professional standards.<\/span><\/p><p><span style=\"font-weight: 400;\">Three dimensions:<\/span><\/p><p><span style=\"font-weight: 400;\">To deliver quality education,<\/span><\/p><p><span style=\"font-weight: 400;\">Training by developing skills,<\/span><\/p><p><span style=\"font-weight: 400;\">Through excellence achieved through a demanding methodology.<\/span><\/p><p><span style=\"font-weight: 400;\">Challenges: attracting talent, strengthening reputation and contributing to social innovation.<\/span><\/p><p><b>The Opening<\/b><\/p><p><span style=\"font-weight: 400;\">Diversity: respect for cultural, religious and individual differences, promoting an inclusive climate.<\/span><\/p><p><span style=\"font-weight: 400;\">Ethics: a normative framework guaranteeing peaceful interactions, essential in a multicultural environment.<\/span><\/p><p><b>Inclusion<\/b><\/p><p><span style=\"font-weight: 400;\">Accessibility: open to all, regardless of socio-economic status, thanks to scholarships and support mechanisms.<\/span><\/p><p><span style=\"font-weight: 400;\">Social mission: promoting fairness and fighting against discrimination.<\/span><\/p><p><span style=\"font-weight: 400;\">Critical thinking: promoting constructive criticism as a tool for emancipation.<\/span><\/p><p><b>Sharing and teamwork<\/b><\/p><p><span style=\"font-weight: 400;\">Collaborative pedagogy: learning through cross-disciplinary projects and simulations of professional environments.<\/span><\/p><p><span style=\"font-weight: 400;\">Cross-cutting skills: development of communication and soft skills, leadership and teamwork.<\/span><\/p><p><b>Eco-citizenship<\/b><\/p><p><span style=\"font-weight: 400;\">Environmental responsibility: raising awareness of ecological issues (waste sorting, renewable energies).<\/span><\/p><p><span style=\"font-weight: 400;\">Practical approach: integration into curricula and eco-responsible campus management.<\/span><\/p><p><b>Intellectual property<\/b><\/p><p><span style=\"font-weight: 400;\">Academic integrity: zero tolerance for plagiarism, with detection tools and workshops on citation rules.<\/span><\/p><p><span style=\"font-weight: 400;\">Protected innovation: support for research and promotion of original work.<\/span><\/p><p><b>Commitment<\/b><\/p><p><span style=\"font-weight: 400;\">Internal regulations: a clear framework guaranteeing mutual respect and quality of student life.<\/span><\/p><p><span style=\"font-weight: 400;\">Expected involvement: commitment of students and teachers in the application of the institution&#039;s charters and rules.<\/span><\/p>\t\t\t\t\t\t\t\t<\/div>\n\t\t\t\t<\/div>\n\t\t\t\t<\/div>\n\t\t\t\t<\/div>\n\t\t\t\t<\/div>\n\t\t\t\t<\/div>\n\t\t\t\t<div class=\"elementor-element elementor-element-0c14975 elementor-widget elementor-widget-image\" data-id=\"0c14975\" data-element_type=\"widget\" data-widget_type=\"image.default\">\n\t\t\t\t<div class=\"elementor-widget-container\">\n\t\t\t\t\t\t\t\t\t\t\t\t\t\t\t<img decoding=\"async\" width=\"720\" height=\"480\" src=\"https:\/\/esst.cloud\/wp-content\/uploads\/2025\/07\/DSCF4634-Petit.jpg\" class=\"attachment-full size-full wp-image-2002\" alt=\"\" srcset=\"https:\/\/esst.cloud\/wp-content\/uploads\/2025\/07\/DSCF4634-Petit.jpg 720w, https:\/\/esst.cloud\/wp-content\/uploads\/2025\/07\/DSCF4634-Petit-300x200.jpg 300w, https:\/\/esst.cloud\/wp-content\/uploads\/2025\/07\/DSCF4634-Petit-18x12.jpg 18w\" sizes=\"(max-width: 720px) 100vw, 720px\" \/>\t\t\t\t\t\t\t\t\t\t\t\t\t\t\t<\/div>\n\t\t\t\t<\/div>\n\t\t\t\t<div class=\"elementor-element elementor-element-f2cb94b elementor-widget elementor-widget-text-editor\" data-id=\"f2cb94b\" data-element_type=\"widget\" data-widget_type=\"text-editor.default\">\n\t\t\t\t<div class=\"elementor-widget-container\">\n\t\t\t\t\t\t\t\t\t<p><strong>Our Policy: Quality and Continuous Improvement<\/strong><\/p><p>At ESST, we are committed to a\u00a0<strong>demanding quality approach<\/strong>, focused on customer orientation and operational excellence. Our goal?\u00a0<strong>Satisfying all our stakeholders<\/strong>\u00a0\u2014 students, staff, companies, partners and supervisory bodies \u2014 in compliance with standards of ethics, legality, transparency and efficiency.<\/p><p><strong>Students &amp; Businesses: Together for Innovation<\/strong><\/p><p>Join a\u00a0<strong>dynamic ecosystem<\/strong>\u00a0where learning rhymes with employability:<\/p><ul><li>Innovative teaching methods inspired by...<strong>&quot;Active Learning&quot;<\/strong>\u00a0: case studies, collaborative projects, professional simulations.<\/li><li>Training programs tailored to market needs for\u00a0<strong>graduates immediately employable<\/strong>equipped with\u00a0<strong>technical and transversal skills<\/strong>.<\/li><li><strong>Corporate Partnerships<\/strong>\u00a0strengthened for internships, professional integration and the co-construction of programs.<\/li><\/ul><p><strong>\ud83d\udc49<\/strong><strong> Take up the challenge with us and become the talents of tomorrow!<\/strong><\/p><p><strong>ESST Staff: Key Players in Our Success<\/strong><\/p><p>We value your commitment by creating a work environment\u00a0<strong>fulfilling and high-performing<\/strong>\u00a0:<\/p><ul><li><strong>Continuing education<\/strong>\u00a0and personalized support for your professional development.<\/li><li>Culture of the\u00a0<strong>acknowledgement<\/strong>\u00a0and involvement, where every contribution counts.<\/li><li>Investments in your well-being and your work tools.<\/li><\/ul><p><strong>\ud83d\udc49<\/strong><strong> Together, let&#039;s cultivate excellence every day!<\/strong><\/p><p><strong>Partners: Strategic Collaborations<\/strong><\/p><p>Let&#039;s strengthen our synergies to\u00a0<strong>maximize our impact<\/strong>\u00a0:<\/p><ul><li>Strict adherence to commitments and signed agreements.<\/li><li>Development of\u00a0<strong>agreements, joint supervision, double degrees and R&amp;D projects<\/strong>.<\/li><li>Academic and professional mobility for international exposure.<\/li><\/ul><p><strong>\ud83d\udc49<\/strong><strong> Let&#039;s build shared successes!<\/strong><\/p><p><strong>Supervision: Excellence and Compliance<\/strong><\/p><p>We are committed to:<\/p><ul><li>Respect\u00a0<strong>scrupulously<\/strong>\u00a0the regulations in force.<\/li><li>Provide all the\u00a0<strong>cooperation needed<\/strong>\u00a0to meet accreditation requirements.<\/li><li>Implement measures for a\u00a0<strong>certified and sustainable quality<\/strong>.<\/li><\/ul><p><strong>\ud83d\udc49<\/strong><strong> Let&#039;s work hand in hand for the higher education of tomorrow.<\/strong><\/p><p><strong>Our Collective Ambition<\/strong><\/p><p><strong>Exemplary quality, continuous improvement and shared responsibility<\/strong>\u00a0These are our levers for:<\/p><ul><li><strong>Anticipate<\/strong>\u00a0economic and societal challenges.<\/li><li><strong>Innovate<\/strong>\u00a0in our training programs and methods.<\/li><li><strong>Radiate<\/strong>\u00a0at the national and African level.<\/li><\/ul><p><strong>\ud83d\udc49<\/strong><strong> Let&#039;s take on this challenge together \u2014 the future is built today!<\/strong><\/p><p><strong>ESST: Excellence in action, quality in motion.<\/strong><\/p>\t\t\t\t\t\t\t\t<\/div>\n\t\t\t\t<\/div>\n\t\t\t\t\t<\/div>\n\t\t\t\t<\/div>\n\t\t\t\t<\/div>","protected":false},"excerpt":{"rendered":"<p>https:\/\/esst.cloud\/wp-content\/uploads\/2025\/11\/plus-quune-ecole.mp4 L\u2019\u00c9cole Sup\u00e9rieure des Sciences et Technologies (ESST) est le premier \u00e9tablissement universitaire priv\u00e9 en sciences et technologies agr\u00e9\u00e9 par le Minist\u00e8re de l\u2019Enseignement Sup\u00e9rieur et de la Recherche Scientifique (MESRS) en Alg\u00e9rie. Fond\u00e9e en 2019, l\u2019ESST propose des formations acad\u00e9miques et professionnalisantes dans les domaines des Sciences et Technologies (ST), des Sciences de la [&hellip;]<\/p>","protected":false},"author":1,"featured_media":0,"parent":0,"menu_order":0,"comment_status":"closed","ping_status":"closed","template":"elementor_header_footer","meta":{"_eb_attr":"","footnotes":""},"class_list":["post-1348","page","type-page","status-publish","hentry"],"_links":{"self":[{"href":"https:\/\/esst.cloud\/en\/wp-json\/wp\/v2\/pages\/1348","targetHints":{"allow":["GET"]}}],"collection":[{"href":"https:\/\/esst.cloud\/en\/wp-json\/wp\/v2\/pages"}],"about":[{"href":"https:\/\/esst.cloud\/en\/wp-json\/wp\/v2\/types\/page"}],"author":[{"embeddable":true,"href":"https:\/\/esst.cloud\/en\/wp-json\/wp\/v2\/users\/1"}],"replies":[{"embeddable":true,"href":"https:\/\/esst.cloud\/en\/wp-json\/wp\/v2\/comments?post=1348"}],"version-history":[{"count":88,"href":"https:\/\/esst.cloud\/en\/wp-json\/wp\/v2\/pages\/1348\/revisions"}],"predecessor-version":[{"id":2461,"href":"https:\/\/esst.cloud\/en\/wp-json\/wp\/v2\/pages\/1348\/revisions\/2461"}],"wp:attachment":[{"href":"https:\/\/esst.cloud\/en\/wp-json\/wp\/v2\/media?parent=1348"}],"curies":[{"name":"wp","href":"https:\/\/api.w.org\/{rel}","templated":true}]}}