{"id":1192,"date":"2024-10-16T02:38:06","date_gmt":"2024-10-16T02:38:06","guid":{"rendered":"https:\/\/esst.atechcloudz.com\/?page_id=1192"},"modified":"2025-12-31T10:13:38","modified_gmt":"2025-12-31T10:13:38","slug":"licences-chimie","status":"publish","type":"page","link":"https:\/\/esst.cloud\/en\/licences-chimie\/","title":{"rendered":"Chemistry degrees"},"content":{"rendered":"<div data-elementor-type=\"wp-page\" data-elementor-id=\"1192\" class=\"elementor elementor-1192\" data-elementor-post-type=\"page\">\n\t\t\t\t<div data-particle_enable=\"false\" data-particle-mobile-disabled=\"false\" class=\"elementor-element elementor-element-233c57c e-con-full e-flex e-con e-parent\" data-id=\"233c57c\" data-element_type=\"container\" data-settings=\"{&quot;background_background&quot;:&quot;classic&quot;}\">\n\t\t<div data-particle_enable=\"false\" data-particle-mobile-disabled=\"false\" class=\"elementor-element elementor-element-5a500d2 e-flex e-con-boxed e-con e-child\" data-id=\"5a500d2\" data-element_type=\"container\" data-settings=\"{&quot;background_background&quot;:&quot;classic&quot;}\">\n\t\t\t\t\t<div class=\"e-con-inner\">\n\t\t\t\t<div class=\"elementor-element elementor-element-c5ace77 elementor-widget elementor-widget-spacer\" data-id=\"c5ace77\" data-element_type=\"widget\" data-widget_type=\"spacer.default\">\n\t\t\t\t<div class=\"elementor-widget-container\">\n\t\t\t\t\t\t\t<div class=\"elementor-spacer\">\n\t\t\t<div class=\"elementor-spacer-inner\"><\/div>\n\t\t<\/div>\n\t\t\t\t\t\t<\/div>\n\t\t\t\t<\/div>\n\t\t\t\t\t<\/div>\n\t\t\t\t<\/div>\n\t\t\t\t<\/div>\n\t\t<div data-particle_enable=\"false\" data-particle-mobile-disabled=\"false\" class=\"elementor-element elementor-element-016e138 e-flex e-con-boxed e-con e-parent\" data-id=\"016e138\" data-element_type=\"container\">\n\t\t\t\t\t<div class=\"e-con-inner\">\n\t\t<div data-particle_enable=\"false\" data-particle-mobile-disabled=\"false\" class=\"elementor-element elementor-element-f2ecdeb e-con-full e-flex e-con e-child\" data-id=\"f2ecdeb\" data-element_type=\"container\">\n\t\t<div data-particle_enable=\"false\" data-particle-mobile-disabled=\"false\" class=\"elementor-element elementor-element-8a34a5b e-con-full e-flex e-con e-child\" data-id=\"8a34a5b\" data-element_type=\"container\" data-settings=\"{&quot;background_background&quot;:&quot;classic&quot;}\">\n\t\t<div data-particle_enable=\"false\" data-particle-mobile-disabled=\"false\" class=\"elementor-element elementor-element-092880f e-con-full e-flex e-con e-child\" data-id=\"092880f\" data-element_type=\"container\">\n\t\t\t\t<div class=\"elementor-element elementor-element-8051a78 elementor-widget elementor-widget-image\" data-id=\"8051a78\" data-element_type=\"widget\" data-widget_type=\"image.default\">\n\t\t\t\t<div class=\"elementor-widget-container\">\n\t\t\t\t\t\t\t\t\t\t\t\t\t\t\t<img fetchpriority=\"high\" decoding=\"async\" width=\"768\" height=\"576\" src=\"https:\/\/esst.cloud\/wp-content\/uploads\/2025\/11\/20250520_113353-768x576.jpg\" class=\"attachment-medium_large size-medium_large wp-image-2227\" alt=\"\" srcset=\"https:\/\/esst.cloud\/wp-content\/uploads\/2025\/11\/20250520_113353-768x576.jpg 768w, https:\/\/esst.cloud\/wp-content\/uploads\/2025\/11\/20250520_113353-300x225.jpg 300w, https:\/\/esst.cloud\/wp-content\/uploads\/2025\/11\/20250520_113353-1024x768.jpg 1024w, https:\/\/esst.cloud\/wp-content\/uploads\/2025\/11\/20250520_113353-1536x1152.jpg 1536w, https:\/\/esst.cloud\/wp-content\/uploads\/2025\/11\/20250520_113353-2048x1536.jpg 2048w, https:\/\/esst.cloud\/wp-content\/uploads\/2025\/11\/20250520_113353-16x12.jpg 16w\" sizes=\"(max-width: 768px) 100vw, 768px\" \/>\t\t\t\t\t\t\t\t\t\t\t\t\t\t\t<\/div>\n\t\t\t\t<\/div>\n\t\t\t\t<\/div>\n\t\t<div data-particle_enable=\"false\" data-particle-mobile-disabled=\"false\" class=\"elementor-element elementor-element-305e80e e-con-full e-flex e-con e-child\" data-id=\"305e80e\" data-element_type=\"container\">\n\t\t\t\t<div class=\"elementor-element elementor-element-57ef4d5 elementor-widget elementor-widget-text-editor\" data-id=\"57ef4d5\" data-element_type=\"widget\" data-widget_type=\"text-editor.default\">\n\t\t\t\t<div class=\"elementor-widget-container\">\n\t\t\t\t\t\t\t\t\t<p><strong>Bachelor&#039;s Degree in Chemistry<\/strong><\/p>\n<p>Within the LMD system, the Bachelor of Science in Materials Science provides a solid foundation in chemistry while integrating computer tools and artificial intelligence. This degree offers two specializations: Pharmaceutical Chemistry and Analytical Chemistry.<\/p>\t\t\t\t\t\t\t\t<\/div>\n\t\t\t\t<\/div>\n\t\t\t\t<\/div>\n\t\t\t\t<\/div>\n\t\t<div data-particle_enable=\"false\" data-particle-mobile-disabled=\"false\" class=\"elementor-element elementor-element-b21fdd2 e-con-full e-flex e-con e-child\" data-id=\"b21fdd2\" data-element_type=\"container\" data-settings=\"{&quot;background_background&quot;:&quot;classic&quot;}\">\n\t\t<div data-particle_enable=\"false\" data-particle-mobile-disabled=\"false\" class=\"elementor-element elementor-element-6175c24 e-grid e-con-full e-con e-child\" data-id=\"6175c24\" data-element_type=\"container\">\n\t\t\t\t<div class=\"elementor-element elementor-element-9e8eeee ekit-equal-height-enable elementor-widget elementor-widget-elementskit-icon-box\" data-id=\"9e8eeee\" data-element_type=\"widget\" data-widget_type=\"elementskit-icon-box.default\">\n\t\t\t\t<div class=\"elementor-widget-container\">\n\t\t\t\t\t<div class=\"ekit-wid-con\" >        <!-- link opening -->\n                <!-- end link opening -->\n\n        <div class=\"elementskit-infobox text-left text- icon-lef-right-aligin elementor-animation-\">\n                            <div class=\"elementskit-box-header\">\n                <div class=\"elementskit-info-box-icon text-center\">\n                    <img decoding=\"async\" src=\"\" title=\"\" alt=\"\" class=\"\" \/>                <\/div>\n          <\/div>\n                <div class=\"box-body\">\n                            <h1 class=\"elementskit-info-box-title\">\n                    Pharmaceutical Chemistry Degree                <\/h1>\n                        \t\t  \t<p>The aim of the pharmaceutical chemistry degree is to train future managers for pharmaceutical companies and laboratories, ensuring their mastery of synthesis methods as well as techniques for characterizing molecules involved in the manufacture and quality control of medicines.<\/p>\n                                        <div class=\"box-footer disable_hover_button\">\n                    <div class=\"btn-wraper\">\n                                                            <a class=\"elementskit-btn whitespace--normal\" href=\"#\">\n                                        <svg xmlns=\"http:\/\/www.w3.org\/2000\/svg\" width=\"93\" height=\"2\" viewbox=\"0 0 93 2\" fill=\"none\"><path d=\"M93 0.110107H0V1.11011H93V0.110107Z\" fill=\"black\"><\/path><\/svg>                                        See more                                    <\/a>\n                                                        <\/div>\n                <\/div>\n                    <\/div>\n        \n        \n                <\/div>\n        <\/div>\t\t\t\t<\/div>\n\t\t\t\t<\/div>\n\t\t\t\t<div class=\"elementor-element elementor-element-be2462a ekit-equal-height-enable elementor-widget elementor-widget-elementskit-icon-box\" data-id=\"be2462a\" data-element_type=\"widget\" data-widget_type=\"elementskit-icon-box.default\">\n\t\t\t\t<div class=\"elementor-widget-container\">\n\t\t\t\t\t<div class=\"ekit-wid-con\" >        <!-- link opening -->\n                <!-- end link opening -->\n\n        <div class=\"elementskit-infobox text-left text- icon-lef-right-aligin elementor-animation-\">\n                            <div class=\"elementskit-box-header\">\n                <div class=\"elementskit-info-box-icon text-center\">\n                    <img decoding=\"async\" src=\"\" title=\"\" alt=\"\" class=\"\" \/>                <\/div>\n          <\/div>\n                <div class=\"box-body\">\n                            <h1 class=\"elementskit-info-box-title\">\n                    ANALYTICAL CHEMISTRY DEGREE                <\/h1>\n                        \t\t  \t<p>The analytical chemistry degree aims to train students competent in analytical sciences within a multidisciplinary context. These students are intended to integrate easily into quality control laboratories, both public and private.<\/p>\n                                        <div class=\"box-footer disable_hover_button\">\n                    <div class=\"btn-wraper\">\n                                                            <a class=\"elementskit-btn whitespace--normal\" href=\"#\">\n                                        <svg xmlns=\"http:\/\/www.w3.org\/2000\/svg\" width=\"93\" height=\"2\" viewbox=\"0 0 93 2\" fill=\"none\"><path d=\"M93 0.110107H0V1.11011H93V0.110107Z\" fill=\"black\"><\/path><\/svg>                                        See more                                    <\/a>\n                                                        <\/div>\n                <\/div>\n                    <\/div>\n        \n        \n                <\/div>\n        <\/div>\t\t\t\t<\/div>\n\t\t\t\t<\/div>\n\t\t\t\t<\/div>\n\t\t\t\t<\/div>\n\t\t\t\t<\/div>\n\t\t\t\t\t<\/div>\n\t\t\t\t<\/div>\n\t\t<div data-particle_enable=\"false\" data-particle-mobile-disabled=\"false\" class=\"elementor-element elementor-element-dd566fd e-con-full e-flex e-con e-parent\" data-id=\"dd566fd\" data-element_type=\"container\">\n\t\t<div data-particle_enable=\"false\" data-particle-mobile-disabled=\"false\" class=\"elementor-element elementor-element-8fb1768 e-con-full e-flex e-con e-child\" data-id=\"8fb1768\" data-element_type=\"container\" data-settings=\"{&quot;background_background&quot;:&quot;classic&quot;}\">\n\t\t<div data-particle_enable=\"false\" data-particle-mobile-disabled=\"false\" class=\"elementor-element elementor-element-730f930 e-grid e-con-full e-con e-child\" data-id=\"730f930\" data-element_type=\"container\">\n\t\t\t\t<div class=\"elementor-element elementor-element-cbc29c6 ekit-equal-height-enable elementor-widget elementor-widget-elementskit-icon-box\" data-id=\"cbc29c6\" data-element_type=\"widget\" data-widget_type=\"elementskit-icon-box.default\">\n\t\t\t\t<div class=\"elementor-widget-container\">\n\t\t\t\t\t<div class=\"ekit-wid-con\" >        <!-- link opening -->\n                <a href=\"#\" class=\"ekit_global_links\">\n                <!-- end link opening -->\n\n        <div class=\"elementskit-infobox text-left text-left icon-top-align elementor-animation-\">\n                            <div class=\"elementskit-box-header\">\n                <div class=\"elementskit-info-box-icon\">\n                    <img decoding=\"async\" width=\"148\" height=\"148\" src=\"https:\/\/esst.cloud\/wp-content\/uploads\/2024\/10\/Ellipse-1.png\" class=\"attachment- size-\" alt=\"\" srcset=\"https:\/\/esst.cloud\/wp-content\/uploads\/2024\/10\/Ellipse-1.png 148w, https:\/\/esst.cloud\/wp-content\/uploads\/2024\/10\/Ellipse-1-100x100.png 100w\" sizes=\"(max-width: 148px) 100vw, 148px\" \/>                <\/div>\n          <\/div>\n                <div class=\"box-body\">\n                            <h1 class=\"elementskit-info-box-title\">\n                    ACCESS CERTIFICATE                <\/h1>\n                        \t\t  \t<p>This program is open to holders of the following baccalaureate degrees: M, TM, S and equivalents. Direct entry into the second year is possible based on application review.<\/p>\n                                <\/div>\n        \n        \n                <\/div>\n                <\/a>\n        <\/div>\t\t\t\t<\/div>\n\t\t\t\t<\/div>\n\t\t\t\t<div class=\"elementor-element elementor-element-bc25a80 ekit-equal-height-enable elementor-widget elementor-widget-elementskit-icon-box\" data-id=\"bc25a80\" data-element_type=\"widget\" data-widget_type=\"elementskit-icon-box.default\">\n\t\t\t\t<div class=\"elementor-widget-container\">\n\t\t\t\t\t<div class=\"ekit-wid-con\" >        <!-- link opening -->\n                <a href=\"#\" class=\"ekit_global_links\">\n                <!-- end link opening -->\n\n        <div class=\"elementskit-infobox text-left text-left icon-top-align elementor-animation-\">\n                            <div class=\"elementskit-box-header\">\n                <div class=\"elementskit-info-box-icon\">\n                    <img decoding=\"async\" width=\"148\" height=\"148\" src=\"https:\/\/esst.cloud\/wp-content\/uploads\/2024\/10\/Ellipse-1.png\" class=\"attachment- size-\" alt=\"\" srcset=\"https:\/\/esst.cloud\/wp-content\/uploads\/2024\/10\/Ellipse-1.png 148w, https:\/\/esst.cloud\/wp-content\/uploads\/2024\/10\/Ellipse-1-100x100.png 100w\" sizes=\"(max-width: 148px) 100vw, 148px\" \/>                <\/div>\n          <\/div>\n                <div class=\"box-body\">\n                            <h1 class=\"elementskit-info-box-title\">\n                    DURATION OF TRAINING                <\/h1>\n                        \t\t  \t<p>This bachelor&#039;s degree program lasts three years in accordance with the LMD system. Throughout the bachelor&#039;s degree program, the student gradually specializes.<\/p>\n                                <\/div>\n        \n        \n                <\/div>\n                <\/a>\n        <\/div>\t\t\t\t<\/div>\n\t\t\t\t<\/div>\n\t\t\t\t<\/div>\n\t\t\t\t<\/div>\n\t\t\t\t<\/div>\n\t\t<div data-particle_enable=\"false\" data-particle-mobile-disabled=\"false\" class=\"elementor-element elementor-element-a58fc52 e-flex e-con-boxed e-con e-parent\" data-id=\"a58fc52\" data-element_type=\"container\">\n\t\t\t\t\t<div class=\"e-con-inner\">\n\t\t<div data-particle_enable=\"false\" data-particle-mobile-disabled=\"false\" class=\"elementor-element elementor-element-c6d00f8 e-con-full e-flex e-con e-child\" data-id=\"c6d00f8\" data-element_type=\"container\">\n\t\t<div data-particle_enable=\"false\" data-particle-mobile-disabled=\"false\" class=\"elementor-element elementor-element-b4229ea e-con-full e-flex e-con e-child\" data-id=\"b4229ea\" data-element_type=\"container\">\n\t\t<div data-particle_enable=\"false\" data-particle-mobile-disabled=\"false\" class=\"elementor-element elementor-element-cd66357 e-con-full e-flex e-con e-child\" data-id=\"cd66357\" data-element_type=\"container\" data-settings=\"{&quot;background_background&quot;:&quot;classic&quot;}\">\n\t\t<div data-particle_enable=\"false\" data-particle-mobile-disabled=\"false\" class=\"elementor-element elementor-element-aea4cba e-con-full e-flex e-con e-child\" data-id=\"aea4cba\" data-element_type=\"container\">\n\t\t\t\t<div class=\"elementor-element elementor-element-e157510 elementor-widget elementor-widget-image\" data-id=\"e157510\" data-element_type=\"widget\" data-widget_type=\"image.default\">\n\t\t\t\t<div class=\"elementor-widget-container\">\n\t\t\t\t\t\t\t\t\t\t\t\t\t\t\t<img decoding=\"async\" width=\"768\" height=\"575\" src=\"https:\/\/esst.cloud\/wp-content\/uploads\/2025\/11\/esst-471-768x575.jpg\" class=\"attachment-medium_large size-medium_large wp-image-2244\" alt=\"\" srcset=\"https:\/\/esst.cloud\/wp-content\/uploads\/2025\/11\/esst-471-768x575.jpg 768w, https:\/\/esst.cloud\/wp-content\/uploads\/2025\/11\/esst-471-300x225.jpg 300w, https:\/\/esst.cloud\/wp-content\/uploads\/2025\/11\/esst-471-1024x767.jpg 1024w, https:\/\/esst.cloud\/wp-content\/uploads\/2025\/11\/esst-471-1536x1151.jpg 1536w, https:\/\/esst.cloud\/wp-content\/uploads\/2025\/11\/esst-471-16x12.jpg 16w, https:\/\/esst.cloud\/wp-content\/uploads\/2025\/11\/esst-471.jpg 2048w\" sizes=\"(max-width: 768px) 100vw, 768px\" \/>\t\t\t\t\t\t\t\t\t\t\t\t\t\t\t<\/div>\n\t\t\t\t<\/div>\n\t\t\t\t<\/div>\n\t\t<div data-particle_enable=\"false\" data-particle-mobile-disabled=\"false\" class=\"elementor-element elementor-element-f9540f6 e-con-full e-flex e-con e-child\" data-id=\"f9540f6\" data-element_type=\"container\">\n\t\t\t\t<div class=\"elementor-element elementor-element-3a846a4 elementor-widget elementor-widget-heading\" data-id=\"3a846a4\" data-element_type=\"widget\" data-widget_type=\"heading.default\">\n\t\t\t\t<div class=\"elementor-widget-container\">\n\t\t\t\t\t<h5 class=\"elementor-heading-title elementor-size-default\">General organization of the training<\/h5>\t\t\t\t<\/div>\n\t\t\t\t<\/div>\n\t\t\t\t<div class=\"elementor-element elementor-element-d6e0302 elementor-widget elementor-widget-text-editor\" data-id=\"d6e0302\" data-element_type=\"widget\" data-widget_type=\"text-editor.default\">\n\t\t\t\t<div class=\"elementor-widget-container\">\n\t\t\t\t\t\t\t\t\t<p>\u00a0<\/p><p>The courses in the first and second years (L1 and L2) are designed to provide students with a solid foundation in chemistry and to develop their autonomy through the acquisition of transversal skills (methodology, expression, general culture, etc.) as well as skills in languages and computer tools.<br \/>In the third year (L3), students specialize and consolidate a theoretical, methodological and technical foundation in chemistry, and complete their training with a project, which will be carried out in a professional or academic setting.<br \/>Opportunities for international exchange semesters.<\/p>\t\t\t\t\t\t\t\t<\/div>\n\t\t\t\t<\/div>\n\t\t\t\t<\/div>\n\t\t\t\t<\/div>\n\t\t\t\t<\/div>\n\t\t<div data-particle_enable=\"false\" data-particle-mobile-disabled=\"false\" class=\"elementor-element elementor-element-b9ac3ca e-con-full e-flex e-con e-child\" data-id=\"b9ac3ca\" data-element_type=\"container\">\n\t\t<div data-particle_enable=\"false\" data-particle-mobile-disabled=\"false\" class=\"elementor-element elementor-element-02071ad e-con-full e-flex e-con e-child\" data-id=\"02071ad\" data-element_type=\"container\" data-settings=\"{&quot;background_background&quot;:&quot;classic&quot;}\">\n\t\t<div data-particle_enable=\"false\" data-particle-mobile-disabled=\"false\" class=\"elementor-element elementor-element-cb7180e e-con-full e-flex e-con e-child\" data-id=\"cb7180e\" data-element_type=\"container\">\n\t\t\t\t<div class=\"elementor-element elementor-element-8573f89 elementor-widget elementor-widget-heading\" data-id=\"8573f89\" data-element_type=\"widget\" data-widget_type=\"heading.default\">\n\t\t\t\t<div class=\"elementor-widget-container\">\n\t\t\t\t\t<h5 class=\"elementor-heading-title elementor-size-default\">Sectors of activity and career opportunities<\/h5>\t\t\t\t<\/div>\n\t\t\t\t<\/div>\n\t\t\t\t<div class=\"elementor-element elementor-element-e5730b5 elementor-widget elementor-widget-text-editor\" data-id=\"e5730b5\" data-element_type=\"widget\" data-widget_type=\"text-editor.default\">\n\t\t\t\t<div class=\"elementor-widget-container\">\n\t\t\t\t\t\t\t\t\t<p><strong>PHARMACEUTICAL CHEMISTRY COURSE<\/strong><br \/>Training in this field allows students to pursue their studies at the master level and offers them career opportunities in drug testing laboratories or throughout the pharmaceutical industry.<\/p><p><strong>ANALYTICAL CHEMISTRY PATHWAY<\/strong><br \/>Training in this field allows students to pursue their studies at the Master level and offers them career opportunities in the agri-food industry, the environment or in all chemical industries.<br \/>For both programs, there is the possibility of continuing studies at the Master&#039;s and Doctoral levels.<\/p>\t\t\t\t\t\t\t\t<\/div>\n\t\t\t\t<\/div>\n\t\t\t\t<\/div>\n\t\t<div data-particle_enable=\"false\" data-particle-mobile-disabled=\"false\" class=\"elementor-element elementor-element-c6e5cd4 e-con-full e-flex e-con e-child\" data-id=\"c6e5cd4\" data-element_type=\"container\">\n\t\t\t\t<div class=\"elementor-element elementor-element-62694c8 elementor-widget elementor-widget-image\" data-id=\"62694c8\" data-element_type=\"widget\" data-widget_type=\"image.default\">\n\t\t\t\t<div class=\"elementor-widget-container\">\n\t\t\t\t\t\t\t\t\t\t\t\t\t\t\t<img loading=\"lazy\" decoding=\"async\" width=\"768\" height=\"575\" src=\"https:\/\/esst.cloud\/wp-content\/uploads\/2025\/11\/esst-462-768x575.jpg\" class=\"attachment-medium_large size-medium_large wp-image-2239\" alt=\"\" srcset=\"https:\/\/esst.cloud\/wp-content\/uploads\/2025\/11\/esst-462-768x575.jpg 768w, https:\/\/esst.cloud\/wp-content\/uploads\/2025\/11\/esst-462-300x225.jpg 300w, https:\/\/esst.cloud\/wp-content\/uploads\/2025\/11\/esst-462-1024x767.jpg 1024w, https:\/\/esst.cloud\/wp-content\/uploads\/2025\/11\/esst-462-1536x1151.jpg 1536w, https:\/\/esst.cloud\/wp-content\/uploads\/2025\/11\/esst-462-16x12.jpg 16w, https:\/\/esst.cloud\/wp-content\/uploads\/2025\/11\/esst-462.jpg 2048w\" sizes=\"(max-width: 768px) 100vw, 768px\" \/>\t\t\t\t\t\t\t\t\t\t\t\t\t\t\t<\/div>\n\t\t\t\t<\/div>\n\t\t\t\t<\/div>\n\t\t\t\t<\/div>\n\t\t\t\t<\/div>\n\t\t\t\t<\/div>\n\t\t\t\t\t<\/div>\n\t\t\t\t<\/div>\n\t\t\t\t<\/div>","protected":false},"excerpt":{"rendered":"<p>LICENCE EN CHIMIE Dans les cursus du LMD, la licence Sciences de la Mati\u00e8re apporte une solide formation en chimie tout en y int\u00e9grant les outils informatiques et l&rsquo;intelligence artificielle. Cette licence comporte deux sp\u00e9cialit\u00e9s :&nbsp;Parcours chimie pharmaceutique&nbsp;&amp;&nbsp;Parcours chimie analytique. LICENCE CHIMIE PHARMACEUTIQUE La licence en chimie pharmaceutique a pour objectif de former de futurs [&hellip;]<\/p>","protected":false},"author":1,"featured_media":0,"parent":0,"menu_order":0,"comment_status":"closed","ping_status":"closed","template":"","meta":{"_eb_attr":"","footnotes":""},"class_list":["post-1192","page","type-page","status-publish","hentry"],"_links":{"self":[{"href":"https:\/\/esst.cloud\/en\/wp-json\/wp\/v2\/pages\/1192","targetHints":{"allow":["GET"]}}],"collection":[{"href":"https:\/\/esst.cloud\/en\/wp-json\/wp\/v2\/pages"}],"about":[{"href":"https:\/\/esst.cloud\/en\/wp-json\/wp\/v2\/types\/page"}],"author":[{"embeddable":true,"href":"https:\/\/esst.cloud\/en\/wp-json\/wp\/v2\/users\/1"}],"replies":[{"embeddable":true,"href":"https:\/\/esst.cloud\/en\/wp-json\/wp\/v2\/comments?post=1192"}],"version-history":[{"count":31,"href":"https:\/\/esst.cloud\/en\/wp-json\/wp\/v2\/pages\/1192\/revisions"}],"predecessor-version":[{"id":2500,"href":"https:\/\/esst.cloud\/en\/wp-json\/wp\/v2\/pages\/1192\/revisions\/2500"}],"wp:attachment":[{"href":"https:\/\/esst.cloud\/en\/wp-json\/wp\/v2\/media?parent=1192"}],"curies":[{"name":"wp","href":"https:\/\/api.w.org\/{rel}","templated":true}]}}