{"id":832,"date":"2024-09-23T00:47:29","date_gmt":"2024-09-23T00:47:29","guid":{"rendered":"https:\/\/esst.atechcloudz.com\/?page_id=832"},"modified":"2026-01-01T15:29:00","modified_gmt":"2026-01-01T15:29:00","slug":"condidature","status":"publish","type":"page","link":"https:\/\/esst.cloud\/ar\/condidature\/","title":{"rendered":""},"content":{"rendered":"<div data-elementor-type=\"wp-page\" data-elementor-id=\"832\" class=\"elementor elementor-832\" data-elementor-post-type=\"page\">\n\t\t\t\t<div data-particle_enable=\"false\" data-particle-mobile-disabled=\"false\" class=\"elementor-element elementor-element-adba48c e-flex e-con-boxed e-con e-parent\" data-id=\"adba48c\" data-element_type=\"container\">\n\t\t\t\t\t<div class=\"e-con-inner\">\n\t\t\t\t<div class=\"elementor-element elementor-element-6c94d69 elementor-widget elementor-widget-shortcode\" data-id=\"6c94d69\" data-element_type=\"widget\" data-widget_type=\"shortcode.default\">\n\t\t\t\t<div class=\"elementor-widget-container\">\n\t\t\t\t\t\t\t<div class=\"elementor-shortcode\"><div class=\"frm_forms  with_frm_style frm_style_style-formidable\" id=\"frm_form_3_container\" data-token=\"57fbee9d3a1be96aeb2d7a898313297e\">\n<form enctype=\"multipart\/form-data\" method=\"post\" class=\"frm-show-form  frm_pro_form\" id=\"form_college-application\" data-token=\"57fbee9d3a1be96aeb2d7a898313297e\" action=\"\">\n<div class=\"frm_form_fields  frm_page_num_1\">\n<fieldset>\n<legend class=\"frm_screen_reader\">\u062a\u0631\u0634\u064a\u062d<\/legend>\r\n\r\n<div class=\"frm_fields_container\">\n<input type=\"hidden\" name=\"frm_action\" value=\"create\" \/>\n<input type=\"hidden\" name=\"form_id\" value=\"3\" \/>\n<input type=\"hidden\" name=\"frm_hide_fields_3\" id=\"frm_hide_fields_3\" value=\"\" \/>\n<input type=\"hidden\" name=\"form_key\" value=\"college-application\" \/>\n<input type=\"hidden\" name=\"item_meta[0]\" value=\"\" \/>\n<input type=\"hidden\" id=\"frm_submit_entry_3\" name=\"frm_submit_entry_3\" value=\"6a38678e73\" \/><input type=\"hidden\" name=\"_wp_http_referer\" value=\"\/ar\/wp-json\/wp\/v2\/pages\/832\" \/><div id=\"frm_field_21_container\" class=\"frm_form_field  frm_html_container form-field\">\n<h1 class=\"av-special-heading-tag\">\u0642\u062f\u0651\u0645 \u0637\u0644\u0628\u0643 \u0639\u0646 \u0637\u0631\u064a\u0642 \u0645\u0644\u0621 \u0647\u0630\u0627 \u0627\u0644\u0646\u0645\u0648\u0630\u062c<\/h1>\n<\/div>\n<div id=\"frm_field_8_container\" class=\"frm_form_field form-field  frm_required_field frm_top_container frm_first frm_half\">\r\n    <label for=\"field_ggr6s\" id=\"field_ggr6s_label\" class=\"frm_primary_label\">\u0627\u0644\u0627\u0633\u0645 \u0627\u0644\u0623\u0648\u0644\r\n        <span class=\"frm_required\">*<\/span>\r\n    <\/label>\r\n    <input  type=\"text\" id=\"field_ggr6s\" name=\"item_meta[8]\" value=\"\"  data-reqmsg=\"Prenom ne peut pas \u00eatre vide.\" aria-required=\"true\" data-invmsg=\"Text is invalid\" aria-invalid=\"false\"   \/>\r\n    \r\n    \r\n<\/div>\n<div id=\"frm_field_9_container\" class=\"frm_form_field form-field  frm_required_field frm_hidden_container frm_half\">\r\n    <label for=\"field_t2gja\" id=\"field_t2gja_label\" class=\"frm_primary_label\">\u0627\u0633\u0645\r\n        <span class=\"frm_required\">*<\/span>\r\n    <\/label>\r\n    <input  type=\"text\" id=\"field_t2gja\" name=\"item_meta[9]\" value=\"\"  data-reqmsg=\"Nom ne peut pas \u00eatre vide.\" aria-required=\"true\" data-invmsg=\"Text is invalid\" aria-invalid=\"false\"   \/>\r\n    \r\n    \r\n<\/div>\n<div id=\"frm_field_93_container\" class=\"frm_form_field form-field  frm_required_field frm_top_container frm6 frm_first\">\r\n\t<label for=\"field_3r5iu\" id=\"field_3r5iu_label\" class=\"frm_primary_label\">\u062a\u0627\u0631\u064a\u062e \u0627\u0644\u0645\u064a\u0644\u0627\u062f\r\n\t\t<span class=\"frm_required\" aria-hidden=\"true\">*<\/span>\r\n\t<\/label>\r\n\t<input type=\"text\" id=\"field_3r5iu\" name=\"item_meta[93]\" value=\"\"  maxlength=\"10\" data-reqmsg=\"Date de naissance ne peut pas \u00eatre vide.\" aria-required=\"true\" data-invmsg=\"Date de naissance est non valide\" class=\"frm_date\" aria-invalid=\"false\"  \/>\r\n\t\r\n\t\r\n<\/div>\n<div id=\"frm_field_94_container\" class=\"frm_form_field form-field  frm_required_field frm_top_container frm6\">\r\n\t<label for=\"field_qnavz\" id=\"field_qnavz_label\" class=\"frm_primary_label\">\u0645\u0643\u0627\u0646 \u0627\u0644\u0645\u064a\u0644\u0627\u062f\r\n\t\t<span class=\"frm_required\" aria-hidden=\"true\">*<\/span>\r\n\t<\/label>\r\n\t<input  type=\"text\" id=\"field_qnavz\" name=\"item_meta[94]\" value=\"\"  data-reqmsg=\"Lieu de naissance ne peut pas \u00eatre vide.\" aria-required=\"true\" data-invmsg=\"Lieu de naissance est non valide\" aria-invalid=\"false\"   \/>\r\n\t\r\n\t\r\n<\/div>\n<div id=\"frm_field_10_container\" class=\"frm_form_field form-field  frm_required_field frm_top_container\">\r\n    <div id=\"field_ljayj_label\" class=\"frm_primary_label\">\u0639\u0646\u0648\u0627\u0646\r\n        <span class=\"frm_required\">*<\/span>\r\n    <\/div>\r\n    <fieldset aria-labelledby=\"field_ljayj_label\">\n<legend class=\"frm_screen_reader frm_hidden\">\n\t\u0639\u0646\u0648\u0627\u0646<\/legend>\n<div class=\"frm_combo_inputs_container\">\n<div id=\"frm_field_10-line1_container\" class=\"frm_form_field form-field\">\n\t<label for=\"field_ljayj_line1\" class=\"frm_screen_reader frm_hidden\">\n\t\t\u0639\u0646\u0648\u0627\u0646\t<\/label>\n\t\t<input type=\"text\" id=\"field_ljayj_line1\" value=\"\" name=\"item_meta[10][line1]\"  data-reqmsg=\"Adresse ne peut pas \u00eatre vide.\" aria-required=\"true\" data-invmsg=\"Adresse is invalid\" aria-invalid=\"false\"   autocomplete=\"address-line1\" \/>\n\t<\/div>\n<div id=\"frm_field_10-line2_container\" class=\"frm_form_field form-field\">\n\t<label for=\"field_ljayj_line2\" class=\"frm_screen_reader frm_hidden\">\n\t\t\u0639\u0646\u0648\u0627\u0646\t<\/label>\n\t\t<input type=\"text\" id=\"field_ljayj_line2\" value=\"\" name=\"item_meta[10][line2]\"  data-reqmsg=\"Adresse ne peut pas \u00eatre vide.\" aria-required=\"true\" data-invmsg=\"Adresse is invalid\" class=\"frm_optional\" aria-invalid=\"false\"   autocomplete=\"address-line2\" \/>\n\t<\/div>\n<div id=\"frm_field_10-city_container\" class=\"frm_form_field form-field frm_third frm_first\">\n\t<label for=\"field_ljayj_city\" class=\"frm_screen_reader frm_hidden\">\n\t\t\u0645\u062f\u064a\u0646\u0629\t<\/label>\n\t\t<input type=\"text\" id=\"field_ljayj_city\" value=\"\" name=\"item_meta[10][city]\"  data-reqmsg=\"Adresse ne peut pas \u00eatre vide.\" aria-required=\"true\" data-invmsg=\"Adresse is invalid\" aria-invalid=\"false\"   autocomplete=\"address-level2\" \/>\n\t<div class=\"frm_description\">\u0645\u062f\u064a\u0646\u0629<\/div><\/div>\n<div id=\"frm_field_10-state_container\" class=\"frm_form_field form-field frm_third\">\n\t<label for=\"field_ljayj_state\" class=\"frm_screen_reader frm_hidden\">\n\t\t\u0648\u0644\u0627\u064a\u0629\t<\/label>\n\t\t<input type=\"text\" id=\"field_ljayj_state\" value=\"\" name=\"item_meta[10][state]\"  data-reqmsg=\"Adresse ne peut pas \u00eatre vide.\" aria-required=\"true\" data-invmsg=\"Adresse is invalid\" aria-invalid=\"false\"   autocomplete=\"address-level1\" \/>\n\t<div class=\"frm_description\">\u0648\u0644\u0627\u064a\u0629<\/div><\/div>\n<div id=\"frm_field_10-zip_container\" class=\"frm_form_field form-field frm_third\">\n\t<label for=\"field_ljayj_zip\" class=\"frm_screen_reader frm_hidden\">\n\t\t\u0631\u0645\u0632 \u0628\u0631\u064a\u062f\u064a\t<\/label>\n\t\t<input type=\"text\" id=\"field_ljayj_zip\" value=\"\" name=\"item_meta[10][zip]\"  data-reqmsg=\"Adresse ne peut pas \u00eatre vide.\" aria-required=\"true\" data-invmsg=\"Adresse is invalid\" aria-invalid=\"false\"   autocomplete=\"postal-code\" \/>\n\t<div class=\"frm_description\">\u0631\u0645\u0632 \u0628\u0631\u064a\u062f\u064a<\/div><\/div>\n<div id=\"frm_field_10-state_abbreviation_container\" class=\"frm_form_field form-field\">\n\t<label for=\"field_ljayj_state_abbreviation\" class=\"frm_screen_reader frm_hidden\">\n\t\t\u0639\u0646\u0648\u0627\u0646\t<\/label>\n\t\t<input type=\"hidden\" id=\"field_ljayj_state_abbreviation\" value=\"\" name=\"item_meta[10][state_abbreviation]\"  data-reqmsg=\"Adresse ne peut pas \u00eatre vide.\" aria-required=\"true\" data-invmsg=\"Adresse is invalid\" class=\"frm_optional\" aria-invalid=\"false\"   \/>\n\t<\/div>\n<\/div>\n<\/fieldset>\n\r\n    \r\n    \r\n<\/div>\n<div id=\"frm_field_11_container\" class=\"frm_form_field form-field  frm_required_field frm_top_container frm6 frm_first\">\r\n    <label for=\"field_xgfym\" id=\"field_xgfym_label\" class=\"frm_primary_label\">\u0647\u0627\u062a\u0641\r\n        <span class=\"frm_required\">*<\/span>\r\n    <\/label>\r\n    <input type=\"tel\" id=\"field_xgfym\" name=\"item_meta[11]\" value=\"\"  data-reqmsg=\"T\u00e9l\u00e9phone ne peut pas \u00eatre vide.\" aria-required=\"true\" data-invmsg=\"T\u00e9l\u00e9phone is invalid\" aria-invalid=\"false\" pattern=\"((\\+\\d{1,3}(-|.| )?\\(?\\d\\)?(-| |.)?\\d{1,5})|(\\(?\\d{2,6}\\)?))(-|.| )?(\\d{3,4})(-|.| )?(\\d{4})(( x| ext)\\d{1,5}){0,1}$\"  \/>\r\n    \r\n    \r\n<\/div>\n<div id=\"frm_field_95_container\" class=\"frm_form_field form-field  frm_required_field frm_top_container frm6\">\r\n\t<label for=\"field_7m2ro\" id=\"field_7m2ro_label\" class=\"frm_primary_label\">\u0628\u0631\u064a\u062f \u0625\u0644\u0643\u062a\u0631\u0648\u0646\u064a\r\n\t\t<span class=\"frm_required\" aria-hidden=\"true\">*<\/span>\r\n\t<\/label>\r\n\t<input type=\"email\" id=\"field_7m2ro\" name=\"item_meta[95]\" value=\"\"  autocomplete=\"email\"  data-reqmsg=\"E-mail ne peut pas \u00eatre vide.\" aria-required=\"true\" data-invmsg=\"E-mail est non valide\" aria-invalid=\"false\"  \/>\r\n\t\r\n\t\r\n<\/div>\n<input type=\"hidden\" name=\"frm_page_order_3\" id=\"frm_page_order_3\" value=\"15\" \/><input type=\"hidden\" name=\"item_meta[97]\" id=\"field_x8wlx\" value=\"\"     \/>\n<input type=\"hidden\" name=\"item_meta[103]\" id=\"field_icc48\" value=\"\"     \/>\n<input type=\"hidden\" name=\"item_meta[30]\" id=\"field_bhkcd-0\" value=\"\"     \/>\n<input type=\"hidden\" name=\"item_meta[96]\" id=\"field_t2c7m\" value=\"Licences informatique\"  data-frmval=\"Licences informatique\"   \/>\n<input type=\"hidden\" name=\"item_meta[39]\" id=\"field_rccwr\" value=\"\"     \/>\n<input type=\"hidden\" name=\"item_meta[40]\" id=\"field_snx3m\" value=\"\"     \/>\n<input type=\"hidden\" name=\"item_meta[106]\" id=\"field_iyo6a\" value=\"Algerien\"  data-sectionid=\"40\"  data-frmval=\"Algerien\"   \/>\n<input type=\"hidden\" name=\"item_meta[41]\" id=\"field_phenf\" value=\"\"  data-sectionid=\"40\"     \/>\n<input type=\"hidden\" name=\"item_meta[43]\" id=\"field_ayu8\" value=\"\"  data-sectionid=\"40\"     \/>\n<input type=\"hidden\" name=\"item_meta[45]\" id=\"field_aidmi\" value=\"\"  data-sectionid=\"40\"     \/>\n<input type=\"hidden\" name=\"item_meta[104]\" id=\"field_qbeu\" value=\"\"  data-sectionid=\"40\"     \/>\n<input type=\"hidden\" name=\"item_meta[105]\" id=\"field_kmp07\" value=\"\"  data-sectionid=\"40\"     \/>\n<input type=\"hidden\" name=\"item_meta[46]\" id=\"field_ie7rv\" value=\"\"     \/>\n<input type=\"hidden\" name=\"item_meta[47]\" id=\"field_w91tk\" value=\"\"     \/>\n<input type=\"hidden\" name=\"item_meta[83]\" id=\"field_w3bcb\" value=\"\"     \/>\n<input type=\"hidden\" name=\"item_meta[85]\" id=\"field_cjg5c-0\" value=\"\"  data-sectionid=\"83\"     \/>\n<input type=\"hidden\" name=\"item_meta[87]\" id=\"field_q3bkx\" value=\"\"     \/>\n<input type=\"hidden\" name=\"item_meta[88]\" id=\"field_6c8c9\" value=\"\"     \/>\n\t<input type=\"hidden\" name=\"item_key\" value=\"\" \/>\n\t\t\t<div id=\"frm_field_107_container\">\n\t\t\t<label for=\"field_2wjzg\" >\n\t\t\t\tIf you are human, leave this field blank.\t\t\t<\/label>\n\t\t\t<input  id=\"field_2wjzg\" type=\"text\" class=\"frm_form_field form-field frm_verify\" name=\"item_meta[107]\" value=\"\"  \/>\n\t\t<\/div>\n\t\t<input name=\"frm_state\" type=\"hidden\" value=\"t4ykGFaFHCgdmRUh47qu0yeezRLiEN\/CK3KkS8XGcYqTKZ3dvhgJD6K1YdAm5Qks\" \/><div class=\"frm_submit\">\r\n\r\n<button class=\"frm_button_submit\" type=\"submit\"  formnovalidate=\"formnovalidate\">\u0627\u0644\u062a\u0627\u0644\u064a<\/button>\r\n\r\n<\/div><\/div>\n<\/fieldset>\n<\/div>\n\n<input type=\"hidden\" name=\"trp-form-language\" value=\"ar\"\/><\/form>\n<\/div>\n<\/div>\n\t\t\t\t\t\t<\/div>\n\t\t\t\t<\/div>\n\t\t\t\t\t<\/div>\n\t\t\t\t<\/div>\n\t\t\t\t<\/div>","protected":false},"excerpt":{"rendered":"","protected":false},"author":1,"featured_media":0,"parent":0,"menu_order":0,"comment_status":"closed","ping_status":"closed","template":"","meta":{"_eb_attr":"","footnotes":""},"class_list":["post-832","page","type-page","status-publish","hentry"],"_links":{"self":[{"href":"https:\/\/esst.cloud\/ar\/wp-json\/wp\/v2\/pages\/832","targetHints":{"allow":["GET"]}}],"collection":[{"href":"https:\/\/esst.cloud\/ar\/wp-json\/wp\/v2\/pages"}],"about":[{"href":"https:\/\/esst.cloud\/ar\/wp-json\/wp\/v2\/types\/page"}],"author":[{"embeddable":true,"href":"https:\/\/esst.cloud\/ar\/wp-json\/wp\/v2\/users\/1"}],"replies":[{"embeddable":true,"href":"https:\/\/esst.cloud\/ar\/wp-json\/wp\/v2\/comments?post=832"}],"version-history":[{"count":5,"href":"https:\/\/esst.cloud\/ar\/wp-json\/wp\/v2\/pages\/832\/revisions"}],"predecessor-version":[{"id":2728,"href":"https:\/\/esst.cloud\/ar\/wp-json\/wp\/v2\/pages\/832\/revisions\/2728"}],"wp:attachment":[{"href":"https:\/\/esst.cloud\/ar\/wp-json\/wp\/v2\/media?parent=832"}],"curies":[{"name":"wp","href":"https:\/\/api.w.org\/{rel}","templated":true}]}}