{"id":1604,"date":"2024-12-04T23:55:18","date_gmt":"2024-12-04T23:55:18","guid":{"rendered":"https:\/\/esst.atechcloudz.com\/?page_id=1604"},"modified":"2025-12-31T11:44:39","modified_gmt":"2025-12-31T11:44:39","slug":"projet-juniore","status":"publish","type":"page","link":"https:\/\/esst.cloud\/ar\/projet-juniore\/","title":{"rendered":"\u0645\u0634\u0631\u0648\u0639 \u0635\u063a\u064a\u0631"},"content":{"rendered":"<div data-elementor-type=\"wp-page\" data-elementor-id=\"1604\" class=\"elementor elementor-1604\" data-elementor-post-type=\"page\">\n\t\t\t\t<div data-particle_enable=\"false\" data-particle-mobile-disabled=\"false\" class=\"elementor-element elementor-element-233c57c e-con-full e-flex e-con e-parent\" data-id=\"233c57c\" data-element_type=\"container\" data-settings=\"{&quot;background_background&quot;:&quot;classic&quot;}\">\n\t\t<div data-particle_enable=\"false\" data-particle-mobile-disabled=\"false\" class=\"elementor-element elementor-element-8758081 e-flex e-con-boxed e-con e-child\" data-id=\"8758081\" data-element_type=\"container\" data-settings=\"{&quot;background_background&quot;:&quot;classic&quot;}\">\n\t\t\t\t\t<div class=\"e-con-inner\">\n\t\t\t\t<div class=\"elementor-element elementor-element-b505e90 elementor-widget elementor-widget-spacer\" data-id=\"b505e90\" data-element_type=\"widget\" data-widget_type=\"spacer.default\">\n\t\t\t\t<div class=\"elementor-widget-container\">\n\t\t\t\t\t\t\t<div class=\"elementor-spacer\">\n\t\t\t<div class=\"elementor-spacer-inner\"><\/div>\n\t\t<\/div>\n\t\t\t\t\t\t<\/div>\n\t\t\t\t<\/div>\n\t\t\t\t\t<\/div>\n\t\t\t\t<\/div>\n\t\t\t\t<\/div>\n\t\t<div data-particle_enable=\"false\" data-particle-mobile-disabled=\"false\" class=\"elementor-element elementor-element-a58fc52 e-flex e-con-boxed e-con e-parent\" data-id=\"a58fc52\" data-element_type=\"container\">\n\t\t\t\t\t<div class=\"e-con-inner\">\n\t\t<div data-particle_enable=\"false\" data-particle-mobile-disabled=\"false\" class=\"elementor-element elementor-element-c6d00f8 e-con-full e-flex e-con e-child\" data-id=\"c6d00f8\" data-element_type=\"container\">\n\t\t<div data-particle_enable=\"false\" data-particle-mobile-disabled=\"false\" class=\"elementor-element elementor-element-b4229ea e-con-full e-flex e-con e-child\" data-id=\"b4229ea\" data-element_type=\"container\">\n\t\t<div data-particle_enable=\"false\" data-particle-mobile-disabled=\"false\" class=\"elementor-element elementor-element-cd66357 e-con-full e-flex e-con e-child\" data-id=\"cd66357\" data-element_type=\"container\" data-settings=\"{&quot;background_background&quot;:&quot;classic&quot;}\">\n\t\t<div data-particle_enable=\"false\" data-particle-mobile-disabled=\"false\" class=\"elementor-element elementor-element-aea4cba e-con-full e-flex e-con e-child\" data-id=\"aea4cba\" data-element_type=\"container\">\n\t\t\t\t<div class=\"elementor-element elementor-element-e157510 elementor-widget elementor-widget-image\" data-id=\"e157510\" data-element_type=\"widget\" data-widget_type=\"image.default\">\n\t\t\t\t<div class=\"elementor-widget-container\">\n\t\t\t\t\t\t\t\t\t\t\t\t\t\t\t<img fetchpriority=\"high\" decoding=\"async\" width=\"768\" height=\"512\" src=\"https:\/\/esst.cloud\/wp-content\/uploads\/2025\/12\/IMG_7394-768x512.jpg\" class=\"attachment-medium_large size-medium_large wp-image-2682\" alt=\"\" srcset=\"https:\/\/esst.cloud\/wp-content\/uploads\/2025\/12\/IMG_7394-768x512.jpg 768w, https:\/\/esst.cloud\/wp-content\/uploads\/2025\/12\/IMG_7394-300x200.jpg 300w, https:\/\/esst.cloud\/wp-content\/uploads\/2025\/12\/IMG_7394-1024x683.jpg 1024w, https:\/\/esst.cloud\/wp-content\/uploads\/2025\/12\/IMG_7394-1536x1024.jpg 1536w, https:\/\/esst.cloud\/wp-content\/uploads\/2025\/12\/IMG_7394-2048x1365.jpg 2048w, https:\/\/esst.cloud\/wp-content\/uploads\/2025\/12\/IMG_7394-18x12.jpg 18w\" sizes=\"(max-width: 768px) 100vw, 768px\" \/>\t\t\t\t\t\t\t\t\t\t\t\t\t\t\t<\/div>\n\t\t\t\t<\/div>\n\t\t\t\t<\/div>\n\t\t<div data-particle_enable=\"false\" data-particle-mobile-disabled=\"false\" class=\"elementor-element elementor-element-f9540f6 e-con-full e-flex e-con e-child\" data-id=\"f9540f6\" data-element_type=\"container\">\n\t\t\t\t<div class=\"elementor-element elementor-element-d6e0302 elementor-widget elementor-widget-text-editor\" data-id=\"d6e0302\" data-element_type=\"widget\" data-widget_type=\"text-editor.default\">\n\t\t\t\t<div class=\"elementor-widget-container\">\n\t\t\t\t\t\t\t\t\t<p><span style=\"font-weight: 400;\">\u064a\u064f\u0633\u0644\u0651\u0637 \u0628\u0631\u0646\u0627\u0645\u062c ESST \u0627\u0644\u0636\u0648\u0621 \u0639\u0644\u0649 \u0627\u0644\u0645\u0634\u0627\u0631\u064a\u0639 \u0627\u0644\u0623\u0643\u0627\u062f\u064a\u0645\u064a\u0629 \u0648\u0645\u0634\u0627\u0631\u064a\u0639 \u0627\u0644\u062a\u062e\u0631\u062c \u0627\u0644\u062a\u064a \u064a\u064f\u0646\u062c\u0632\u0647\u0627 \u0637\u0644\u0627\u0628\u0647. \u0648\u0631\u063a\u0645 \u0623\u0646 \u0647\u0630\u0647 \u0627\u0644\u0623\u0639\u0645\u0627\u0644 \u0644\u0627 \u062a\u0632\u0627\u0644 \u0641\u064a \u0645\u0631\u062d\u0644\u0629 \u0623\u0643\u0627\u062f\u064a\u0645\u064a\u0629\u060c \u0625\u0644\u0627 \u0623\u0646\u0647\u0627 \u062a\u064f\u0634\u0643\u0651\u0644 \u062e\u0637\u0648\u0629 \u0623\u0648\u0644\u0649 \u0646\u062d\u0648 \u0627\u0644\u0627\u0628\u062a\u0643\u0627\u0631 \u0648\u0627\u0644\u062a\u0637\u0628\u064a\u0642 \u0627\u0644\u0639\u0645\u0644\u064a \u0644\u0644\u0645\u0647\u0627\u0631\u0627\u062a \u0627\u0644\u0645\u0643\u062a\u0633\u0628\u0629 \u062e\u0644\u0627\u0644 \u0627\u0644\u0628\u0631\u0646\u0627\u0645\u062c.<\/span><\/p><p>\u00a0<\/p><p><span style=\"font-weight: 400;\">\u062a\u0634\u062c\u0639 \u0627\u0644\u0645\u062f\u0631\u0633\u0629 \u0627\u0644\u0637\u0644\u0627\u0628 \u0639\u0644\u0649 \u062a\u0648\u0633\u064a\u0639 \u0646\u0637\u0627\u0642 \u062a\u0637\u0648\u064a\u0631 \u0645\u0634\u0627\u0631\u064a\u0639\u0647\u0645 \u062e\u0627\u0631\u062c \u0627\u0644\u0625\u0637\u0627\u0631 \u0627\u0644\u0623\u0643\u0627\u062f\u064a\u0645\u064a. \u0648\u0644\u062a\u062d\u0642\u064a\u0642 \u0647\u0630\u0647 \u0627\u0644\u063a\u0627\u064a\u0629\u060c \u062a\u0648\u0641\u0631 \u0644\u0647\u0645 ESST \u0645\u062e\u062a\u0628\u0631\u0627\u062a \u0645\u062c\u0647\u0632\u0629 \u0628\u0627\u0644\u0643\u0627\u0645\u0644 \u0648\u0627\u0644\u0645\u0648\u0627\u0631\u062f \u0627\u0644\u0644\u0627\u0632\u0645\u0629 \u0644\u0644\u062a\u062c\u0631\u0628\u0629 \u0648\u0627\u0644\u0627\u062e\u062a\u0628\u0627\u0631 \u0648\u062a\u0637\u0648\u064a\u0631 \u0623\u0641\u0643\u0627\u0631\u0647\u0645\u060c \u0644\u0627 \u0633\u064a\u0645\u0627 \u0645\u0646 \u062e\u0644\u0627\u0644 \u062d\u0627\u0636\u0646\u0629 ESST Bridge\u060c \u0648\u0630\u0644\u0643 \u0644\u062f\u0639\u0645\u0647\u0645 \u0641\u064a \u062a\u062d\u0648\u064a\u0644 \u0645\u0634\u0627\u0631\u064a\u0639\u0647\u0645 \u0625\u0644\u0649 \u0634\u0631\u0643\u0627\u062a \u0646\u0627\u0634\u0626\u0629 \u0645\u0628\u062a\u0643\u0631\u0629.<\/span><\/p>\t\t\t\t\t\t\t\t<\/div>\n\t\t\t\t<\/div>\n\t\t\t\t<\/div>\n\t\t\t\t<\/div>\n\t\t\t\t<\/div>\n\t\t\t\t<\/div>\n\t\t\t\t\t<\/div>\n\t\t\t\t<\/div>\n\t\t<div data-particle_enable=\"false\" data-particle-mobile-disabled=\"false\" class=\"elementor-element elementor-element-016e138 e-flex e-con-boxed e-con e-parent\" data-id=\"016e138\" data-element_type=\"container\">\n\t\t\t\t\t<div class=\"e-con-inner\">\n\t\t<div data-particle_enable=\"false\" data-particle-mobile-disabled=\"false\" class=\"elementor-element elementor-element-f2ecdeb e-con-full e-flex e-con e-child\" data-id=\"f2ecdeb\" data-element_type=\"container\">\n\t\t<div data-particle_enable=\"false\" data-particle-mobile-disabled=\"false\" class=\"elementor-element elementor-element-8a34a5b e-con-full e-flex e-con e-child\" data-id=\"8a34a5b\" data-element_type=\"container\" data-settings=\"{&quot;background_background&quot;:&quot;classic&quot;}\">\n\t\t<div data-particle_enable=\"false\" data-particle-mobile-disabled=\"false\" class=\"elementor-element elementor-element-305e80e e-con-full e-flex e-con e-child\" data-id=\"305e80e\" data-element_type=\"container\">\n\t\t\t\t<div class=\"elementor-element elementor-element-57ef4d5 elementor-widget elementor-widget-text-editor\" data-id=\"57ef4d5\" data-element_type=\"widget\" data-widget_type=\"text-editor.default\">\n\t\t\t\t<div class=\"elementor-widget-container\">\n\t\t\t\t\t\t\t\t\t<h5><strong>\u0645\u0634\u0627\u0631\u064a\u0639 \u062a\u062a\u0637\u0648\u0631 \u0628\u0627\u0644\u062a\u0648\u0627\u0632\u064a \u0645\u0639 \u0627\u0644\u062a\u062f\u0631\u064a\u0628<\/strong><\/h5><p>\u00a0<\/p><p><span style=\"font-weight: 400;\">\u0625\u0636\u0627\u0641\u0629\u064b \u0625\u0644\u0649 \u0645\u0634\u0627\u0631\u064a\u0639 \u0627\u0644\u062a\u062e\u0631\u062c\u060c \u064a\u062e\u0636\u0639 \u0637\u0644\u0627\u0628 \u0628\u0631\u0646\u0627\u0645\u062c ESST \u0644\u0644\u0625\u0634\u0631\u0627\u0641 \u0644\u062a\u0646\u0641\u064a\u0630 \u0645\u0634\u0627\u0631\u064a\u0639 \u0637\u0648\u0627\u0644 \u0641\u062a\u0631\u0629 \u062f\u0631\u0627\u0633\u062a\u0647\u0645 \u0627\u0644\u062a\u064a \u062a\u0645\u062a\u062f \u0644\u062e\u0645\u0633 \u0633\u0646\u0648\u0627\u062a. \u0648\u064a\u0645\u0643\u0646 \u062a\u0646\u0641\u064a\u0630 \u0647\u0630\u0647 \u0627\u0644\u0645\u0634\u0627\u0631\u064a\u0639 \u0628\u0634\u0643\u0644 \u0645\u062a\u0648\u0627\u0635\u0644 \u0645\u0646\u0630 \u0627\u0644\u0633\u0646\u0629 \u0627\u0644\u0623\u0648\u0644\u0649\u060c \u0648\u062a\u062a\u0637\u0648\u0631 \u062a\u062f\u0631\u064a\u062c\u064a\u0627\u064b \u0645\u0639 \u0627\u0632\u062f\u064a\u0627\u062f \u0645\u0633\u062a\u0648\u064a\u0627\u062a \u0627\u0644\u062a\u0639\u0642\u064a\u062f\u060c \u0648\u0641\u0642\u0627\u064b \u0644\u0644\u0645\u0647\u0627\u0631\u0627\u062a \u0648\u0627\u0644\u0645\u0639\u0627\u0631\u0641 \u0627\u0644\u062a\u064a \u064a\u0643\u062a\u0633\u0628\u0648\u0646\u0647\u0627 \u062e\u0644\u0627\u0644 \u0645\u0633\u064a\u0631\u062a\u0647\u0645 \u0627\u0644\u0623\u0643\u0627\u062f\u064a\u0645\u064a\u0629.<\/span><\/p>\t\t\t\t\t\t\t\t<\/div>\n\t\t\t\t<\/div>\n\t\t\t\t<\/div>\n\t\t<div data-particle_enable=\"false\" data-particle-mobile-disabled=\"false\" class=\"elementor-element elementor-element-092880f e-con-full e-flex e-con e-child\" data-id=\"092880f\" data-element_type=\"container\">\n\t\t\t\t<div class=\"elementor-element elementor-element-c2909ed elementor-arrows-position-inside elementor-pagination-position-outside elementor-widget elementor-widget-image-carousel\" data-id=\"c2909ed\" data-element_type=\"widget\" data-settings=\"{&quot;slides_to_show&quot;:&quot;1&quot;,&quot;navigation&quot;:&quot;both&quot;,&quot;autoplay&quot;:&quot;yes&quot;,&quot;pause_on_hover&quot;:&quot;yes&quot;,&quot;pause_on_interaction&quot;:&quot;yes&quot;,&quot;autoplay_speed&quot;:5000,&quot;infinite&quot;:&quot;yes&quot;,&quot;effect&quot;:&quot;slide&quot;,&quot;speed&quot;:500}\" data-widget_type=\"image-carousel.default\">\n\t\t\t\t<div class=\"elementor-widget-container\">\n\t\t\t\t\t\t\t<div class=\"elementor-image-carousel-wrapper swiper\" role=\"region\" aria-roledescription=\"carousel\" aria-label=\"\u0645\u0639\u0631\u0636 \u0627\u0644\u0635\u0648\u0631 \u0627\u0644\u062f\u0648\u0627\u0631\" dir=\"ltr\">\n\t\t\t<div class=\"elementor-image-carousel swiper-wrapper\" aria-live=\"off\">\n\t\t\t\t\t\t\t\t<div class=\"swiper-slide\" role=\"group\" aria-roledescription=\"slide\" aria-label=\"1 \u0645\u0646 11\"><figure class=\"swiper-slide-inner\"><img decoding=\"async\" class=\"swiper-slide-image\" src=\"https:\/\/esst.cloud\/wp-content\/uploads\/2025\/12\/vlcsnap-2025-11-26-17h14m06s517-scaled.png\" alt=\"vlcsnap-2025-11-26-17h14m06s517\" \/><\/figure><\/div><div class=\"swiper-slide\" role=\"group\" aria-roledescription=\"slide\" aria-label=\"2 \u0645\u0646 \u0623\u0635\u0644 11\"><figure class=\"swiper-slide-inner\"><img decoding=\"async\" class=\"swiper-slide-image\" src=\"https:\/\/esst.cloud\/wp-content\/uploads\/2025\/12\/vlcsnap-2025-11-26-17h15m36s420-scaled.png\" alt=\"vlcsnap-2025-11-26-17h15m36s420\" \/><\/figure><\/div><div class=\"swiper-slide\" role=\"group\" aria-roledescription=\"slide\" aria-label=\"3 \u0645\u0646 \u0623\u0635\u0644 11\"><figure class=\"swiper-slide-inner\"><img decoding=\"async\" class=\"swiper-slide-image\" src=\"https:\/\/esst.cloud\/wp-content\/uploads\/2025\/12\/20241205_133754-scaled.jpg\" alt=\"20241205_133754\" \/><\/figure><\/div><div class=\"swiper-slide\" role=\"group\" aria-roledescription=\"slide\" aria-label=\"4 \u0645\u0646 \u0623\u0635\u0644 11\"><figure class=\"swiper-slide-inner\"><img decoding=\"async\" class=\"swiper-slide-image\" src=\"https:\/\/esst.cloud\/wp-content\/uploads\/2025\/12\/PXL_20240311_103740091-scaled.jpg\" alt=\"PXL_20240311_103740091\" \/><\/figure><\/div><div class=\"swiper-slide\" role=\"group\" aria-roledescription=\"slide\" aria-label=\"5 \u0645\u0646 11\"><figure class=\"swiper-slide-inner\"><img decoding=\"async\" class=\"swiper-slide-image\" src=\"https:\/\/esst.cloud\/wp-content\/uploads\/2025\/12\/PXL_20240415_122121959-scaled.jpg\" alt=\"PXL_20240415_122121959\" \/><\/figure><\/div><div class=\"swiper-slide\" role=\"group\" aria-roledescription=\"slide\" aria-label=\"6 \u0645\u0646 \u0623\u0635\u0644 11\"><figure class=\"swiper-slide-inner\"><img decoding=\"async\" class=\"swiper-slide-image\" src=\"https:\/\/esst.cloud\/wp-content\/uploads\/2025\/12\/PXL_20240518_091016963-scaled.jpg\" alt=\"PXL_20240518_091016963\" \/><\/figure><\/div><div class=\"swiper-slide\" role=\"group\" aria-roledescription=\"slide\" aria-label=\"7 \u0645\u0646 \u0623\u0635\u0644 11\"><figure class=\"swiper-slide-inner\"><img decoding=\"async\" class=\"swiper-slide-image\" src=\"https:\/\/esst.cloud\/wp-content\/uploads\/2025\/12\/vlcsnap-2025-11-26-16h59m51s489-scaled.png\" alt=\"vlcsnap-2025-11-26-16h59m51s489\" \/><\/figure><\/div><div class=\"swiper-slide\" role=\"group\" aria-roledescription=\"slide\" aria-label=\"8 \u0645\u0646 \u0623\u0635\u0644 11\"><figure class=\"swiper-slide-inner\"><img decoding=\"async\" class=\"swiper-slide-image\" src=\"https:\/\/esst.cloud\/wp-content\/uploads\/2025\/12\/vlcsnap-2025-11-26-17h04m51s560-scaled.png\" alt=\"vlcsnap-2025-11-26-17h04m51s560\" \/><\/figure><\/div><div class=\"swiper-slide\" role=\"group\" aria-roledescription=\"slide\" aria-label=\"9 \u0645\u0646 \u0623\u0635\u0644 11\"><figure class=\"swiper-slide-inner\"><img decoding=\"async\" class=\"swiper-slide-image\" src=\"https:\/\/esst.cloud\/wp-content\/uploads\/2025\/12\/vlcsnap-2025-11-26-17h05m09s285-scaled.png\" alt=\"vlcsnap-2025-11-26-17h05m09s285\" \/><\/figure><\/div><div class=\"swiper-slide\" role=\"group\" aria-roledescription=\"slide\" aria-label=\"10 \u0645\u0646 11\"><figure class=\"swiper-slide-inner\"><img decoding=\"async\" class=\"swiper-slide-image\" src=\"https:\/\/esst.cloud\/wp-content\/uploads\/2025\/12\/vlcsnap-2025-11-26-17h06m52s906-scaled.png\" alt=\"vlcsnap-2025-11-26-17h06m52s906\" \/><\/figure><\/div><div class=\"swiper-slide\" role=\"group\" aria-roledescription=\"slide\" aria-label=\"11 \u0645\u0646 11\"><figure class=\"swiper-slide-inner\"><img decoding=\"async\" class=\"swiper-slide-image\" src=\"https:\/\/esst.cloud\/wp-content\/uploads\/2025\/12\/vlcsnap-2025-11-26-17h13m43s202-scaled.png\" alt=\"vlcsnap-2025-11-26-17h13m43s202\" \/><\/figure><\/div>\t\t\t<\/div>\n\t\t\t\t\t\t\t\t\t\t\t\t<div class=\"elementor-swiper-button elementor-swiper-button-prev\" role=\"button\" tabindex=\"0\">\n\t\t\t\t\t\t<svg aria-hidden=\"true\" class=\"e-font-icon-svg e-eicon-chevron-left\" viewbox=\"0 0 1000 1000\" xmlns=\"http:\/\/www.w3.org\/2000\/svg\"><path d=\"M646 125C629 125 613 133 604 142L308 442C296 454 292 471 292 487 292 504 296 521 308 533L604 854C617 867 629 875 646 875 663 875 679 871 692 858 704 846 713 829 713 812 713 796 708 779 692 767L438 487 692 225C700 217 708 204 708 187 708 171 704 154 692 142 675 129 663 125 646 125Z\"><\/path><\/svg>\t\t\t\t\t<\/div>\n\t\t\t\t\t<div class=\"elementor-swiper-button elementor-swiper-button-next\" role=\"button\" tabindex=\"0\">\n\t\t\t\t\t\t<svg aria-hidden=\"true\" class=\"e-font-icon-svg e-eicon-chevron-right\" viewbox=\"0 0 1000 1000\" xmlns=\"http:\/\/www.w3.org\/2000\/svg\"><path d=\"M696 533C708 521 713 504 713 487 713 471 708 454 696 446L400 146C388 133 375 125 354 125 338 125 325 129 313 142 300 154 292 171 292 187 292 204 296 221 308 233L563 492 304 771C292 783 288 800 288 817 288 833 296 850 308 863 321 871 338 875 354 875 371 875 388 867 400 854L696 533Z\"><\/path><\/svg>\t\t\t\t\t<\/div>\n\t\t\t\t\n\t\t\t\t\t\t\t\t\t<div class=\"swiper-pagination\"><\/div>\n\t\t\t\t\t\t\t\t\t<\/div>\n\t\t\t\t\t\t<\/div>\n\t\t\t\t<\/div>\n\t\t\t\t<\/div>\n\t\t\t\t<\/div>\n\t\t\t\t<\/div>\n\t\t\t\t\t<\/div>\n\t\t\t\t<\/div>\n\t\t\t\t<\/div>","protected":false},"excerpt":{"rendered":"<p>L\u2019ESST met en valeur les projets acad\u00e9miques et les Projets de Fin d\u2019\u00c9tudes (PFE) r\u00e9alis\u00e9s par ses \u00e9tudiants. Ces travaux, encore \u00e0 un stade acad\u00e9mique, constituent n\u00e9anmoins une premi\u00e8re \u00e9tape vers l\u2019innovation et la mise en application concr\u00e8te des comp\u00e9tences acquises tout au long de la formation. \u00a0 L\u2019\u00e9cole encourage les \u00e9tudiants \u00e0 prolonger le [&hellip;]<\/p>","protected":false},"author":1,"featured_media":0,"parent":0,"menu_order":0,"comment_status":"closed","ping_status":"closed","template":"elementor_header_footer","meta":{"_eb_attr":"","footnotes":""},"class_list":["post-1604","page","type-page","status-publish","hentry"],"_links":{"self":[{"href":"https:\/\/esst.cloud\/ar\/wp-json\/wp\/v2\/pages\/1604","targetHints":{"allow":["GET"]}}],"collection":[{"href":"https:\/\/esst.cloud\/ar\/wp-json\/wp\/v2\/pages"}],"about":[{"href":"https:\/\/esst.cloud\/ar\/wp-json\/wp\/v2\/types\/page"}],"author":[{"embeddable":true,"href":"https:\/\/esst.cloud\/ar\/wp-json\/wp\/v2\/users\/1"}],"replies":[{"embeddable":true,"href":"https:\/\/esst.cloud\/ar\/wp-json\/wp\/v2\/comments?post=1604"}],"version-history":[{"count":10,"href":"https:\/\/esst.cloud\/ar\/wp-json\/wp\/v2\/pages\/1604\/revisions"}],"predecessor-version":[{"id":2694,"href":"https:\/\/esst.cloud\/ar\/wp-json\/wp\/v2\/pages\/1604\/revisions\/2694"}],"wp:attachment":[{"href":"https:\/\/esst.cloud\/ar\/wp-json\/wp\/v2\/media?parent=1604"}],"curies":[{"name":"wp","href":"https:\/\/api.w.org\/{rel}","templated":true}]}}