{"id":1508,"date":"2024-12-04T00:19:41","date_gmt":"2024-12-04T00:19:41","guid":{"rendered":"https:\/\/esst.atechcloudz.com\/?page_id=1508"},"modified":"2025-12-31T11:52:33","modified_gmt":"2025-12-31T11:52:33","slug":"reseau-alumni","status":"publish","type":"page","link":"https:\/\/esst.cloud\/ar\/reseau-alumni\/","title":{"rendered":"\u0634\u0628\u0643\u0629 \u0627\u0644\u062e\u0631\u064a\u062c\u064a\u0646"},"content":{"rendered":"<div data-elementor-type=\"wp-page\" data-elementor-id=\"1508\" class=\"elementor elementor-1508\" data-elementor-post-type=\"page\">\n\t\t\t\t<div data-particle_enable=\"false\" data-particle-mobile-disabled=\"false\" class=\"elementor-element elementor-element-233c57c e-con-full e-flex e-con e-parent\" data-id=\"233c57c\" data-element_type=\"container\" data-settings=\"{&quot;background_background&quot;:&quot;classic&quot;}\">\n\t\t<div data-particle_enable=\"false\" data-particle-mobile-disabled=\"false\" class=\"elementor-element elementor-element-8758081 e-flex e-con-boxed e-con e-child\" data-id=\"8758081\" data-element_type=\"container\" data-settings=\"{&quot;background_background&quot;:&quot;classic&quot;}\">\n\t\t\t\t\t<div class=\"e-con-inner\">\n\t\t\t\t<div class=\"elementor-element elementor-element-b505e90 elementor-widget elementor-widget-spacer\" data-id=\"b505e90\" data-element_type=\"widget\" data-widget_type=\"spacer.default\">\n\t\t\t\t<div class=\"elementor-widget-container\">\n\t\t\t\t\t\t\t<div class=\"elementor-spacer\">\n\t\t\t<div class=\"elementor-spacer-inner\"><\/div>\n\t\t<\/div>\n\t\t\t\t\t\t<\/div>\n\t\t\t\t<\/div>\n\t\t\t\t\t<\/div>\n\t\t\t\t<\/div>\n\t\t\t\t<\/div>\n\t\t<div data-particle_enable=\"false\" data-particle-mobile-disabled=\"false\" class=\"elementor-element elementor-element-a58fc52 e-flex e-con-boxed e-con e-parent\" data-id=\"a58fc52\" data-element_type=\"container\">\n\t\t\t\t\t<div class=\"e-con-inner\">\n\t\t<div data-particle_enable=\"false\" data-particle-mobile-disabled=\"false\" class=\"elementor-element elementor-element-c6d00f8 e-con-full e-flex e-con e-child\" data-id=\"c6d00f8\" data-element_type=\"container\">\n\t\t<div data-particle_enable=\"false\" data-particle-mobile-disabled=\"false\" class=\"elementor-element elementor-element-b4229ea e-con-full e-flex e-con e-child\" data-id=\"b4229ea\" data-element_type=\"container\">\n\t\t<div data-particle_enable=\"false\" data-particle-mobile-disabled=\"false\" class=\"elementor-element elementor-element-cd66357 e-con-full e-flex e-con e-child\" data-id=\"cd66357\" data-element_type=\"container\" data-settings=\"{&quot;background_background&quot;:&quot;classic&quot;}\">\n\t\t<div data-particle_enable=\"false\" data-particle-mobile-disabled=\"false\" class=\"elementor-element elementor-element-aea4cba e-con-full e-flex e-con e-child\" data-id=\"aea4cba\" data-element_type=\"container\">\n\t\t\t\t<div class=\"elementor-element elementor-element-e157510 elementor-widget elementor-widget-image\" data-id=\"e157510\" data-element_type=\"widget\" data-widget_type=\"image.default\">\n\t\t\t\t<div class=\"elementor-widget-container\">\n\t\t\t\t\t\t\t\t\t\t\t\t\t\t\t<img fetchpriority=\"high\" decoding=\"async\" width=\"768\" height=\"577\" src=\"https:\/\/esst.cloud\/wp-content\/uploads\/2025\/12\/P1190275-768x577.jpg\" class=\"attachment-medium_large size-medium_large wp-image-2701\" alt=\"\" srcset=\"https:\/\/esst.cloud\/wp-content\/uploads\/2025\/12\/P1190275-768x577.jpg 768w, https:\/\/esst.cloud\/wp-content\/uploads\/2025\/12\/P1190275-300x225.jpg 300w, https:\/\/esst.cloud\/wp-content\/uploads\/2025\/12\/P1190275-1024x769.jpg 1024w, https:\/\/esst.cloud\/wp-content\/uploads\/2025\/12\/P1190275-1536x1153.jpg 1536w, https:\/\/esst.cloud\/wp-content\/uploads\/2025\/12\/P1190275-2048x1538.jpg 2048w, https:\/\/esst.cloud\/wp-content\/uploads\/2025\/12\/P1190275-16x12.jpg 16w\" sizes=\"(max-width: 768px) 100vw, 768px\" \/>\t\t\t\t\t\t\t\t\t\t\t\t\t\t\t<\/div>\n\t\t\t\t<\/div>\n\t\t\t\t<\/div>\n\t\t<div data-particle_enable=\"false\" data-particle-mobile-disabled=\"false\" class=\"elementor-element elementor-element-f9540f6 e-con-full e-flex e-con e-child\" data-id=\"f9540f6\" data-element_type=\"container\">\n\t\t\t\t<div class=\"elementor-element elementor-element-d6e0302 elementor-widget elementor-widget-text-editor\" data-id=\"d6e0302\" data-element_type=\"widget\" data-widget_type=\"text-editor.default\">\n\t\t\t\t<div class=\"elementor-widget-container\">\n\t\t\t\t\t\t\t\t\t<p><strong>\u0634\u0628\u0643\u0629 \u0642\u0648\u064a\u0629 \u0648\u062f\u064a\u0646\u0627\u0645\u064a\u0643\u064a\u0629<\/strong><br \/>\u062a\u0641\u062a\u062e\u0631 ESST \u0628\u062e\u0631\u064a\u062c\u064a\u0647\u0627 \u0627\u0644\u0643\u062b\u064a\u0631\u064a\u0646 \u0627\u0644\u0630\u064a\u0646 \u062a\u0627\u0628\u0639\u0648\u0627 \u062f\u0631\u0627\u0633\u0627\u062a \u0631\u0627\u0626\u0639\u0629 \u0641\u064a \u0627\u0644\u062e\u0627\u0631\u062c\u060c \u0644\u0627 \u0633\u064a\u0645\u0627 \u0641\u064a \u0643\u0646\u062f\u0627 \u0648\u0641\u0631\u0646\u0633\u0627 \u0648\u0628\u0631\u064a\u0637\u0627\u0646\u064a\u0627 \u0627\u0644\u0639\u0638\u0645\u0649 \u0648\u0627\u0644\u0635\u064a\u0646 \u0648\u063a\u064a\u0631\u0647\u0627. \u0648\u064a\u0633\u0639\u062f\u0646\u0627 \u0623\u0646 \u0646\u0631\u0649 \u062a\u0641\u0648\u0642\u0647\u0645 \u0641\u064a \u0645\u062c\u0627\u0644\u0627\u062a\u0647\u0645 \u0627\u0644\u0645\u062e\u062a\u0644\u0641\u0629 \u0648\u0645\u0633\u0627\u0647\u0645\u062a\u0647\u0645 \u0641\u064a \u0627\u0644\u0633\u0645\u0639\u0629 \u0627\u0644\u0639\u0627\u0644\u0645\u064a\u0629 \u0644\u0644\u0645\u062f\u0631\u0633\u0629.<br \/><br \/><\/p>\t\t\t\t\t\t\t\t<\/div>\n\t\t\t\t<\/div>\n\t\t\t\t<\/div>\n\t\t\t\t<\/div>\n\t\t\t\t<\/div>\n\t\t\t\t<\/div>\n\t\t\t\t\t<\/div>\n\t\t\t\t<\/div>\n\t\t<div data-particle_enable=\"false\" data-particle-mobile-disabled=\"false\" class=\"elementor-element elementor-element-016e138 e-flex e-con-boxed e-con e-parent\" data-id=\"016e138\" data-element_type=\"container\">\n\t\t\t\t\t<div class=\"e-con-inner\">\n\t\t<div data-particle_enable=\"false\" data-particle-mobile-disabled=\"false\" class=\"elementor-element elementor-element-f2ecdeb e-con-full e-flex e-con e-child\" data-id=\"f2ecdeb\" data-element_type=\"container\">\n\t\t<div data-particle_enable=\"false\" data-particle-mobile-disabled=\"false\" class=\"elementor-element elementor-element-8a34a5b e-con-full e-flex e-con e-child\" data-id=\"8a34a5b\" data-element_type=\"container\" data-settings=\"{&quot;background_background&quot;:&quot;classic&quot;}\">\n\t\t<div data-particle_enable=\"false\" data-particle-mobile-disabled=\"false\" class=\"elementor-element elementor-element-305e80e e-con-full e-flex e-con e-child\" data-id=\"305e80e\" data-element_type=\"container\">\n\t\t\t\t<div class=\"elementor-element elementor-element-57ef4d5 elementor-widget elementor-widget-text-editor\" data-id=\"57ef4d5\" data-element_type=\"widget\" data-widget_type=\"text-editor.default\">\n\t\t\t\t<div class=\"elementor-widget-container\">\n\t\t\t\t\t\t\t\t\t<p><strong>\u0627\u0644\u062f\u0639\u0645 \u0639\u0644\u0649 \u0645\u0633\u062a\u0648\u0649 \u0627\u0644\u0645\u0647\u0646\u0629<\/strong><br \/>\u0628\u0641\u0636\u0644 \u0645\u0643\u062a\u0628 \u0627\u0644\u062e\u0631\u064a\u062c\u064a\u0646\u060c \u0646\u062d\u0627\u0641\u0638 \u0639\u0644\u0649 \u0639\u0644\u0627\u0642\u0627\u062a \u0648\u062b\u064a\u0642\u0629 \u0645\u0639\u0647\u0645 \u0648\u0646\u0633\u062a\u0641\u064a\u062f \u0645\u0646 \u062e\u0628\u0631\u0627\u062a\u0647\u0645 \u0648\u0634\u0628\u0643\u0629 \u0639\u0644\u0627\u0642\u0627\u062a\u0647\u0645. \u0648\u064a\u0644\u0639\u0628\u0648\u0646 \u062f\u0648\u0631\u0627\u064b \u0645\u062d\u0648\u0631\u064a\u0627\u064b \u0641\u064a \u062a\u0634\u062c\u064a\u0639 \u0645\u0624\u0633\u0633\u0627\u062a\u0647\u0645 \u0639\u0644\u0649 \u0627\u0644\u062a\u0639\u0627\u0648\u0646 \u0645\u0639\u0646\u0627\u060c \u0645\u0645\u0627 \u064a\u0641\u062a\u062d \u0622\u0641\u0627\u0642\u0627\u064b \u062c\u062f\u064a\u062f\u0629 \u0623\u0645\u0627\u0645 \u0637\u0644\u0627\u0628\u0646\u0627 \u0648\u0628\u0627\u062d\u062b\u064a\u0646\u0627.<\/p>\t\t\t\t\t\t\t\t<\/div>\n\t\t\t\t<\/div>\n\t\t\t\t<\/div>\n\t\t<div data-particle_enable=\"false\" data-particle-mobile-disabled=\"false\" class=\"elementor-element elementor-element-092880f e-con-full e-flex e-con e-child\" data-id=\"092880f\" data-element_type=\"container\">\n\t\t\t\t<\/div>\n\t\t\t\t<\/div>\n\t\t\t\t<\/div>\n\t\t\t\t\t<\/div>\n\t\t\t\t<\/div>\n\t\t<div data-particle_enable=\"false\" data-particle-mobile-disabled=\"false\" class=\"elementor-element elementor-element-9dc795e e-flex e-con-boxed e-con e-parent\" data-id=\"9dc795e\" data-element_type=\"container\">\n\t\t\t\t\t<div class=\"e-con-inner\">\n\t\t<div data-particle_enable=\"false\" data-particle-mobile-disabled=\"false\" class=\"elementor-element elementor-element-c25a8b7 e-con-full e-flex e-con e-child\" data-id=\"c25a8b7\" data-element_type=\"container\">\n\t\t<div data-particle_enable=\"false\" data-particle-mobile-disabled=\"false\" class=\"elementor-element elementor-element-e65dcf7 e-con-full e-flex e-con e-child\" data-id=\"e65dcf7\" data-element_type=\"container\">\n\t\t<div data-particle_enable=\"false\" data-particle-mobile-disabled=\"false\" class=\"elementor-element elementor-element-c2f861c e-con-full e-flex e-con e-child\" data-id=\"c2f861c\" data-element_type=\"container\" data-settings=\"{&quot;background_background&quot;:&quot;classic&quot;}\">\n\t\t<div data-particle_enable=\"false\" data-particle-mobile-disabled=\"false\" class=\"elementor-element elementor-element-251e4e0 e-con-full e-flex e-con e-child\" data-id=\"251e4e0\" data-element_type=\"container\">\n\t\t\t\t<div class=\"elementor-element elementor-element-77bf0cd elementor-arrows-position-inside elementor-pagination-position-outside elementor-widget elementor-widget-image-carousel\" data-id=\"77bf0cd\" data-element_type=\"widget\" data-settings=\"{&quot;slides_to_show&quot;:&quot;1&quot;,&quot;navigation&quot;:&quot;both&quot;,&quot;autoplay&quot;:&quot;yes&quot;,&quot;pause_on_hover&quot;:&quot;yes&quot;,&quot;pause_on_interaction&quot;:&quot;yes&quot;,&quot;autoplay_speed&quot;:5000,&quot;infinite&quot;:&quot;yes&quot;,&quot;effect&quot;:&quot;slide&quot;,&quot;speed&quot;:500}\" data-widget_type=\"image-carousel.default\">\n\t\t\t\t<div class=\"elementor-widget-container\">\n\t\t\t\t\t\t\t<div class=\"elementor-image-carousel-wrapper swiper\" role=\"region\" aria-roledescription=\"carousel\" aria-label=\"\u0645\u0639\u0631\u0636 \u0627\u0644\u0635\u0648\u0631 \u0627\u0644\u062f\u0648\u0627\u0631\" dir=\"ltr\">\n\t\t\t<div class=\"elementor-image-carousel swiper-wrapper\" aria-live=\"off\">\n\t\t\t\t\t\t\t\t<div class=\"swiper-slide\" role=\"group\" aria-roledescription=\"slide\" aria-label=\"1 of 4\" data-no-translation-aria-label=\"\"><figure class=\"swiper-slide-inner\"><img decoding=\"async\" class=\"swiper-slide-image\" src=\"https:\/\/esst.cloud\/wp-content\/uploads\/2025\/12\/P1190532-scaled.jpg\" alt=\"P1190532\" \/><\/figure><\/div><div class=\"swiper-slide\" role=\"group\" aria-roledescription=\"slide\" aria-label=\"2 of 4\" data-no-translation-aria-label=\"\"><figure class=\"swiper-slide-inner\"><img decoding=\"async\" class=\"swiper-slide-image\" src=\"https:\/\/esst.cloud\/wp-content\/uploads\/2025\/12\/esst-75-of-77-1-scaled.jpg\" alt=\"esst (75 of 77) (1)\" \/><\/figure><\/div><div class=\"swiper-slide\" role=\"group\" aria-roledescription=\"slide\" aria-label=\"3 of 4\" data-no-translation-aria-label=\"\"><figure class=\"swiper-slide-inner\"><img decoding=\"async\" class=\"swiper-slide-image\" src=\"https:\/\/esst.cloud\/wp-content\/uploads\/2025\/12\/SOUTENANCEMASTER-160-of-162-scaled.jpg\" alt=\"SOUTENANCEMASTER (160 of 162)\" \/><\/figure><\/div><div class=\"swiper-slide\" role=\"group\" aria-roledescription=\"slide\" aria-label=\"4 of 4\" data-no-translation-aria-label=\"\"><figure class=\"swiper-slide-inner\"><img decoding=\"async\" class=\"swiper-slide-image\" src=\"https:\/\/esst.cloud\/wp-content\/uploads\/2025\/12\/P1190280-scaled.jpg\" alt=\"P1190280\" \/><\/figure><\/div>\t\t\t<\/div>\n\t\t\t\t\t\t\t\t\t\t\t\t<div class=\"elementor-swiper-button elementor-swiper-button-prev\" role=\"button\" tabindex=\"0\">\n\t\t\t\t\t\t<svg aria-hidden=\"true\" class=\"e-font-icon-svg e-eicon-chevron-left\" viewbox=\"0 0 1000 1000\" xmlns=\"http:\/\/www.w3.org\/2000\/svg\"><path d=\"M646 125C629 125 613 133 604 142L308 442C296 454 292 471 292 487 292 504 296 521 308 533L604 854C617 867 629 875 646 875 663 875 679 871 692 858 704 846 713 829 713 812 713 796 708 779 692 767L438 487 692 225C700 217 708 204 708 187 708 171 704 154 692 142 675 129 663 125 646 125Z\"><\/path><\/svg>\t\t\t\t\t<\/div>\n\t\t\t\t\t<div class=\"elementor-swiper-button elementor-swiper-button-next\" role=\"button\" tabindex=\"0\">\n\t\t\t\t\t\t<svg aria-hidden=\"true\" class=\"e-font-icon-svg e-eicon-chevron-right\" viewbox=\"0 0 1000 1000\" xmlns=\"http:\/\/www.w3.org\/2000\/svg\"><path d=\"M696 533C708 521 713 504 713 487 713 471 708 454 696 446L400 146C388 133 375 125 354 125 338 125 325 129 313 142 300 154 292 171 292 187 292 204 296 221 308 233L563 492 304 771C292 783 288 800 288 817 288 833 296 850 308 863 321 871 338 875 354 875 371 875 388 867 400 854L696 533Z\"><\/path><\/svg>\t\t\t\t\t<\/div>\n\t\t\t\t\n\t\t\t\t\t\t\t\t\t<div class=\"swiper-pagination\"><\/div>\n\t\t\t\t\t\t\t\t\t<\/div>\n\t\t\t\t\t\t<\/div>\n\t\t\t\t<\/div>\n\t\t\t\t<\/div>\n\t\t<div data-particle_enable=\"false\" data-particle-mobile-disabled=\"false\" class=\"elementor-element elementor-element-02fd466 e-con-full e-flex e-con e-child\" data-id=\"02fd466\" data-element_type=\"container\">\n\t\t\t\t<div class=\"elementor-element elementor-element-b916dd5 elementor-widget elementor-widget-text-editor\" data-id=\"b916dd5\" data-element_type=\"widget\" data-widget_type=\"text-editor.default\">\n\t\t\t\t<div class=\"elementor-widget-container\">\n\t\t\t\t\t\t\t\t\t<p>\u0641\u064a \u0643\u0644 \u0639\u0627\u0645\u060c \u064a\u0634\u0627\u0631\u0643 \u0628\u0639\u0636\u0647\u0645\u060c \u0645\u062b\u0644 \u0634\u064a\u0631\u064a\u0646 \u0648\u0645\u0631\u0648\u0627\u0646\u060c \u0648\u063a\u064a\u0631\u0647\u0645 \u0627\u0644\u0643\u062b\u064a\u0631\u060c \u0641\u064a \u062d\u0641\u0644\u0646\u0627 \u0627\u0644\u062e\u062a\u0627\u0645\u064a \u0644\u062a\u0628\u0627\u062f\u0644 \u062e\u0628\u0631\u0627\u062a\u0647\u0645 \u0648\u0625\u0644\u0647\u0627\u0645 \u0627\u0644\u0623\u062c\u064a\u0627\u0644 \u0627\u0644\u062c\u062f\u064a\u062f\u0629. \u0628\u064a\u0646\u0645\u0627 \u0627\u062e\u062a\u0627\u0631 \u0622\u062e\u0631\u0648\u0646\u060c \u0645\u062b\u0644 \u0631\u0627\u0633\u064a\u0645\u060c \u0627\u0644\u0627\u0646\u0636\u0645\u0627\u0645 \u0625\u0644\u0649 \u0641\u0631\u064a\u0642 ESST \u0643\u0645\u0639\u0644\u0645\u064a\u0646 \u0628\u0627\u062d\u062b\u064a\u0646 \u0645\u0633\u062a\u0642\u0628\u0644\u064a\u064a\u0646\u060c \u0645\u0633\u0627\u0647\u0645\u064a\u0646 \u0628\u0630\u0644\u0643 \u0641\u064a \u0646\u0645\u0648 \u0645\u0624\u0633\u0633\u062a\u0646\u0627 \u0648\u062a\u0645\u064a\u0632\u0647\u0627.<\/p><p>\u0646\u0641\u062e\u0631 \u0623\u064a\u0636\u0627\u064b \u0628\u0645\u0624\u0633\u0633\u064a \u0627\u0644\u0634\u0631\u0643\u0627\u062a \u0627\u0644\u0646\u0627\u0634\u0626\u0629 \u0627\u0644\u0630\u064a\u0646 \u064a\u0633\u062a\u0641\u064a\u062f\u0648\u0646 \u0645\u0646 \u062d\u0627\u0636\u0646\u0629 &quot;\u0628\u0631\u064a\u062f\u062c&quot; \u0644\u0625\u0637\u0644\u0627\u0642 \u0645\u0634\u0627\u0631\u064a\u0639\u0647\u0645 \u0627\u0644\u0645\u0628\u062a\u0643\u0631\u0629. \u062a\u064f\u0639\u062f\u0651 \u0642\u0635\u0635 \u0627\u0644\u0646\u062c\u0627\u062d \u0647\u0630\u0647 \u062f\u0644\u064a\u0644\u0627\u064b \u0639\u0644\u0649 \u0627\u0644\u0623\u062b\u0631 \u0627\u0644\u0625\u064a\u062c\u0627\u0628\u064a \u0644\u0645\u0624\u0633\u0633\u0629 &quot;\u0625\u064a \u0625\u0633 \u0625\u0633 \u062a\u064a&quot; \u0639\u0644\u0649 \u0627\u0644\u0645\u062c\u062a\u0645\u0639 \u0648\u0627\u0644\u0627\u0642\u062a\u0635\u0627\u062f.<\/p><p>.<\/p>\t\t\t\t\t\t\t\t<\/div>\n\t\t\t\t<\/div>\n\t\t\t\t<\/div>\n\t\t\t\t<\/div>\n\t\t\t\t<\/div>\n\t\t\t\t<\/div>\n\t\t\t\t\t<\/div>\n\t\t\t\t<\/div>\n\t\t\t\t<\/div>","protected":false},"excerpt":{"rendered":"<p>Un r\u00e9seau fort et dynamiqueL&rsquo;ESST est fi\u00e8re de ses nombreux anciens \u00e9tudiants qui ont poursuivi des cursus brillants \u00e0 l&rsquo;\u00e9tranger, notamment au Canada, en France, en Grande-Bretagne, en Chine, etc. Nous sommes ravis de voir qu&rsquo;ils excellent dans leurs domaines respectifs et contribuent au rayonnement de l&rsquo;\u00e9cole \u00e0 travers le monde. Un soutien tout au [&hellip;]<\/p>","protected":false},"author":1,"featured_media":0,"parent":0,"menu_order":0,"comment_status":"closed","ping_status":"closed","template":"elementor_header_footer","meta":{"_eb_attr":"","footnotes":""},"class_list":["post-1508","page","type-page","status-publish","hentry"],"_links":{"self":[{"href":"https:\/\/esst.cloud\/ar\/wp-json\/wp\/v2\/pages\/1508","targetHints":{"allow":["GET"]}}],"collection":[{"href":"https:\/\/esst.cloud\/ar\/wp-json\/wp\/v2\/pages"}],"about":[{"href":"https:\/\/esst.cloud\/ar\/wp-json\/wp\/v2\/types\/page"}],"author":[{"embeddable":true,"href":"https:\/\/esst.cloud\/ar\/wp-json\/wp\/v2\/users\/1"}],"replies":[{"embeddable":true,"href":"https:\/\/esst.cloud\/ar\/wp-json\/wp\/v2\/comments?post=1508"}],"version-history":[{"count":13,"href":"https:\/\/esst.cloud\/ar\/wp-json\/wp\/v2\/pages\/1508\/revisions"}],"predecessor-version":[{"id":2705,"href":"https:\/\/esst.cloud\/ar\/wp-json\/wp\/v2\/pages\/1508\/revisions\/2705"}],"wp:attachment":[{"href":"https:\/\/esst.cloud\/ar\/wp-json\/wp\/v2\/media?parent=1508"}],"curies":[{"name":"wp","href":"https:\/\/api.w.org\/{rel}","templated":true}]}}