{"id":1481,"date":"2024-12-03T23:45:43","date_gmt":"2024-12-03T23:45:43","guid":{"rendered":"https:\/\/esst.atechcloudz.com\/?page_id=1481"},"modified":"2025-12-31T11:32:45","modified_gmt":"2025-12-31T11:32:45","slug":"vie-associative-et-clubs-etudiants","status":"publish","type":"page","link":"https:\/\/esst.cloud\/ar\/vie-associative-et-clubs-etudiants\/","title":{"rendered":"\u0627\u0644\u062d\u064a\u0627\u0629 \u0627\u0644\u0645\u062c\u062a\u0645\u0639\u064a\u0629 \u0648\u0627\u0644\u0623\u0646\u062f\u064a\u0629 \u0627\u0644\u0637\u0644\u0627\u0628\u064a\u0629"},"content":{"rendered":"<div data-elementor-type=\"wp-page\" data-elementor-id=\"1481\" class=\"elementor elementor-1481\" data-elementor-post-type=\"page\">\n\t\t\t\t<div data-particle_enable=\"false\" data-particle-mobile-disabled=\"false\" class=\"elementor-element elementor-element-233c57c e-con-full e-flex e-con e-parent\" data-id=\"233c57c\" data-element_type=\"container\" data-settings=\"{&quot;background_background&quot;:&quot;classic&quot;}\">\n\t\t<div data-particle_enable=\"false\" data-particle-mobile-disabled=\"false\" class=\"elementor-element elementor-element-8758081 e-flex e-con-boxed e-con e-child\" data-id=\"8758081\" data-element_type=\"container\" data-settings=\"{&quot;background_background&quot;:&quot;classic&quot;}\">\n\t\t\t\t\t<div class=\"e-con-inner\">\n\t\t\t\t<div class=\"elementor-element elementor-element-b505e90 elementor-widget elementor-widget-spacer\" data-id=\"b505e90\" data-element_type=\"widget\" data-widget_type=\"spacer.default\">\n\t\t\t\t<div class=\"elementor-widget-container\">\n\t\t\t\t\t\t\t<div class=\"elementor-spacer\">\n\t\t\t<div class=\"elementor-spacer-inner\"><\/div>\n\t\t<\/div>\n\t\t\t\t\t\t<\/div>\n\t\t\t\t<\/div>\n\t\t\t\t\t<\/div>\n\t\t\t\t<\/div>\n\t\t\t\t<\/div>\n\t\t<div data-particle_enable=\"false\" data-particle-mobile-disabled=\"false\" class=\"elementor-element elementor-element-a58fc52 e-flex e-con-boxed e-con e-parent\" data-id=\"a58fc52\" data-element_type=\"container\">\n\t\t\t\t\t<div class=\"e-con-inner\">\n\t\t<div data-particle_enable=\"false\" data-particle-mobile-disabled=\"false\" class=\"elementor-element elementor-element-c6d00f8 e-con-full e-flex e-con e-child\" data-id=\"c6d00f8\" data-element_type=\"container\">\n\t\t<div data-particle_enable=\"false\" data-particle-mobile-disabled=\"false\" class=\"elementor-element elementor-element-b4229ea e-con-full e-flex e-con e-child\" data-id=\"b4229ea\" data-element_type=\"container\">\n\t\t<div data-particle_enable=\"false\" data-particle-mobile-disabled=\"false\" class=\"elementor-element elementor-element-cd66357 e-con-full e-flex e-con e-child\" data-id=\"cd66357\" data-element_type=\"container\" data-settings=\"{&quot;background_background&quot;:&quot;classic&quot;}\">\n\t\t<div data-particle_enable=\"false\" data-particle-mobile-disabled=\"false\" class=\"elementor-element elementor-element-f9540f6 e-con-full e-flex e-con e-child\" data-id=\"f9540f6\" data-element_type=\"container\">\n\t\t\t\t<div class=\"elementor-element elementor-element-d6e0302 elementor-widget elementor-widget-text-editor\" data-id=\"d6e0302\" data-element_type=\"widget\" data-widget_type=\"text-editor.default\">\n\t\t\t\t<div class=\"elementor-widget-container\">\n\t\t\t\t\t\t\t\t\t<h5><strong>\u062d\u064a\u0627\u0629 \u0637\u0644\u0627\u0628\u064a\u0629 \u062f\u064a\u0646\u0627\u0645\u064a\u0643\u064a\u0629 \u0648\u0645\u062b\u0631\u064a\u0629<\/strong><\/h5><p><span style=\"font-weight: 400;\">\u062a\u064f\u0634\u0643\u0651\u0644 \u0627\u0644\u062d\u064a\u0627\u0629 \u0627\u0644\u0637\u0644\u0627\u0628\u064a\u0629 \u0631\u0643\u064a\u0632\u0629 \u0623\u0633\u0627\u0633\u064a\u0629 \u0641\u064a \u062a\u062c\u0631\u0628\u0629 \u0627\u0644\u062f\u0631\u0627\u0633\u0629 \u0627\u0644\u062c\u0627\u0645\u0639\u064a\u0629 \u0641\u064a \u062c\u0627\u0645\u0639\u062a\u0646\u0627. \u0641\u0647\u064a \u062a\u0648\u0641\u0631 \u0644\u0644\u0637\u0644\u0627\u0628 \u0628\u064a\u0626\u0629 \u0645\u062d\u0641\u0632\u0629 \u062a\u064f\u0639\u0632\u0632 \u0627\u0644\u062a\u0628\u0627\u062f\u0644 \u0648\u0627\u0644\u062a\u0648\u0627\u0635\u0644 \u0648\u0627\u0644\u0646\u0645\u0648 \u0627\u0644\u0634\u062e\u0635\u064a\u060c \u0628\u0645\u0627 \u064a\u062a\u062c\u0627\u0648\u0632 \u0627\u0644\u062f\u0631\u0627\u0633\u0627\u062a \u0627\u0644\u0623\u0643\u0627\u062f\u064a\u0645\u064a\u0629. \u0648\u0645\u0646 \u062e\u0644\u0627\u0644 \u0623\u0646\u0634\u0637\u0629 \u062b\u0642\u0627\u0641\u064a\u0629 \u0648\u0631\u064a\u0627\u0636\u064a\u0629 \u0648\u0627\u062c\u062a\u0645\u0627\u0639\u064a\u0629 \u0648\u0641\u0639\u0627\u0644\u064a\u0627\u062a \u0645\u062a\u0646\u0648\u0639\u0629\u060c \u064a\u0643\u062a\u0633\u0628 \u0627\u0644\u0637\u0644\u0627\u0628 \u0645\u0647\u0627\u0631\u0627\u062a \u062d\u064a\u0627\u062a\u064a\u0629 \u062c\u0648\u0647\u0631\u064a\u0629 \u0643\u0627\u0644\u0634\u0639\u0648\u0631 \u0628\u0627\u0644\u0645\u0633\u0624\u0648\u0644\u064a\u0629 \u0648\u0627\u0644\u0639\u0645\u0644 \u0627\u0644\u062c\u0645\u0627\u0639\u064a \u0648\u0627\u0644\u0627\u0633\u062a\u0642\u0644\u0627\u0644\u064a\u0629\u060c \u0645\u0645\u0627 \u064a\u064f\u0639\u0632\u0632 \u0627\u0646\u062f\u0645\u0627\u062c\u0647\u0645 \u0641\u064a \u0627\u0644\u0645\u062c\u062a\u0645\u0639 \u0627\u0644\u062c\u0627\u0645\u0639\u064a.<\/span><\/p>\t\t\t\t\t\t\t\t<\/div>\n\t\t\t\t<\/div>\n\t\t\t\t<\/div>\n\t\t<div data-particle_enable=\"false\" data-particle-mobile-disabled=\"false\" class=\"elementor-element elementor-element-aea4cba e-con-full e-flex e-con e-child\" data-id=\"aea4cba\" data-element_type=\"container\">\n\t\t\t\t<div class=\"elementor-element elementor-element-9ec1bb3 elementor-arrows-position-inside elementor-pagination-position-outside elementor-widget elementor-widget-image-carousel\" data-id=\"9ec1bb3\" data-element_type=\"widget\" data-settings=\"{&quot;slides_to_show&quot;:&quot;1&quot;,&quot;navigation&quot;:&quot;both&quot;,&quot;autoplay&quot;:&quot;yes&quot;,&quot;pause_on_hover&quot;:&quot;yes&quot;,&quot;pause_on_interaction&quot;:&quot;yes&quot;,&quot;autoplay_speed&quot;:5000,&quot;infinite&quot;:&quot;yes&quot;,&quot;effect&quot;:&quot;slide&quot;,&quot;speed&quot;:500}\" data-widget_type=\"image-carousel.default\">\n\t\t\t\t<div class=\"elementor-widget-container\">\n\t\t\t\t\t\t\t<div class=\"elementor-image-carousel-wrapper swiper\" role=\"region\" aria-roledescription=\"carousel\" aria-label=\"\u0645\u0639\u0631\u0636 \u0627\u0644\u0635\u0648\u0631 \u0627\u0644\u062f\u0648\u0627\u0631\" dir=\"ltr\">\n\t\t\t<div class=\"elementor-image-carousel swiper-wrapper\" aria-live=\"off\">\n\t\t\t\t\t\t\t\t<div class=\"swiper-slide\" role=\"group\" aria-roledescription=\"slide\" aria-label=\"1 \u0645\u0646 10\"><figure class=\"swiper-slide-inner\"><img decoding=\"async\" class=\"swiper-slide-image\" src=\"https:\/\/esst.cloud\/wp-content\/uploads\/2025\/12\/SnapInsta.to_575912220_17925685503079276_3472380204717986141_n.jpg\" alt=\"SnapInsta.to_575912220_17925685503079276_3472380204717986141_n\" \/><\/figure><\/div><div class=\"swiper-slide\" role=\"group\" aria-roledescription=\"slide\" aria-label=\"2 \u0645\u0646 10\"><figure class=\"swiper-slide-inner\"><img decoding=\"async\" class=\"swiper-slide-image\" src=\"https:\/\/esst.cloud\/wp-content\/uploads\/2025\/12\/SnapInsta.to_575907785_17925685491079276_4470941637546441351_n.jpg\" alt=\"SnapInsta.to_575907785_17925685491079276_4470941637546441351_n\" \/><\/figure><\/div><div class=\"swiper-slide\" role=\"group\" aria-roledescription=\"slide\" aria-label=\"3 \u0645\u0646 10\"><figure class=\"swiper-slide-inner\"><img decoding=\"async\" class=\"swiper-slide-image\" src=\"https:\/\/esst.cloud\/wp-content\/uploads\/2025\/12\/esst-443.jpg\" alt=\"esst-443\" \/><\/figure><\/div><div class=\"swiper-slide\" role=\"group\" aria-roledescription=\"slide\" aria-label=\"4 \u0645\u0646 10\"><figure class=\"swiper-slide-inner\"><img decoding=\"async\" class=\"swiper-slide-image\" src=\"https:\/\/esst.cloud\/wp-content\/uploads\/2025\/12\/SnapInsta.to_579925124_17925685458079276_9184764165134067999_n.jpg\" alt=\"SnapInsta.to_579925124_17925685458079276_9184764165134067999_n\" \/><\/figure><\/div><div class=\"swiper-slide\" role=\"group\" aria-roledescription=\"slide\" aria-label=\"5 \u0645\u0646 10\"><figure class=\"swiper-slide-inner\"><img decoding=\"async\" class=\"swiper-slide-image\" src=\"https:\/\/esst.cloud\/wp-content\/uploads\/2025\/12\/vlcsnap-2025-11-18-10h49m15s809-scaled.png\" alt=\"vlcsnap-2025-11-18-10h49m15s809\" \/><\/figure><\/div><div class=\"swiper-slide\" role=\"group\" aria-roledescription=\"slide\" aria-label=\"6 \u0645\u0646 10\"><figure class=\"swiper-slide-inner\"><img decoding=\"async\" class=\"swiper-slide-image\" src=\"https:\/\/esst.cloud\/wp-content\/uploads\/2025\/12\/IMG_0344.jpg\" alt=\"IMG_0344\" \/><\/figure><\/div><div class=\"swiper-slide\" role=\"group\" aria-roledescription=\"slide\" aria-label=\"7 \u0645\u0646 10\"><figure class=\"swiper-slide-inner\"><img decoding=\"async\" class=\"swiper-slide-image\" src=\"https:\/\/esst.cloud\/wp-content\/uploads\/2025\/12\/family-152-scaled.jpg\" alt=\"family -152\" \/><\/figure><\/div><div class=\"swiper-slide\" role=\"group\" aria-roledescription=\"slide\" aria-label=\"8 \u0645\u0646 10\"><figure class=\"swiper-slide-inner\"><img decoding=\"async\" class=\"swiper-slide-image\" src=\"https:\/\/esst.cloud\/wp-content\/uploads\/2025\/12\/family-144-scaled.jpg\" alt=\"family -144\" \/><\/figure><\/div><div class=\"swiper-slide\" role=\"group\" aria-roledescription=\"slide\" aria-label=\"9 \u0645\u0646 10\"><figure class=\"swiper-slide-inner\"><img decoding=\"async\" class=\"swiper-slide-image\" src=\"https:\/\/esst.cloud\/wp-content\/uploads\/2025\/12\/family-141-scaled.jpg\" alt=\"family -141\" \/><\/figure><\/div><div class=\"swiper-slide\" role=\"group\" aria-roledescription=\"slide\" aria-label=\"10 \u0645\u0646 10\"><figure class=\"swiper-slide-inner\"><img decoding=\"async\" class=\"swiper-slide-image\" src=\"https:\/\/esst.cloud\/wp-content\/uploads\/2025\/12\/esst-459-1.jpg\" alt=\"esst-459 (1)\" \/><\/figure><\/div>\t\t\t<\/div>\n\t\t\t\t\t\t\t\t\t\t\t\t<div class=\"elementor-swiper-button elementor-swiper-button-prev\" role=\"button\" tabindex=\"0\">\n\t\t\t\t\t\t<svg aria-hidden=\"true\" class=\"e-font-icon-svg e-eicon-chevron-left\" viewbox=\"0 0 1000 1000\" xmlns=\"http:\/\/www.w3.org\/2000\/svg\"><path d=\"M646 125C629 125 613 133 604 142L308 442C296 454 292 471 292 487 292 504 296 521 308 533L604 854C617 867 629 875 646 875 663 875 679 871 692 858 704 846 713 829 713 812 713 796 708 779 692 767L438 487 692 225C700 217 708 204 708 187 708 171 704 154 692 142 675 129 663 125 646 125Z\"><\/path><\/svg>\t\t\t\t\t<\/div>\n\t\t\t\t\t<div class=\"elementor-swiper-button elementor-swiper-button-next\" role=\"button\" tabindex=\"0\">\n\t\t\t\t\t\t<svg aria-hidden=\"true\" class=\"e-font-icon-svg e-eicon-chevron-right\" viewbox=\"0 0 1000 1000\" xmlns=\"http:\/\/www.w3.org\/2000\/svg\"><path d=\"M696 533C708 521 713 504 713 487 713 471 708 454 696 446L400 146C388 133 375 125 354 125 338 125 325 129 313 142 300 154 292 171 292 187 292 204 296 221 308 233L563 492 304 771C292 783 288 800 288 817 288 833 296 850 308 863 321 871 338 875 354 875 371 875 388 867 400 854L696 533Z\"><\/path><\/svg>\t\t\t\t\t<\/div>\n\t\t\t\t\n\t\t\t\t\t\t\t\t\t<div class=\"swiper-pagination\"><\/div>\n\t\t\t\t\t\t\t\t\t<\/div>\n\t\t\t\t\t\t<\/div>\n\t\t\t\t<\/div>\n\t\t\t\t<\/div>\n\t\t\t\t<\/div>\n\t\t\t\t<\/div>\n\t\t\t\t<\/div>\n\t\t\t\t\t<\/div>\n\t\t\t\t<\/div>\n\t\t<div data-particle_enable=\"false\" data-particle-mobile-disabled=\"false\" class=\"elementor-element elementor-element-016e138 e-flex e-con-boxed e-con e-parent\" data-id=\"016e138\" data-element_type=\"container\">\n\t\t\t\t\t<div class=\"e-con-inner\">\n\t\t<div data-particle_enable=\"false\" data-particle-mobile-disabled=\"false\" class=\"elementor-element elementor-element-f2ecdeb e-con-full e-flex e-con e-child\" data-id=\"f2ecdeb\" data-element_type=\"container\">\n\t\t<div data-particle_enable=\"false\" data-particle-mobile-disabled=\"false\" class=\"elementor-element elementor-element-8a34a5b e-con-full e-flex e-con e-child\" data-id=\"8a34a5b\" data-element_type=\"container\" data-settings=\"{&quot;background_background&quot;:&quot;classic&quot;}\">\n\t\t<div data-particle_enable=\"false\" data-particle-mobile-disabled=\"false\" class=\"elementor-element elementor-element-092880f e-con-full e-flex e-con e-child\" data-id=\"092880f\" data-element_type=\"container\">\n\t\t\t\t<div class=\"elementor-element elementor-element-32d4fe8 elementor-arrows-position-inside elementor-pagination-position-outside elementor-widget elementor-widget-image-carousel\" data-id=\"32d4fe8\" data-element_type=\"widget\" data-settings=\"{&quot;slides_to_show&quot;:&quot;1&quot;,&quot;navigation&quot;:&quot;both&quot;,&quot;autoplay&quot;:&quot;yes&quot;,&quot;pause_on_hover&quot;:&quot;yes&quot;,&quot;pause_on_interaction&quot;:&quot;yes&quot;,&quot;autoplay_speed&quot;:5000,&quot;infinite&quot;:&quot;yes&quot;,&quot;effect&quot;:&quot;slide&quot;,&quot;speed&quot;:500}\" data-widget_type=\"image-carousel.default\">\n\t\t\t\t<div class=\"elementor-widget-container\">\n\t\t\t\t\t\t\t<div class=\"elementor-image-carousel-wrapper swiper\" role=\"region\" aria-roledescription=\"carousel\" aria-label=\"\u0645\u0639\u0631\u0636 \u0627\u0644\u0635\u0648\u0631 \u0627\u0644\u062f\u0648\u0627\u0631\" dir=\"ltr\">\n\t\t\t<div class=\"elementor-image-carousel swiper-wrapper\" aria-live=\"off\">\n\t\t\t\t\t\t\t\t<div class=\"swiper-slide\" role=\"group\" aria-roledescription=\"slide\" aria-label=\"1 \u0645\u0646 14\"><figure class=\"swiper-slide-inner\"><img decoding=\"async\" class=\"swiper-slide-image\" src=\"https:\/\/esst.cloud\/wp-content\/uploads\/2025\/12\/ESST-BDEe-3-of-8-scaled.jpg\" alt=\"ESST BDE\u00e9 (3 of 8)\" \/><\/figure><\/div><div class=\"swiper-slide\" role=\"group\" aria-roledescription=\"slide\" aria-label=\"2 \u0645\u0646 \u0623\u0635\u0644 14\"><figure class=\"swiper-slide-inner\"><img decoding=\"async\" class=\"swiper-slide-image\" src=\"https:\/\/esst.cloud\/wp-content\/uploads\/2025\/12\/body-698.jpg\" alt=\"body -698\" \/><\/figure><\/div><div class=\"swiper-slide\" role=\"group\" aria-roledescription=\"slide\" aria-label=\"3 \u0645\u0646 \u0623\u0635\u0644 14\"><figure class=\"swiper-slide-inner\"><img decoding=\"async\" class=\"swiper-slide-image\" src=\"https:\/\/esst.cloud\/wp-content\/uploads\/2025\/12\/body-697.jpg\" alt=\"body -697\" \/><\/figure><\/div><div class=\"swiper-slide\" role=\"group\" aria-roledescription=\"slide\" aria-label=\"4 \u0645\u0646 \u0623\u0635\u0644 14\"><figure class=\"swiper-slide-inner\"><img decoding=\"async\" class=\"swiper-slide-image\" src=\"https:\/\/esst.cloud\/wp-content\/uploads\/2025\/12\/body-695.jpg\" alt=\"body -695\" \/><\/figure><\/div><div class=\"swiper-slide\" role=\"group\" aria-roledescription=\"slide\" aria-label=\"5 \u0645\u0646 \u0623\u0635\u0644 14\"><figure class=\"swiper-slide-inner\"><img decoding=\"async\" class=\"swiper-slide-image\" src=\"https:\/\/esst.cloud\/wp-content\/uploads\/2025\/12\/584520536_17926506591079276_7759877400943742911_n.jpg\" alt=\"584520536_17926506591079276_7759877400943742911_n\" \/><\/figure><\/div><div class=\"swiper-slide\" role=\"group\" aria-roledescription=\"slide\" aria-label=\"6 \u0645\u0646 \u0623\u0635\u0644 14\"><figure class=\"swiper-slide-inner\"><img decoding=\"async\" class=\"swiper-slide-image\" src=\"https:\/\/esst.cloud\/wp-content\/uploads\/2025\/12\/584520536_17926506591079276_7759877400943742911_n-1.jpg\" alt=\"584520536_17926506591079276_7759877400943742911_n (1)\" \/><\/figure><\/div><div class=\"swiper-slide\" role=\"group\" aria-roledescription=\"slide\" aria-label=\"7 \u0645\u0646 \u0623\u0635\u0644 14\"><figure class=\"swiper-slide-inner\"><img decoding=\"async\" class=\"swiper-slide-image\" src=\"https:\/\/esst.cloud\/wp-content\/uploads\/2025\/12\/574208921_17925685410079276_2704847388732866633_n.jpg\" alt=\"574208921_17925685410079276_2704847388732866633_n\" \/><\/figure><\/div><div class=\"swiper-slide\" role=\"group\" aria-roledescription=\"slide\" aria-label=\"8 \u0645\u0646 \u0623\u0635\u0644 14\"><figure class=\"swiper-slide-inner\"><img decoding=\"async\" class=\"swiper-slide-image\" src=\"https:\/\/esst.cloud\/wp-content\/uploads\/2025\/12\/8d5eb6c4-34ba-4443-aaf3-65b8acf9db70.jpg\" alt=\"8d5eb6c4-34ba-4443-aaf3-65b8acf9db70\" \/><\/figure><\/div><div class=\"swiper-slide\" role=\"group\" aria-roledescription=\"slide\" aria-label=\"9 \u0645\u0646 \u0623\u0635\u0644 14\"><figure class=\"swiper-slide-inner\"><img decoding=\"async\" class=\"swiper-slide-image\" src=\"https:\/\/esst.cloud\/wp-content\/uploads\/2025\/12\/SnapInsta.to_474863503_17898583341108945_6562456410216698877_n.jpg\" alt=\"SnapInsta.to_474863503_17898583341108945_6562456410216698877_n\" \/><\/figure><\/div><div class=\"swiper-slide\" role=\"group\" aria-roledescription=\"slide\" aria-label=\"10 \u0645\u0646 14\"><figure class=\"swiper-slide-inner\"><img decoding=\"async\" class=\"swiper-slide-image\" src=\"https:\/\/esst.cloud\/wp-content\/uploads\/2025\/12\/SnapInsta.to_474940911_17898583332108945_1419927629597865396_n.jpg\" alt=\"SnapInsta.to_474940911_17898583332108945_1419927629597865396_n\" \/><\/figure><\/div><div class=\"swiper-slide\" role=\"group\" aria-roledescription=\"slide\" aria-label=\"11 \u0645\u0646 \u0623\u0635\u0644 14\"><figure class=\"swiper-slide-inner\"><img decoding=\"async\" class=\"swiper-slide-image\" src=\"https:\/\/esst.cloud\/wp-content\/uploads\/2025\/12\/SnapInsta.to_475029963_17898583377108945_4914056688510813111_n.jpg\" alt=\"SnapInsta.to_475029963_17898583377108945_4914056688510813111_n\" \/><\/figure><\/div><div class=\"swiper-slide\" role=\"group\" aria-roledescription=\"slide\" aria-label=\"12 \u0645\u0646 \u0623\u0635\u0644 14\"><figure class=\"swiper-slide-inner\"><img decoding=\"async\" class=\"swiper-slide-image\" src=\"https:\/\/esst.cloud\/wp-content\/uploads\/2025\/12\/SnapInsta.to_583808810_17926506642079276_2423791056280118371_n.jpg\" alt=\"SnapInsta.to_583808810_17926506642079276_2423791056280118371_n\" \/><\/figure><\/div><div class=\"swiper-slide\" role=\"group\" aria-roledescription=\"slide\" aria-label=\"13 \u0645\u0646 14\"><figure class=\"swiper-slide-inner\"><img decoding=\"async\" class=\"swiper-slide-image\" src=\"https:\/\/esst.cloud\/wp-content\/uploads\/2025\/12\/SnapInsta.to_584520536_17926506591079276_7759877400943742911_n.jpg\" alt=\"SnapInsta.to_584520536_17926506591079276_7759877400943742911_n\" \/><\/figure><\/div><div class=\"swiper-slide\" role=\"group\" aria-roledescription=\"slide\" aria-label=\"14 \u0645\u0646 14\"><figure class=\"swiper-slide-inner\"><img decoding=\"async\" class=\"swiper-slide-image\" src=\"https:\/\/esst.cloud\/wp-content\/uploads\/2025\/12\/ESST-BDEe-4-of-8-scaled.jpg\" alt=\"ESST BDE\u00e9 (4 of 8)\" \/><\/figure><\/div>\t\t\t<\/div>\n\t\t\t\t\t\t\t\t\t\t\t\t<div class=\"elementor-swiper-button elementor-swiper-button-prev\" role=\"button\" tabindex=\"0\">\n\t\t\t\t\t\t<svg aria-hidden=\"true\" class=\"e-font-icon-svg e-eicon-chevron-left\" viewbox=\"0 0 1000 1000\" xmlns=\"http:\/\/www.w3.org\/2000\/svg\"><path d=\"M646 125C629 125 613 133 604 142L308 442C296 454 292 471 292 487 292 504 296 521 308 533L604 854C617 867 629 875 646 875 663 875 679 871 692 858 704 846 713 829 713 812 713 796 708 779 692 767L438 487 692 225C700 217 708 204 708 187 708 171 704 154 692 142 675 129 663 125 646 125Z\"><\/path><\/svg>\t\t\t\t\t<\/div>\n\t\t\t\t\t<div class=\"elementor-swiper-button elementor-swiper-button-next\" role=\"button\" tabindex=\"0\">\n\t\t\t\t\t\t<svg aria-hidden=\"true\" class=\"e-font-icon-svg e-eicon-chevron-right\" viewbox=\"0 0 1000 1000\" xmlns=\"http:\/\/www.w3.org\/2000\/svg\"><path d=\"M696 533C708 521 713 504 713 487 713 471 708 454 696 446L400 146C388 133 375 125 354 125 338 125 325 129 313 142 300 154 292 171 292 187 292 204 296 221 308 233L563 492 304 771C292 783 288 800 288 817 288 833 296 850 308 863 321 871 338 875 354 875 371 875 388 867 400 854L696 533Z\"><\/path><\/svg>\t\t\t\t\t<\/div>\n\t\t\t\t\n\t\t\t\t\t\t\t\t\t<div class=\"swiper-pagination\"><\/div>\n\t\t\t\t\t\t\t\t\t<\/div>\n\t\t\t\t\t\t<\/div>\n\t\t\t\t<\/div>\n\t\t\t\t<\/div>\n\t\t<div data-particle_enable=\"false\" data-particle-mobile-disabled=\"false\" class=\"elementor-element elementor-element-305e80e e-con-full e-flex e-con e-child\" data-id=\"305e80e\" data-element_type=\"container\">\n\t\t\t\t<div class=\"elementor-element elementor-element-57ef4d5 elementor-widget elementor-widget-text-editor\" data-id=\"57ef4d5\" data-element_type=\"widget\" data-widget_type=\"text-editor.default\">\n\t\t\t\t<div class=\"elementor-widget-container\">\n\t\t\t\t\t\t\t\t\t<h5><strong>\u0627\u0644\u0623\u0646\u062f\u064a\u0629: \u0645\u0648\u0631\u062f \u0642\u064a\u0651\u0645 \u0644\u062a\u062f\u0631\u064a\u0628 \u0627\u0644\u0637\u0644\u0627\u0628<\/strong><\/h5><p><span style=\"font-weight: 400;\">\u062a\u064f\u0624\u062f\u064a \u0627\u0644\u0623\u0646\u062f\u064a\u0629 \u0627\u0644\u0637\u0644\u0627\u0628\u064a\u0629 \u062f\u0648\u0631\u064b\u0627 \u062d\u064a\u0648\u064a\u064b\u0627 \u0641\u064a \u062a\u0646\u0645\u064a\u0629 \u0627\u0644\u0637\u0627\u0644\u0628\u060c \u0625\u0630 \u062a\u064f\u062a\u064a\u062d \u0644\u0647 \u0635\u0642\u0644 \u0645\u0647\u0627\u0631\u0627\u062a\u0647 \u0627\u0644\u0639\u0645\u0644\u064a\u0629 \u0648\u0627\u0644\u0634\u062e\u0635\u064a\u0629 \u0648\u0627\u0644\u062a\u0646\u0638\u064a\u0645\u064a\u0629. \u0643\u0645\u0627 \u062a\u064f\u0648\u0641\u0631 \u0625\u0637\u0627\u0631\u064b\u0627 \u0644\u0644\u062a\u0641\u0627\u0639\u0644 \u062d\u0648\u0644 \u0627\u0647\u062a\u0645\u0627\u0645\u0627\u062a \u0645\u062a\u0646\u0648\u0639\u0629. \u0648\u062a\u0636\u0645 \u0645\u0624\u0633\u0633\u062a\u0646\u0627 \u0627\u0644\u0639\u062f\u064a\u062f \u0645\u0646 \u0627\u0644\u0623\u0646\u062f\u064a\u0629 \u0627\u0644\u0646\u0634\u0637\u0629\u060c \u0644\u0627 \u0633\u064a\u0645\u0627 \u0641\u064a \u0639\u0644\u0648\u0645 \u0627\u0644\u062d\u0627\u0633\u0648\u0628 \u0648\u0627\u0644\u0643\u064a\u0645\u064a\u0627\u0621 \u0648\u0627\u0644\u0625\u0644\u0643\u062a\u0631\u0648\u0646\u064a\u0627\u062a \u0648\u0627\u0644\u0645\u0648\u0633\u064a\u0642\u0649 \u0648\u0627\u0644\u0631\u064a\u0627\u0636\u0629 \u0648\u0627\u0644\u0639\u0645\u0644 \u0627\u0644\u062a\u0637\u0648\u0639\u064a\u060c \u0645\u0645\u0627 \u064a\u064f\u062a\u064a\u062d \u0644\u0644\u062c\u0645\u064a\u0639 \u0641\u0631\u0635\u0629 \u0627\u0644\u0645\u0634\u0627\u0631\u0643\u0629 \u0648\u0641\u0642\u064b\u0627 \u0644\u0634\u063a\u0641\u0647\u0645 \u0648\u0642\u064a\u0645\u0647\u0645.<\/span><\/p>\t\t\t\t\t\t\t\t<\/div>\n\t\t\t\t<\/div>\n\t\t\t\t<\/div>\n\t\t\t\t<\/div>\n\t\t\t\t<\/div>\n\t\t\t\t\t<\/div>\n\t\t\t\t<\/div>\n\t\t\t\t<\/div>","protected":false},"excerpt":{"rendered":"<p>Une vie estudiantine dynamique et enrichissante La vie estudiantine constitue un pilier fondamental de l\u2019exp\u00e9rience universitaire au sein de notre \u00e9tablissement. Elle offre aux \u00e9tudiants un cadre stimulant favorisant l\u2019\u00e9change, l\u2019ouverture et l\u2019\u00e9panouissement personnel, au-del\u00e0 des enseignements acad\u00e9miques. \u00c0 travers les diff\u00e9rentes activit\u00e9s culturelles, sportives, sociales et \u00e9v\u00e9nementielles, les \u00e9tudiants d\u00e9veloppent des comp\u00e9tences humaines essentielles [&hellip;]<\/p>","protected":false},"author":1,"featured_media":0,"parent":0,"menu_order":0,"comment_status":"closed","ping_status":"closed","template":"elementor_header_footer","meta":{"_eb_attr":"","footnotes":""},"class_list":["post-1481","page","type-page","status-publish","hentry"],"_links":{"self":[{"href":"https:\/\/esst.cloud\/ar\/wp-json\/wp\/v2\/pages\/1481","targetHints":{"allow":["GET"]}}],"collection":[{"href":"https:\/\/esst.cloud\/ar\/wp-json\/wp\/v2\/pages"}],"about":[{"href":"https:\/\/esst.cloud\/ar\/wp-json\/wp\/v2\/types\/page"}],"author":[{"embeddable":true,"href":"https:\/\/esst.cloud\/ar\/wp-json\/wp\/v2\/users\/1"}],"replies":[{"embeddable":true,"href":"https:\/\/esst.cloud\/ar\/wp-json\/wp\/v2\/comments?post=1481"}],"version-history":[{"count":29,"href":"https:\/\/esst.cloud\/ar\/wp-json\/wp\/v2\/pages\/1481\/revisions"}],"predecessor-version":[{"id":2654,"href":"https:\/\/esst.cloud\/ar\/wp-json\/wp\/v2\/pages\/1481\/revisions\/2654"}],"wp:attachment":[{"href":"https:\/\/esst.cloud\/ar\/wp-json\/wp\/v2\/media?parent=1481"}],"curies":[{"name":"wp","href":"https:\/\/api.w.org\/{rel}","templated":true}]}}