{"id":1442,"date":"2024-12-03T22:25:40","date_gmt":"2024-12-03T22:25:40","guid":{"rendered":"https:\/\/esst.atechcloudz.com\/?page_id=1442"},"modified":"2025-12-31T10:53:21","modified_gmt":"2025-12-31T10:53:21","slug":"partenariat-junia","status":"publish","type":"page","link":"https:\/\/esst.cloud\/ar\/partenariat-junia\/","title":{"rendered":"\u0634\u0631\u0627\u0643\u0629 \u062c\u0648\u0646\u064a\u0627"},"content":{"rendered":"<div data-elementor-type=\"wp-page\" data-elementor-id=\"1442\" class=\"elementor elementor-1442\" data-elementor-post-type=\"page\">\n\t\t\t\t<div data-particle_enable=\"false\" data-particle-mobile-disabled=\"false\" class=\"elementor-element elementor-element-233c57c e-con-full e-flex e-con e-parent\" data-id=\"233c57c\" data-element_type=\"container\" data-settings=\"{&quot;background_background&quot;:&quot;classic&quot;}\">\n\t\t<div data-particle_enable=\"false\" data-particle-mobile-disabled=\"false\" class=\"elementor-element elementor-element-5a500d2 e-flex e-con-boxed e-con e-child\" data-id=\"5a500d2\" data-element_type=\"container\" data-settings=\"{&quot;background_background&quot;:&quot;classic&quot;}\">\n\t\t\t\t\t<div class=\"e-con-inner\">\n\t\t\t\t<div class=\"elementor-element elementor-element-c5ace77 elementor-widget elementor-widget-spacer\" data-id=\"c5ace77\" data-element_type=\"widget\" data-widget_type=\"spacer.default\">\n\t\t\t\t<div class=\"elementor-widget-container\">\n\t\t\t\t\t\t\t<div class=\"elementor-spacer\">\n\t\t\t<div class=\"elementor-spacer-inner\"><\/div>\n\t\t<\/div>\n\t\t\t\t\t\t<\/div>\n\t\t\t\t<\/div>\n\t\t\t\t\t<\/div>\n\t\t\t\t<\/div>\n\t\t\t\t<\/div>\n\t\t<div data-particle_enable=\"false\" data-particle-mobile-disabled=\"false\" class=\"elementor-element elementor-element-016e138 e-flex e-con-boxed e-con e-parent\" data-id=\"016e138\" data-element_type=\"container\">\n\t\t\t\t\t<div class=\"e-con-inner\">\n\t\t<div data-particle_enable=\"false\" data-particle-mobile-disabled=\"false\" class=\"elementor-element elementor-element-f2ecdeb e-con-full e-flex e-con e-child\" data-id=\"f2ecdeb\" data-element_type=\"container\">\n\t\t<div data-particle_enable=\"false\" data-particle-mobile-disabled=\"false\" class=\"elementor-element elementor-element-8a34a5b e-con-full e-flex e-con e-child\" data-id=\"8a34a5b\" data-element_type=\"container\" data-settings=\"{&quot;background_background&quot;:&quot;classic&quot;}\">\n\t\t<div data-particle_enable=\"false\" data-particle-mobile-disabled=\"false\" class=\"elementor-element elementor-element-092880f e-con-full e-flex e-con e-child\" data-id=\"092880f\" data-element_type=\"container\">\n\t\t\t\t<div class=\"elementor-element elementor-element-8051a78 elementor-widget elementor-widget-image\" data-id=\"8051a78\" data-element_type=\"widget\" data-widget_type=\"image.default\">\n\t\t\t\t<div class=\"elementor-widget-container\">\n\t\t\t\t\t\t\t\t\t\t\t\t\t\t\t<img fetchpriority=\"high\" decoding=\"async\" width=\"768\" height=\"576\" src=\"https:\/\/esst.cloud\/wp-content\/uploads\/2025\/11\/junia-ecole-ingenieurs-lille-768x576.jpg\" class=\"attachment-medium_large size-medium_large wp-image-2221\" alt=\"\" srcset=\"https:\/\/esst.cloud\/wp-content\/uploads\/2025\/11\/junia-ecole-ingenieurs-lille-768x576.jpg 768w, https:\/\/esst.cloud\/wp-content\/uploads\/2025\/11\/junia-ecole-ingenieurs-lille-300x225.jpg 300w, https:\/\/esst.cloud\/wp-content\/uploads\/2025\/11\/junia-ecole-ingenieurs-lille-1024x768.jpg 1024w, https:\/\/esst.cloud\/wp-content\/uploads\/2025\/11\/junia-ecole-ingenieurs-lille-1536x1152.jpg 1536w, https:\/\/esst.cloud\/wp-content\/uploads\/2025\/11\/junia-ecole-ingenieurs-lille-16x12.jpg 16w, https:\/\/esst.cloud\/wp-content\/uploads\/2025\/11\/junia-ecole-ingenieurs-lille.jpg 2016w\" sizes=\"(max-width: 768px) 100vw, 768px\" \/>\t\t\t\t\t\t\t\t\t\t\t\t\t\t\t<\/div>\n\t\t\t\t<\/div>\n\t\t\t\t<\/div>\n\t\t<div data-particle_enable=\"false\" data-particle-mobile-disabled=\"false\" class=\"elementor-element elementor-element-305e80e e-con-full e-flex e-con e-child\" data-id=\"305e80e\" data-element_type=\"container\">\n\t\t\t\t<div class=\"elementor-element elementor-element-57ef4d5 elementor-widget elementor-widget-text-editor\" data-id=\"57ef4d5\" data-element_type=\"widget\" data-widget_type=\"text-editor.default\">\n\t\t\t\t<div class=\"elementor-widget-container\">\n\t\t\t\t\t\t\t\t\t<h5><strong>\u0634\u0631\u0627\u0643\u0629 \u0645\u0645\u064a\u0632\u0629 \u0645\u0639 JUNIA\u060c \u0648\u0647\u064a \u0645\u062f\u0631\u0633\u0629 \u0647\u0646\u062f\u0633\u064a\u0629 \u0631\u0627\u0626\u062f\u0629 \u0641\u064a \u0641\u0631\u0646\u0633\u0627<\/strong><\/h5><p><span style=\"font-weight: 400;\">\u0628\u0641\u0636\u0644 \u0634\u0631\u0627\u0643\u062a\u0646\u0627 \u0645\u0639 \u062c\u0627\u0645\u0639\u0629 \u062c\u0648\u0646\u064a\u0627\u060c \u0648\u0647\u064a \u0643\u0644\u064a\u0629 \u0647\u0646\u062f\u0633\u0629 \u0645\u0631\u0645\u0648\u0642\u0629 \u0641\u064a \u0641\u0631\u0646\u0633\u0627\u060c \u062a\u062a\u0627\u062d \u0644\u0637\u0644\u0627\u0628\u0646\u0627 \u0648\u0623\u0633\u0627\u062a\u0630\u062a\u0646\u0627 \u0641\u0631\u0635\u0629 \u0627\u0644\u0627\u0633\u062a\u0641\u0627\u062f\u0629 \u0645\u0646 \u062a\u062c\u0631\u0628\u0629 \u062f\u0648\u0644\u064a\u0629 \u062b\u0631\u064a\u0629 \u0636\u0645\u0646 \u0628\u0631\u0646\u0627\u0645\u062c \u0625\u064a\u0631\u0627\u0633\u0645\u0648\u0633+. \u0648\u062a\u0639\u0632\u0632 \u0647\u0630\u0647 \u0627\u0644\u0634\u0631\u0627\u0643\u0629 \u062a\u0628\u0627\u062f\u0644 \u0627\u0644\u0645\u0639\u0631\u0641\u0629 \u0648\u062a\u0637\u0648\u064a\u0631 \u0627\u0644\u0645\u0647\u0627\u0631\u0627\u062a \u0641\u064a \u0645\u062c\u0627\u0644\u0627\u062a \u0631\u0627\u0626\u062f\u0629.<\/span><\/p>\t\t\t\t\t\t\t\t<\/div>\n\t\t\t\t<\/div>\n\t\t\t\t<\/div>\n\t\t\t\t<\/div>\n\t\t\t\t<\/div>\n\t\t\t\t\t<\/div>\n\t\t\t\t<\/div>\n\t\t<div data-particle_enable=\"false\" data-particle-mobile-disabled=\"false\" class=\"elementor-element elementor-element-a58fc52 e-flex e-con-boxed e-con e-parent\" data-id=\"a58fc52\" data-element_type=\"container\">\n\t\t\t\t\t<div class=\"e-con-inner\">\n\t\t<div data-particle_enable=\"false\" data-particle-mobile-disabled=\"false\" class=\"elementor-element elementor-element-c6d00f8 e-con-full e-flex e-con e-child\" data-id=\"c6d00f8\" data-element_type=\"container\">\n\t\t<div data-particle_enable=\"false\" data-particle-mobile-disabled=\"false\" class=\"elementor-element elementor-element-b4229ea e-con-full e-flex e-con e-child\" data-id=\"b4229ea\" data-element_type=\"container\">\n\t\t<div data-particle_enable=\"false\" data-particle-mobile-disabled=\"false\" class=\"elementor-element elementor-element-cd66357 e-con-full e-flex e-con e-child\" data-id=\"cd66357\" data-element_type=\"container\" data-settings=\"{&quot;background_background&quot;:&quot;classic&quot;}\">\n\t\t<div data-particle_enable=\"false\" data-particle-mobile-disabled=\"false\" class=\"elementor-element elementor-element-f9540f6 e-con-full e-flex e-con e-child\" data-id=\"f9540f6\" data-element_type=\"container\">\n\t\t\t\t<div class=\"elementor-element elementor-element-3a846a4 elementor-widget elementor-widget-heading\" data-id=\"3a846a4\" data-element_type=\"widget\" data-widget_type=\"heading.default\">\n\t\t\t\t<div class=\"elementor-widget-container\">\n\t\t\t\t\t<h5 class=\"elementor-heading-title elementor-size-default\">\u0627\u0644\u062a\u0646\u0642\u0644 \u0627\u0644\u0637\u0644\u0627\u0628\u064a<\/h5>\t\t\t\t<\/div>\n\t\t\t\t<\/div>\n\t\t\t\t<div class=\"elementor-element elementor-element-d6e0302 elementor-widget elementor-widget-text-editor\" data-id=\"d6e0302\" data-element_type=\"widget\" data-widget_type=\"text-editor.default\">\n\t\t\t\t<div class=\"elementor-widget-container\">\n\t\t\t\t\t\t\t\t\t<p><span style=\"font-weight: 400;\">\u064a\u0645\u0643\u0646 \u0644\u0637\u0644\u0627\u0628 \u0628\u0631\u0646\u0627\u0645\u062c ESST \u0625\u0643\u0645\u0627\u0644 \u062c\u0632\u0621 \u0645\u0646 \u062f\u0631\u0627\u0633\u062a\u0647\u0645 \u0641\u064a \u062c\u0627\u0645\u0639\u0629 \u062c\u0648\u0646\u064a\u0627 \u0636\u0645\u0646 \u0628\u0631\u0646\u0627\u0645\u062c \u0625\u064a\u0631\u0627\u0633\u0645\u0648\u0633+. \u064a\u0642\u062f\u0645 \u0647\u0630\u0627 \u0627\u0644\u0628\u0631\u0646\u0627\u0645\u062c \u0645\u0627 \u064a\u0644\u064a:<\/span><\/p><p><span style=\"font-weight: 400;\">\u0627\u0646\u063a\u0645\u0627\u0633 \u0623\u0643\u0627\u062f\u064a\u0645\u064a \u0648\u062b\u0642\u0627\u0641\u064a \u0641\u064a \u0641\u0631\u0646\u0633\u0627\u060c \u0636\u0645\u0646 \u0645\u0624\u0633\u0633\u0629 \u0645\u0639\u062a\u0631\u0641 \u0628\u0647\u0627.<\/span><span style=\"font-weight: 400;\"><br \/><br \/><\/span><\/p><p><span style=\"font-weight: 400;\">\u0627\u0644\u0648\u0635\u0648\u0644 \u0625\u0644\u0649 \u0628\u0631\u0627\u0645\u062c \u0645\u062a\u062e\u0635\u0635\u0629 \u0641\u064a \u0645\u062c\u0627\u0644\u0627\u062a \u0645\u062a\u0646\u0648\u0639\u0629 \u0645\u062b\u0644 \u0627\u0644\u0632\u0631\u0627\u0639\u0629 \u0648\u0627\u0644\u063a\u0630\u0627\u0621 \u0648\u0627\u0644\u0637\u0627\u0642\u0629 \u0627\u0644\u0645\u062a\u062c\u062f\u062f\u0629 \u0648\u0627\u0644\u0630\u0643\u0627\u0621 \u0627\u0644\u0627\u0635\u0637\u0646\u0627\u0639\u064a \u0648\u0639\u0644\u0648\u0645 \u0627\u0644\u0628\u064a\u0626\u0629.<\/span><span style=\"font-weight: 400;\"><br \/><br \/><\/span><\/p><p><span style=\"font-weight: 400;\">\u062a\u0637\u0648\u064a\u0631 \u0627\u0644\u0645\u0647\u0627\u0631\u0627\u062a \u0627\u0644\u062f\u0648\u0644\u064a\u0629: \u062a\u062a\u064a\u062d \u0647\u0630\u0647 \u0627\u0644\u062a\u062c\u0631\u0628\u0629 \u0644\u0644\u0637\u0644\u0627\u0628 \u062a\u0639\u0632\u064a\u0632 \u0645\u0647\u0627\u0631\u0627\u062a\u0647\u0645 \u0627\u0644\u0644\u063a\u0648\u064a\u0629 \u0648\u0627\u0644\u062b\u0642\u0627\u0641\u064a\u0629 \u0648\u0627\u0644\u0645\u0647\u0646\u064a\u0629.<\/span><\/p>\t\t\t\t\t\t\t\t<\/div>\n\t\t\t\t<\/div>\n\t\t\t\t<\/div>\n\t\t<div data-particle_enable=\"false\" data-particle-mobile-disabled=\"false\" class=\"elementor-element elementor-element-aea4cba e-con-full e-flex e-con e-child\" data-id=\"aea4cba\" data-element_type=\"container\">\n\t\t\t\t<div class=\"elementor-element elementor-element-e157510 elementor-widget elementor-widget-image\" data-id=\"e157510\" data-element_type=\"widget\" data-widget_type=\"image.default\">\n\t\t\t\t<div class=\"elementor-widget-container\">\n\t\t\t\t\t\t\t\t\t\t\t\t\t\t\t<img decoding=\"async\" width=\"768\" height=\"512\" src=\"https:\/\/esst.cloud\/wp-content\/uploads\/2025\/11\/HEI-e1695894638330-1024x683-1-768x512.jpg\" class=\"attachment-medium_large size-medium_large wp-image-2218\" alt=\"\" srcset=\"https:\/\/esst.cloud\/wp-content\/uploads\/2025\/11\/HEI-e1695894638330-1024x683-1-768x512.jpg 768w, https:\/\/esst.cloud\/wp-content\/uploads\/2025\/11\/HEI-e1695894638330-1024x683-1-300x200.jpg 300w, https:\/\/esst.cloud\/wp-content\/uploads\/2025\/11\/HEI-e1695894638330-1024x683-1-18x12.jpg 18w, https:\/\/esst.cloud\/wp-content\/uploads\/2025\/11\/HEI-e1695894638330-1024x683-1.jpg 1024w\" sizes=\"(max-width: 768px) 100vw, 768px\" \/>\t\t\t\t\t\t\t\t\t\t\t\t\t\t\t<\/div>\n\t\t\t\t<\/div>\n\t\t\t\t<\/div>\n\t\t\t\t<\/div>\n\t\t\t\t<\/div>\n\t\t\t\t<\/div>\n\t\t\t\t\t<\/div>\n\t\t\t\t<\/div>\n\t\t\t\t<\/div>","protected":false},"excerpt":{"rendered":"<p>Un partenariat privil\u00e9gi\u00e9 avec JUNIA, grande \u00e9cole d\u2019ing\u00e9nieurs en France Gr\u00e2ce \u00e0 notre partenariat avec JUNIA, une \u00e9cole d\u2019ing\u00e9nieurs reconnue en France, nos \u00e9tudiants et enseignants ont l\u2019opportunit\u00e9 de b\u00e9n\u00e9ficier d\u2019une exp\u00e9rience internationale enrichissante dans le cadre du programme Erasmus+. Ce partenariat favorise l\u2019\u00e9change de connaissances et le d\u00e9veloppement de comp\u00e9tences dans des domaines de [&hellip;]<\/p>","protected":false},"author":1,"featured_media":0,"parent":0,"menu_order":0,"comment_status":"closed","ping_status":"closed","template":"elementor_header_footer","meta":{"_eb_attr":"","footnotes":""},"class_list":["post-1442","page","type-page","status-publish","hentry"],"_links":{"self":[{"href":"https:\/\/esst.cloud\/ar\/wp-json\/wp\/v2\/pages\/1442","targetHints":{"allow":["GET"]}}],"collection":[{"href":"https:\/\/esst.cloud\/ar\/wp-json\/wp\/v2\/pages"}],"about":[{"href":"https:\/\/esst.cloud\/ar\/wp-json\/wp\/v2\/types\/page"}],"author":[{"embeddable":true,"href":"https:\/\/esst.cloud\/ar\/wp-json\/wp\/v2\/users\/1"}],"replies":[{"embeddable":true,"href":"https:\/\/esst.cloud\/ar\/wp-json\/wp\/v2\/comments?post=1442"}],"version-history":[{"count":9,"href":"https:\/\/esst.cloud\/ar\/wp-json\/wp\/v2\/pages\/1442\/revisions"}],"predecessor-version":[{"id":2561,"href":"https:\/\/esst.cloud\/ar\/wp-json\/wp\/v2\/pages\/1442\/revisions\/2561"}],"wp:attachment":[{"href":"https:\/\/esst.cloud\/ar\/wp-json\/wp\/v2\/media?parent=1442"}],"curies":[{"name":"wp","href":"https:\/\/api.w.org\/{rel}","templated":true}]}}