{"id":1436,"date":"2024-12-03T21:57:12","date_gmt":"2024-12-03T21:57:12","guid":{"rendered":"https:\/\/esst.atechcloudz.com\/?page_id=1436"},"modified":"2025-12-31T10:58:56","modified_gmt":"2025-12-31T10:58:56","slug":"partenariat-efrei","status":"publish","type":"page","link":"https:\/\/esst.cloud\/ar\/partenariat-efrei\/","title":{"rendered":"\u0634\u0631\u0627\u0643\u0629 EFREI"},"content":{"rendered":"<div data-elementor-type=\"wp-page\" data-elementor-id=\"1436\" class=\"elementor elementor-1436\" data-elementor-post-type=\"page\">\n\t\t\t\t<div data-particle_enable=\"false\" data-particle-mobile-disabled=\"false\" class=\"elementor-element elementor-element-233c57c e-con-full e-flex e-con e-parent\" data-id=\"233c57c\" data-element_type=\"container\" data-settings=\"{&quot;background_background&quot;:&quot;classic&quot;}\">\n\t\t<div data-particle_enable=\"false\" data-particle-mobile-disabled=\"false\" class=\"elementor-element elementor-element-5a500d2 e-flex e-con-boxed e-con e-child\" data-id=\"5a500d2\" data-element_type=\"container\" data-settings=\"{&quot;background_background&quot;:&quot;classic&quot;}\">\n\t\t\t\t\t<div class=\"e-con-inner\">\n\t\t\t\t<div class=\"elementor-element elementor-element-c5ace77 elementor-widget elementor-widget-spacer\" data-id=\"c5ace77\" data-element_type=\"widget\" data-widget_type=\"spacer.default\">\n\t\t\t\t<div class=\"elementor-widget-container\">\n\t\t\t\t\t\t\t<div class=\"elementor-spacer\">\n\t\t\t<div class=\"elementor-spacer-inner\"><\/div>\n\t\t<\/div>\n\t\t\t\t\t\t<\/div>\n\t\t\t\t<\/div>\n\t\t\t\t\t<\/div>\n\t\t\t\t<\/div>\n\t\t\t\t<\/div>\n\t\t<div data-particle_enable=\"false\" data-particle-mobile-disabled=\"false\" class=\"elementor-element elementor-element-016e138 e-flex e-con-boxed e-con e-parent\" data-id=\"016e138\" data-element_type=\"container\">\n\t\t\t\t\t<div class=\"e-con-inner\">\n\t\t<div data-particle_enable=\"false\" data-particle-mobile-disabled=\"false\" class=\"elementor-element elementor-element-f2ecdeb e-con-full e-flex e-con e-child\" data-id=\"f2ecdeb\" data-element_type=\"container\">\n\t\t<div data-particle_enable=\"false\" data-particle-mobile-disabled=\"false\" class=\"elementor-element elementor-element-8a34a5b e-con-full e-flex e-con e-child\" data-id=\"8a34a5b\" data-element_type=\"container\" data-settings=\"{&quot;background_background&quot;:&quot;classic&quot;}\">\n\t\t<div data-particle_enable=\"false\" data-particle-mobile-disabled=\"false\" class=\"elementor-element elementor-element-092880f e-con-full e-flex e-con e-child\" data-id=\"092880f\" data-element_type=\"container\">\n\t\t\t\t<div class=\"elementor-element elementor-element-8051a78 elementor-widget elementor-widget-image\" data-id=\"8051a78\" data-element_type=\"widget\" data-widget_type=\"image.default\">\n\t\t\t\t<div class=\"elementor-widget-container\">\n\t\t\t\t\t\t\t\t\t\t\t\t\t\t\t<img fetchpriority=\"high\" decoding=\"async\" width=\"768\" height=\"511\" src=\"https:\/\/esst.cloud\/wp-content\/uploads\/2025\/11\/groupeetudiantsefreicampusparis-1623x1080-1-768x511.jpg\" class=\"attachment-medium_large size-medium_large wp-image-2217\" alt=\"\" srcset=\"https:\/\/esst.cloud\/wp-content\/uploads\/2025\/11\/groupeetudiantsefreicampusparis-1623x1080-1-768x511.jpg 768w, https:\/\/esst.cloud\/wp-content\/uploads\/2025\/11\/groupeetudiantsefreicampusparis-1623x1080-1-300x200.jpg 300w, https:\/\/esst.cloud\/wp-content\/uploads\/2025\/11\/groupeetudiantsefreicampusparis-1623x1080-1-1024x681.jpg 1024w, https:\/\/esst.cloud\/wp-content\/uploads\/2025\/11\/groupeetudiantsefreicampusparis-1623x1080-1-1536x1022.jpg 1536w, https:\/\/esst.cloud\/wp-content\/uploads\/2025\/11\/groupeetudiantsefreicampusparis-1623x1080-1-18x12.jpg 18w, https:\/\/esst.cloud\/wp-content\/uploads\/2025\/11\/groupeetudiantsefreicampusparis-1623x1080-1.jpg 1623w\" sizes=\"(max-width: 768px) 100vw, 768px\" \/>\t\t\t\t\t\t\t\t\t\t\t\t\t\t\t<\/div>\n\t\t\t\t<\/div>\n\t\t\t\t<\/div>\n\t\t<div data-particle_enable=\"false\" data-particle-mobile-disabled=\"false\" class=\"elementor-element elementor-element-305e80e e-con-full e-flex e-con e-child\" data-id=\"305e80e\" data-element_type=\"container\">\n\t\t\t\t<div class=\"elementor-element elementor-element-57ef4d5 elementor-widget elementor-widget-text-editor\" data-id=\"57ef4d5\" data-element_type=\"widget\" data-widget_type=\"text-editor.default\">\n\t\t\t\t<div class=\"elementor-widget-container\">\n\t\t\t\t\t\t\t\t\t<h5><strong>\u062a\u0639\u0627\u0648\u0646 \u062f\u0648\u0644\u064a \u0644\u062f\u0631\u0627\u0633\u0627\u062a \u0645\u062a\u0645\u064a\u0632\u0629:<\/strong><\/h5><p><span style=\"font-weight: 400;\">\u0628\u0641\u0636\u0644 \u0634\u0631\u0627\u0643\u062a\u0646\u0627 \u0627\u0644\u0645\u062a\u0645\u064a\u0632\u0629 \u0645\u0639 \u0645\u0639\u0647\u062f EFREI Paris\u060c \u0623\u062d\u062f \u0623\u0639\u0631\u0642 \u0627\u0644\u0645\u0639\u0627\u0647\u062f \u0627\u0644\u0623\u0648\u0631\u0648\u0628\u064a\u0629 \u0641\u064a \u0645\u062c\u0627\u0644 \u0627\u0644\u062a\u0642\u0646\u064a\u0627\u062a \u0627\u0644\u0631\u0642\u0645\u064a\u0629\u060c \u064a\u062d\u0638\u0649 \u0637\u0644\u0627\u0628\u0646\u0627 \u0628\u0641\u0631\u0635\u0629 \u0641\u0631\u064a\u062f\u0629 \u0644\u0645\u062a\u0627\u0628\u0639\u0629 \u0645\u0646\u0647\u062c \u062f\u0648\u0644\u064a \u064a\u062c\u0645\u0639 \u0628\u064a\u0646 \u0627\u0644\u062a\u062f\u0631\u064a\u0628 \u0627\u0644\u0645\u062d\u0644\u064a \u0648\u0627\u0644\u062e\u0628\u0631\u0629 \u0627\u0644\u0639\u0645\u0644\u064a\u0629 \u0641\u064a \u0641\u0631\u0646\u0633\u0627. \u064a\u062a\u064a\u062d \u0647\u0630\u0627 \u0627\u0644\u0628\u0631\u0646\u0627\u0645\u062c \u0627\u0644\u0645\u0628\u062a\u0643\u0631 \u0644\u0644\u0637\u0644\u0627\u0628 \u0627\u0644\u0627\u0633\u062a\u0641\u0627\u062f\u0629 \u0645\u0646 \u062a\u0639\u0644\u064a\u0645 \u0634\u0627\u0645\u0644: \u0633\u0646\u062a\u0627\u0646 \u0645\u0646 \u0627\u0644\u062f\u0631\u0627\u0633\u0629 \u0627\u0644\u062a\u062d\u0636\u064a\u0631\u064a\u0629 \u0641\u064a \u0645\u0639\u0647\u062f\u0646\u0627\u060c \u062a\u0644\u064a\u0647\u0627 \u062b\u0644\u0627\u062b \u0633\u0646\u0648\u0627\u062a \u0645\u0646 \u0627\u0644\u062a\u062e\u0635\u0635 \u0641\u064a \u0645\u0639\u0647\u062f EFREI Paris. <\/span><\/p>\t\t\t\t\t\t\t\t<\/div>\n\t\t\t\t<\/div>\n\t\t\t\t<\/div>\n\t\t\t\t<\/div>\n\t\t\t\t<\/div>\n\t\t\t\t\t<\/div>\n\t\t\t\t<\/div>\n\t\t<div data-particle_enable=\"false\" data-particle-mobile-disabled=\"false\" class=\"elementor-element elementor-element-a58fc52 e-flex e-con-boxed e-con e-parent\" data-id=\"a58fc52\" data-element_type=\"container\">\n\t\t\t\t\t<div class=\"e-con-inner\">\n\t\t<div data-particle_enable=\"false\" data-particle-mobile-disabled=\"false\" class=\"elementor-element elementor-element-c6d00f8 e-con-full e-flex e-con e-child\" data-id=\"c6d00f8\" data-element_type=\"container\">\n\t\t<div data-particle_enable=\"false\" data-particle-mobile-disabled=\"false\" class=\"elementor-element elementor-element-b4229ea e-con-full e-flex e-con e-child\" data-id=\"b4229ea\" data-element_type=\"container\">\n\t\t<div data-particle_enable=\"false\" data-particle-mobile-disabled=\"false\" class=\"elementor-element elementor-element-cd66357 e-con-full e-flex e-con e-child\" data-id=\"cd66357\" data-element_type=\"container\" data-settings=\"{&quot;background_background&quot;:&quot;classic&quot;}\">\n\t\t<div data-particle_enable=\"false\" data-particle-mobile-disabled=\"false\" class=\"elementor-element elementor-element-f9540f6 e-con-full e-flex e-con e-child\" data-id=\"f9540f6\" data-element_type=\"container\">\n\t\t\t\t<div class=\"elementor-element elementor-element-3a846a4 elementor-widget elementor-widget-heading\" data-id=\"3a846a4\" data-element_type=\"widget\" data-widget_type=\"heading.default\">\n\t\t\t\t<div class=\"elementor-widget-container\">\n\t\t\t\t\t<h5 class=\"elementor-heading-title elementor-size-default\">\u0631\u062d\u0644\u0629 \u0645\u0646 \u0645\u0631\u062d\u0644\u062a\u064a\u0646<\/h5>\t\t\t\t<\/div>\n\t\t\t\t<\/div>\n\t\t\t\t<div class=\"elementor-element elementor-element-d6e0302 elementor-widget elementor-widget-text-editor\" data-id=\"d6e0302\" data-element_type=\"widget\" data-widget_type=\"text-editor.default\">\n\t\t\t\t<div class=\"elementor-widget-container\">\n\t\t\t\t\t\t\t\t\t<p>\u00a0<\/p><p><span style=\"font-weight: 400;\">\u0633\u0646\u062a\u0627\u0646 \u0645\u0646 \u0627\u0644\u062a\u062d\u0636\u064a\u0631 \u0644\u0627\u0645\u062a\u062d\u0627\u0646 ESST:<\/span><span style=\"font-weight: 400;\"><br \/><\/span><span style=\"font-weight: 400;\"> \u062a\u064f\u062e\u0635\u0635 \u0627\u0644\u0633\u0646\u062a\u0627\u0646 \u0627\u0644\u0623\u0648\u0644\u064a\u0627\u0646 \u0644\u0644\u0625\u0639\u062f\u0627\u062f \u0627\u0644\u0639\u0644\u0645\u064a \u0648\u0627\u0644\u062a\u0642\u0646\u064a. \u0648\u062a\u0647\u062f\u0641 \u0647\u0630\u0647 \u0627\u0644\u062f\u0648\u0631\u0629 \u0627\u0644\u062a\u062d\u0636\u064a\u0631\u064a\u0629 \u0625\u0644\u0649 \u062a\u0639\u0632\u064a\u0632 \u0627\u0644\u0623\u0633\u0633 \u0641\u064a \u0627\u0644\u0639\u0644\u0648\u0645 \u0627\u0644\u0647\u0646\u062f\u0633\u064a\u0629.\u00a0<\/span><\/p><p><span style=\"font-weight: 400;\">\u062b\u0644\u0627\u062b \u0633\u0646\u0648\u0627\u062a \u0641\u064a \u0645\u0639\u0647\u062f \u0625\u064a\u0641\u0631\u064a \u0628\u0627\u0631\u064a\u0633:<\/span><span style=\"font-weight: 400;\"><br \/><\/span><span style=\"font-weight: 400;\"> \u0628\u0639\u062f \u0625\u062a\u0645\u0627\u0645 \u0627\u0644\u0645\u0631\u062d\u0644\u0629 \u0627\u0644\u062a\u062d\u0636\u064a\u0631\u064a\u0629 \u0628\u0646\u062c\u0627\u062d\u060c \u064a\u0644\u062a\u062d\u0642 \u0627\u0644\u0637\u0644\u0627\u0628 \u0645\u0628\u0627\u0634\u0631\u0629\u064b \u0628\u0628\u0631\u0646\u0627\u0645\u062c \u0627\u0644\u0647\u0646\u062f\u0633\u0629 \u0641\u064a \u0645\u0639\u0647\u062f EFREI \u0628\u0627\u0631\u064a\u0633. \u0648\u064a\u0645\u0643\u0646\u0647\u0645 \u0628\u0639\u062f \u0630\u0644\u0643 \u0627\u0644\u0627\u062e\u062a\u064a\u0627\u0631 \u0645\u0646 \u0628\u064a\u0646 \u0645\u062c\u0645\u0648\u0639\u0629 \u0648\u0627\u0633\u0639\u0629 \u0645\u0646 \u0627\u0644\u062a\u062e\u0635\u0635\u0627\u062a: \u0627\u0644\u0630\u0643\u0627\u0621 \u0627\u0644\u0627\u0635\u0637\u0646\u0627\u0639\u064a\u060c \u0648\u0627\u0644\u0623\u0645\u0646 \u0627\u0644\u0633\u064a\u0628\u0631\u0627\u0646\u064a\u060c \u0648\u0639\u0644\u0645 \u0627\u0644\u0628\u064a\u0627\u0646\u0627\u062a\u060c \u0648\u0627\u0644\u0623\u0646\u0638\u0645\u0629 \u0627\u0644\u0645\u062f\u0645\u062c\u0629\u060c \u0648\u063a\u064a\u0631\u0647\u0627\u060c \u0648\u0630\u0644\u0643 \u0628\u062d\u0633\u0628 \u062a\u0637\u0644\u0639\u0627\u062a\u0647\u0645 \u0627\u0644\u0645\u0647\u0646\u064a\u0629.<\/span><\/p>\t\t\t\t\t\t\t\t<\/div>\n\t\t\t\t<\/div>\n\t\t\t\t<div class=\"elementor-element elementor-element-5c3bc8d elementor-widget elementor-widget-heading\" data-id=\"5c3bc8d\" data-element_type=\"widget\" data-widget_type=\"heading.default\">\n\t\t\t\t<div class=\"elementor-widget-container\">\n\t\t\t\t\t<h5 class=\"elementor-heading-title elementor-size-default\">\u062a\u062c\u0631\u0628\u0629 \u0623\u0643\u0627\u062f\u064a\u0645\u064a\u0629 \u0648\u062b\u0642\u0627\u0641\u064a\u0629 \u0645\u0632\u062f\u0648\u062c\u0629<\/h5>\t\t\t\t<\/div>\n\t\t\t\t<\/div>\n\t\t\t\t<div class=\"elementor-element elementor-element-2eef166 elementor-widget elementor-widget-text-editor\" data-id=\"2eef166\" data-element_type=\"widget\" data-widget_type=\"text-editor.default\">\n\t\t\t\t<div class=\"elementor-widget-container\">\n\t\t\t\t\t\t\t\t\t<p>\u00a0<\/p><p><span style=\"font-weight: 400;\">\u064a\u064f\u0642\u062f\u0651\u0645 \u0647\u0630\u0627 \u0627\u0644\u0628\u0631\u0646\u0627\u0645\u062c \u0627\u0644\u0641\u0631\u064a\u062f \u0644\u0644\u0637\u0644\u0627\u0628 \u0645\u0632\u064a\u062c\u0627\u064b \u0645\u0646 \u0627\u0644\u062a\u062f\u0631\u064a\u0628 \u0627\u0644\u0623\u0643\u0627\u062f\u064a\u0645\u064a \u0631\u0641\u064a\u0639 \u0627\u0644\u0645\u0633\u062a\u0648\u0649 \u0641\u064a \u0645\u0624\u0633\u0633\u062a\u064a\u0646 \u0645\u0631\u0645\u0648\u0642\u062a\u064a\u0646\u060c \u0648\u062a\u062c\u0631\u0628\u0629 \u062f\u0648\u0644\u064a\u0629 \u062b\u0631\u064a\u0629. \u0648\u064a\u0633\u062a\u0641\u064a\u062f\u0648\u0646 \u0645\u0646 \u0628\u064a\u0626\u0629 \u0645\u062d\u0641\u0632\u0629 \u0641\u064a \u0628\u0627\u0631\u064a\u0633\u060c \u0628\u064a\u0646\u0645\u0627 \u064a\u0637\u0648\u0631\u0648\u0646 \u0645\u0647\u0627\u0631\u0627\u062a\u0647\u0645 \u0641\u064a \u0645\u062c\u0627\u0644\u0627\u062a \u062a\u0643\u0646\u0648\u0644\u0648\u062c\u064a\u0629 \u0633\u0631\u064a\u0639\u0629 \u0627\u0644\u062a\u0637\u0648\u0631.<\/span><\/p>\t\t\t\t\t\t\t\t<\/div>\n\t\t\t\t<\/div>\n\t\t\t\t<div class=\"elementor-element elementor-element-681d8ff elementor-widget elementor-widget-heading\" data-id=\"681d8ff\" data-element_type=\"widget\" data-widget_type=\"heading.default\">\n\t\t\t\t<div class=\"elementor-widget-container\">\n\t\t\t\t\t<h5 class=\"elementor-heading-title elementor-size-default\">\u0641\u0648\u0627\u0626\u062f \u0627\u0644\u0628\u0631\u0646\u0627\u0645\u062c<\/h5>\t\t\t\t<\/div>\n\t\t\t\t<\/div>\n\t\t\t\t<div class=\"elementor-element elementor-element-e8dd44d elementor-widget elementor-widget-text-editor\" data-id=\"e8dd44d\" data-element_type=\"widget\" data-widget_type=\"text-editor.default\">\n\t\t\t\t<div class=\"elementor-widget-container\">\n\t\t\t\t\t\t\t\t\t<p>\u00a0<\/p><ul><li style=\"font-weight: 400;\" aria-level=\"1\"><span style=\"font-weight: 400;\">\u0634\u0647\u0627\u062f\u0629 \u0647\u0646\u062f\u0633\u064a\u0629 \u0645\u0639\u062a\u0645\u062f\u0629 \u0648\u0645\u0639\u062a\u0631\u0641 \u0628\u0647\u0627 \u0645\u0646 \u0642\u0628\u0644 CTI: \u0645\u0646 \u062e\u0644\u0627\u0644 \u0627\u062a\u0628\u0627\u0639 \u0647\u0630\u0647 \u0627\u0644\u062f\u0648\u0631\u0629\u060c \u064a\u062d\u0635\u0644 \u0627\u0644\u0637\u0644\u0627\u0628 \u0639\u0644\u0649 \u0634\u0647\u0627\u062f\u0629 \u0627\u0644\u0647\u0646\u062f\u0633\u0629 \u0645\u0646 EFREI Paris\u060c \u0627\u0644\u0645\u0639\u062a\u0645\u062f\u0629 \u0645\u0646 \u0642\u0628\u0644 Commission des Titres d&#039;Ing\u00e9nieur (CTI)\u060c \u0648\u0627\u0644\u0645\u0639\u062a\u0631\u0641 \u0628\u0647\u0627 \u0641\u064a \u0641\u0631\u0646\u0633\u0627 \u0648\u0639\u0644\u0649 \u0627\u0644\u0635\u0639\u064a\u062f \u0627\u0644\u062f\u0648\u0644\u064a.<\/span><\/li><\/ul><p>\u00a0<\/p><ul><li style=\"font-weight: 400;\" aria-level=\"1\"><span style=\"font-weight: 400;\">\u0627\u0644\u062a\u0646\u0642\u0644 \u0627\u0644\u062f\u0648\u0644\u064a: \u062a\u062a\u064a\u062d \u0647\u0630\u0647 \u0627\u0644\u0634\u0631\u0627\u0643\u0629 \u0644\u0644\u0637\u0644\u0627\u0628 \u0639\u064a\u0634 \u062a\u062c\u0631\u0628\u0629 \u062f\u0648\u0644\u064a\u0629 \u062d\u0642\u064a\u0642\u064a\u0629\u060c \u062a\u062c\u0645\u0639 \u0628\u064a\u0646 \u0627\u0644\u062f\u0631\u0627\u0633\u0629 \u0641\u064a \u0627\u0644\u062c\u0632\u0627\u0626\u0631 \u0648\u0641\u0631\u0646\u0633\u0627.<\/span><\/li><\/ul><p>\u00a0<\/p><ul><li style=\"font-weight: 400;\" aria-level=\"1\"><span style=\"font-weight: 400;\">\u062a\u0633\u0647\u064a\u0644 \u0627\u0644\u0627\u0646\u062f\u0645\u0627\u062c \u0627\u0644\u0645\u0647\u0646\u064a: \u0628\u0641\u0636\u0644 \u0633\u0645\u0639\u0629 EFREI \u0648\u0645\u0639\u062f\u0644 \u0627\u0644\u062a\u0648\u0638\u064a\u0641 \u0627\u0644\u0645\u0631\u062a\u0641\u0639\u060c \u064a\u062d\u0635\u0644 \u0627\u0644\u062e\u0631\u064a\u062c\u0648\u0646 \u0639\u0644\u0649 \u0641\u0631\u0635 \u0645\u0647\u0646\u064a\u0629 \u0641\u064a \u0643\u0628\u0631\u0649 \u0634\u0631\u0643\u0627\u062a \u0627\u0644\u062a\u0643\u0646\u0648\u0644\u0648\u062c\u064a\u0627 \u0641\u064a \u0641\u0631\u0646\u0633\u0627 \u0648\u062d\u0648\u0644 \u0627\u0644\u0639\u0627\u0644\u0645.<\/span><\/li><\/ul><p>\u00a0<\/p>\t\t\t\t\t\t\t\t<\/div>\n\t\t\t\t<\/div>\n\t\t\t\t<div class=\"elementor-element elementor-element-2d5c4b0 elementor-widget elementor-widget-heading\" data-id=\"2d5c4b0\" data-element_type=\"widget\" data-widget_type=\"heading.default\">\n\t\t\t\t<div class=\"elementor-widget-container\">\n\t\t\t\t\t<h5 class=\"elementor-heading-title elementor-size-default\">\u0645\u062a\u0637\u0644\u0628\u0627\u062a \u0627\u0644\u0642\u0628\u0648\u0644<\/h5>\t\t\t\t<\/div>\n\t\t\t\t<\/div>\n\t\t\t\t<div class=\"elementor-element elementor-element-30247b4 elementor-widget elementor-widget-text-editor\" data-id=\"30247b4\" data-element_type=\"widget\" data-widget_type=\"text-editor.default\">\n\t\t\t\t<div class=\"elementor-widget-container\">\n\t\t\t\t\t\t\t\t\t<p>\u00a0<\/p><p><span style=\"font-weight: 400;\">\u064a\u062c\u0628 \u0639\u0644\u0649 \u0627\u0644\u0637\u0644\u0627\u0628 \u0627\u0644\u0631\u0627\u063a\u0628\u064a\u0646 \u0641\u064a \u0627\u0644\u0627\u0644\u062a\u062d\u0627\u0642 \u0628\u0647\u0630\u0627 \u0627\u0644\u0628\u0631\u0646\u0627\u0645\u062c \u0625\u0643\u0645\u0627\u0644 \u0633\u0646\u062a\u064a\u0646 \u0645\u0646 \u0627\u0644\u062f\u0631\u0627\u0633\u0629 \u0627\u0644\u062a\u062d\u0636\u064a\u0631\u064a\u0629 \u0628\u0646\u062c\u0627\u062d \u0648\u0628\u0646\u062a\u0627\u0626\u062c \u0623\u0643\u0627\u062f\u064a\u0645\u064a\u0629 \u0645\u0631\u0636\u064a\u0629. \u0648\u064a\u062a\u0645 \u0627\u0644\u0627\u062e\u062a\u064a\u0627\u0631 \u0628\u0646\u0627\u0621\u064b \u0639\u0644\u0649 \u0627\u0644\u0637\u0644\u0628 \u0648\u0627\u0644\u0645\u0642\u0627\u0628\u0644\u0629 \u0648\u0627\u0644\u062f\u0627\u0641\u0639. \u0643\u0645\u0627 \u064a\u064f\u0634\u062a\u0631\u0637 \u0625\u062a\u0642\u0627\u0646 \u0627\u0644\u0644\u063a\u062a\u064a\u0646 \u0627\u0644\u0641\u0631\u0646\u0633\u064a\u0629 \u0648\u0627\u0644\u0625\u0646\u062c\u0644\u064a\u0632\u064a\u0629 \u0628\u0634\u0643\u0644 \u0643\u0627\u0641\u064d \u0644\u0644\u0642\u0628\u0648\u0644 \u0641\u064a \u0645\u0639\u0647\u062f EFREI \u0628\u0627\u0631\u064a\u0633.<\/span><\/p>\t\t\t\t\t\t\t\t<\/div>\n\t\t\t\t<\/div>\n\t\t\t\t<\/div>\n\t\t<div data-particle_enable=\"false\" data-particle-mobile-disabled=\"false\" class=\"elementor-element elementor-element-aea4cba e-con-full e-flex e-con e-child\" data-id=\"aea4cba\" data-element_type=\"container\">\n\t\t\t\t<div class=\"elementor-element elementor-element-2828726 elementor-widget elementor-widget-image\" data-id=\"2828726\" data-element_type=\"widget\" data-widget_type=\"image.default\">\n\t\t\t\t<div class=\"elementor-widget-container\">\n\t\t\t\t\t\t\t\t\t\t\t\t\t\t\t<img decoding=\"async\" width=\"768\" height=\"511\" src=\"https:\/\/esst.cloud\/wp-content\/uploads\/2025\/11\/etudiantsefreicampusparis-1623x1080-1-768x511.jpg\" class=\"attachment-medium_large size-medium_large wp-image-2216\" alt=\"\" srcset=\"https:\/\/esst.cloud\/wp-content\/uploads\/2025\/11\/etudiantsefreicampusparis-1623x1080-1-768x511.jpg 768w, https:\/\/esst.cloud\/wp-content\/uploads\/2025\/11\/etudiantsefreicampusparis-1623x1080-1-300x200.jpg 300w, https:\/\/esst.cloud\/wp-content\/uploads\/2025\/11\/etudiantsefreicampusparis-1623x1080-1-1024x681.jpg 1024w, https:\/\/esst.cloud\/wp-content\/uploads\/2025\/11\/etudiantsefreicampusparis-1623x1080-1-1536x1022.jpg 1536w, https:\/\/esst.cloud\/wp-content\/uploads\/2025\/11\/etudiantsefreicampusparis-1623x1080-1-18x12.jpg 18w, https:\/\/esst.cloud\/wp-content\/uploads\/2025\/11\/etudiantsefreicampusparis-1623x1080-1.jpg 1623w\" sizes=\"(max-width: 768px) 100vw, 768px\" \/>\t\t\t\t\t\t\t\t\t\t\t\t\t\t\t<\/div>\n\t\t\t\t<\/div>\n\t\t\t\t<\/div>\n\t\t\t\t<\/div>\n\t\t\t\t<\/div>\n\t\t\t\t<\/div>\n\t\t\t\t\t<\/div>\n\t\t\t\t<\/div>\n\t\t\t\t<\/div>","protected":false},"excerpt":{"rendered":"<p>Une collaboration internationale pour des \u00e9tudes d\u2019excellence : Gr\u00e2ce \u00e0 notre partenariat privil\u00e9gi\u00e9 avec EFREI Paris, l\u2019une des institutions les plus r\u00e9put\u00e9es en Europe dans le domaine des technologies num\u00e9riques, nos \u00e9tudiants ont l\u2019opportunit\u00e9 unique de suivre un cursus international alliant formation locale et exp\u00e9rience en France. Ce programme innovant permet aux \u00e9tudiants de b\u00e9n\u00e9ficier [&hellip;]<\/p>","protected":false},"author":1,"featured_media":0,"parent":0,"menu_order":0,"comment_status":"closed","ping_status":"closed","template":"elementor_header_footer","meta":{"_eb_attr":"","footnotes":""},"class_list":["post-1436","page","type-page","status-publish","hentry"],"_links":{"self":[{"href":"https:\/\/esst.cloud\/ar\/wp-json\/wp\/v2\/pages\/1436","targetHints":{"allow":["GET"]}}],"collection":[{"href":"https:\/\/esst.cloud\/ar\/wp-json\/wp\/v2\/pages"}],"about":[{"href":"https:\/\/esst.cloud\/ar\/wp-json\/wp\/v2\/types\/page"}],"author":[{"embeddable":true,"href":"https:\/\/esst.cloud\/ar\/wp-json\/wp\/v2\/users\/1"}],"replies":[{"embeddable":true,"href":"https:\/\/esst.cloud\/ar\/wp-json\/wp\/v2\/comments?post=1436"}],"version-history":[{"count":9,"href":"https:\/\/esst.cloud\/ar\/wp-json\/wp\/v2\/pages\/1436\/revisions"}],"predecessor-version":[{"id":2565,"href":"https:\/\/esst.cloud\/ar\/wp-json\/wp\/v2\/pages\/1436\/revisions\/2565"}],"wp:attachment":[{"href":"https:\/\/esst.cloud\/ar\/wp-json\/wp\/v2\/media?parent=1436"}],"curies":[{"name":"wp","href":"https:\/\/api.w.org\/{rel}","templated":true}]}}