{"id":1122,"date":"2024-10-03T00:51:26","date_gmt":"2024-10-03T00:51:26","guid":{"rendered":"https:\/\/esst.atechcloudz.com\/?page_id=1122"},"modified":"2025-12-14T13:36:53","modified_gmt":"2025-12-14T13:36:53","slug":"licences","status":"publish","type":"page","link":"https:\/\/esst.cloud\/ar\/licences\/","title":{"rendered":"\u0627\u0644\u062a\u0631\u0627\u062e\u064a\u0635"},"content":{"rendered":"<div data-elementor-type=\"wp-page\" data-elementor-id=\"1122\" class=\"elementor elementor-1122\" data-elementor-post-type=\"page\">\n\t\t\t\t<div data-particle_enable=\"false\" data-particle-mobile-disabled=\"false\" class=\"elementor-element elementor-element-233c57c e-con-full e-flex e-con e-parent\" data-id=\"233c57c\" data-element_type=\"container\" data-settings=\"{&quot;background_background&quot;:&quot;classic&quot;}\">\n\t\t<div data-particle_enable=\"false\" data-particle-mobile-disabled=\"false\" class=\"elementor-element elementor-element-5a500d2 e-flex e-con-boxed e-con e-child\" data-id=\"5a500d2\" data-element_type=\"container\" data-settings=\"{&quot;background_background&quot;:&quot;classic&quot;}\">\n\t\t\t\t\t<div class=\"e-con-inner\">\n\t\t\t\t<div class=\"elementor-element elementor-element-c5ace77 elementor-widget elementor-widget-spacer\" data-id=\"c5ace77\" data-element_type=\"widget\" data-widget_type=\"spacer.default\">\n\t\t\t\t<div class=\"elementor-widget-container\">\n\t\t\t\t\t\t\t<div class=\"elementor-spacer\">\n\t\t\t<div class=\"elementor-spacer-inner\"><\/div>\n\t\t<\/div>\n\t\t\t\t\t\t<\/div>\n\t\t\t\t<\/div>\n\t\t\t\t\t<\/div>\n\t\t\t\t<\/div>\n\t\t\t\t<\/div>\n\t\t<div data-particle_enable=\"false\" data-particle-mobile-disabled=\"false\" class=\"elementor-element elementor-element-016e138 e-flex e-con-boxed e-con e-parent\" data-id=\"016e138\" data-element_type=\"container\">\n\t\t\t\t\t<div class=\"e-con-inner\">\n\t\t<div data-particle_enable=\"false\" data-particle-mobile-disabled=\"false\" class=\"elementor-element elementor-element-f2ecdeb e-con-full e-flex e-con e-child\" data-id=\"f2ecdeb\" data-element_type=\"container\">\n\t\t<div data-particle_enable=\"false\" data-particle-mobile-disabled=\"false\" class=\"elementor-element elementor-element-8a34a5b e-con-full e-flex e-con e-child\" data-id=\"8a34a5b\" data-element_type=\"container\" data-settings=\"{&quot;background_background&quot;:&quot;classic&quot;}\">\n\t\t<div data-particle_enable=\"false\" data-particle-mobile-disabled=\"false\" class=\"elementor-element elementor-element-092880f e-con-full e-flex e-con e-child\" data-id=\"092880f\" data-element_type=\"container\">\n\t\t\t\t<div class=\"elementor-element elementor-element-8051a78 elementor-widget elementor-widget-image\" data-id=\"8051a78\" data-element_type=\"widget\" data-widget_type=\"image.default\">\n\t\t\t\t<div class=\"elementor-widget-container\">\n\t\t\t\t\t\t\t\t\t\t\t\t\t\t\t<img decoding=\"async\" src=\"https:\/\/s3-alpha-sig.figma.com\/img\/1dfc\/8e01\/b4e628a331fe97f5e1776695dde3b24f?Expires=1728864000&#038;Key-Pair-Id=APKAQ4GOSFWCVNEHN3O4&#038;Signature=a8zSp~4vdYU1tNfNAbAnqU4fbWR2RTIBqj2tHpvCOgrtZaKmP0s7TTpEvNnqEjmhADLwswHcXAIMrDUZP-qZKeRcyE~pfOsHpKBtAtZtB8RizcyouCT7VH5q2yMiCsRBeJROO3mHZA0TJYmL-AUFx1QLQiOiDZkFaLToO5CDoLrmK73Y5izAW2mqXX53QbLzUwEM-LI9F2JR~wFt24kH0tUs6162L6nkIpVCxMLhtOxlligD9D1OFArz9KUkLM00Z57DQHOrEZ12nDAhEk-RiGL~Hvvm9l37brh3izBmUovdgGw0bOyar~TWpyBkJ-usjbrY8KyKVRTO56bojcDo6Q__\" title=\"\" alt=\"\" loading=\"lazy\" \/>\t\t\t\t\t\t\t\t\t\t\t\t\t\t\t<\/div>\n\t\t\t\t<\/div>\n\t\t\t\t<\/div>\n\t\t<div data-particle_enable=\"false\" data-particle-mobile-disabled=\"false\" class=\"elementor-element elementor-element-305e80e e-con-full e-flex e-con e-child\" data-id=\"305e80e\" data-element_type=\"container\">\n\t\t\t\t<div class=\"elementor-element elementor-element-57ef4d5 elementor-widget elementor-widget-text-editor\" data-id=\"57ef4d5\" data-element_type=\"widget\" data-widget_type=\"text-editor.default\">\n\t\t\t\t<div class=\"elementor-widget-container\">\n\t\t\t\t\t\t\t\t\t<p><b>\u0627\u0644\u0645\u062f\u0631\u0633\u0629 \u0627\u0644\u0639\u0644\u064a\u0627 \u0644\u0644\u0639\u0644\u0648\u0645 \u0648\u0627\u0644\u062a\u0643\u0646\u0648\u0644\u0648\u062c\u064a\u0627 (ESST)<\/b> \u062a\u0642\u062f\u0645 \u0627\u0644\u062c\u0627\u0645\u0639\u0629 \u0645\u062c\u0645\u0648\u0639\u0629 \u0634\u0627\u0645\u0644\u0629 \u0645\u0646 \u0628\u0631\u0627\u0645\u062c \u0627\u0644\u0628\u0643\u0627\u0644\u0648\u0631\u064a\u0648\u0633 \u0627\u0644\u0645\u0635\u0645\u0645\u0629 \u0644\u062a\u062f\u0631\u064a\u0628 \u0627\u0644\u0645\u0648\u0627\u0647\u0628 \u0648\u0627\u0644\u0645\u0628\u062a\u0643\u0631\u064a\u0646 \u0627\u0644\u0645\u0633\u062a\u0642\u0628\u0644\u064a\u064a\u0646. \u062a\u063a\u0637\u064a \u0645\u062c\u0627\u0644\u0627\u062a\u0646\u0627 \u0627\u0644\u0623\u0643\u0627\u062f\u064a\u0645\u064a\u0629 \u0627\u0644\u0623\u0631\u0628\u0639\u0629 \u062c\u0645\u064a\u0639 \u0627\u0644\u062a\u062e\u0635\u0635\u0627\u062a \u0627\u0644\u0639\u0644\u0645\u064a\u0629 \u0648\u0627\u0644\u062a\u0643\u0646\u0648\u0644\u0648\u062c\u064a\u0629 \u0648\u0627\u0644\u0627\u0642\u062a\u0635\u0627\u062f\u064a\u0629 \u0627\u0644\u0623\u0633\u0627\u0633\u064a\u0629 \u0644\u0633\u0648\u0642 \u0627\u0644\u0639\u0645\u0644 \u0627\u0644\u064a\u0648\u0645.\u00a0<\/p><p>\u0627\u0644\u0645\u062c\u0627\u0644\u00a0<strong>\u0627\u0644\u0631\u064a\u0627\u0636\u064a\u0627\u062a \u0648\u0639\u0644\u0648\u0645 \u0627\u0644\u062d\u0627\u0633\u0648\u0628<\/strong>\u00a0\u064a\u064f\u062f\u0631\u0651\u0628 \u0645\u062a\u062e\u0635\u0635\u064a\u0646 \u0642\u0627\u062f\u0631\u064a\u0646 \u0639\u0644\u0649 \u0625\u062a\u0642\u0627\u0646 \u0623\u0633\u0627\u0633\u064a\u0627\u062a \u0627\u0644\u0631\u064a\u0627\u0636\u064a\u0627\u062a \u0648\u062a\u0637\u0648\u064a\u0631 \u062d\u0644\u0648\u0644 \u062d\u0627\u0633\u0648\u0628\u064a\u0629 \u0645\u062a\u0642\u062f\u0645\u0629\u060c \u0628\u064a\u0646\u0645\u0627 \u0645\u062c\u0627\u0644\u0646\u0627\u00a0<strong>\u0627\u0644\u0639\u0644\u0648\u0645 \u0648\u0627\u0644\u062a\u0643\u0646\u0648\u0644\u0648\u062c\u064a\u0627<\/strong>\u00a0\u064a\u064f\u0647\u064a\u0626 \u0627\u0644\u0637\u0644\u0627\u0628 \u0644\u0645\u0648\u0627\u062c\u0647\u0629 \u0627\u0644\u062a\u062d\u062f\u064a\u0627\u062a \u0648\u0627\u0644\u0627\u0628\u062a\u0643\u0627\u0631\u0627\u062a \u0627\u0644\u062a\u0643\u0646\u0648\u0644\u0648\u062c\u064a\u0629 \u0627\u0644\u062a\u064a \u062a\u064f\u0634\u0643\u0644 \u0627\u0644\u0639\u0627\u0644\u0645 \u0627\u0644\u062d\u062f\u064a\u062b. \u0648\u0641\u064a \u0627\u0644\u0648\u0642\u062a \u0646\u0641\u0633\u0647\u060c \u064a\u064f\u0639\u062f \u0647\u0630\u0627 \u0627\u0644\u0645\u062c\u0627\u0644\u00a0<strong>\u0639\u0644\u0645 \u0627\u0644\u0645\u0648\u0627\u062f<\/strong>\u00a0\u064a\u0642\u062f\u0645 \u062a\u062f\u0631\u064a\u0628\u0627\u064b \u0645\u062a\u0639\u0645\u0642\u0627\u064b \u0641\u064a \u0627\u0644\u0641\u064a\u0632\u064a\u0627\u0621 \u0648\u0627\u0644\u0643\u064a\u0645\u064a\u0627\u0621 \u0648\u0627\u0644\u062a\u062e\u0635\u0635\u0627\u062a \u0630\u0627\u062a \u0627\u0644\u0635\u0644\u0629\u060c \u0645\u0645\u0627 \u064a\u064f\u0645\u0643\u0651\u0646 \u0627\u0644\u0637\u0644\u0627\u0628 \u0645\u0646 \u0627\u0643\u062a\u0633\u0627\u0628 \u0641\u0647\u0645 \u062f\u0642\u064a\u0642 \u0644\u0644\u0638\u0648\u0627\u0647\u0631 \u0627\u0644\u0637\u0628\u064a\u0639\u064a\u0629. \u0648\u0623\u062e\u064a\u0631\u0627\u064b\u060c \u0645\u062c\u0627\u0644\u0646\u0627\u00a0<strong>\u0627\u0644\u0639\u0644\u0648\u0645 \u0627\u0644\u0627\u0642\u062a\u0635\u0627\u062f\u064a\u0629 \u0648\u0627\u0644\u0625\u062f\u0627\u0631\u064a\u0629 \u0648\u0627\u0644\u062a\u062c\u0627\u0631\u064a\u0629<\/strong>\u00a0\u064a\u0632\u0648\u062f \u0627\u0644\u0628\u0631\u0646\u0627\u0645\u062c \u0627\u0644\u0645\u0647\u0646\u064a\u064a\u0646 \u0627\u0644\u0645\u0633\u062a\u0642\u0628\u0644\u064a\u064a\u0646 \u0628\u0627\u0644\u0645\u0647\u0627\u0631\u0627\u062a \u0627\u0644\u0644\u0627\u0632\u0645\u0629 \u0644\u0644\u062a\u0641\u0648\u0642 \u0641\u064a \u0645\u062c\u0627\u0644\u0627\u062a \u0627\u0644\u0627\u0642\u062a\u0635\u0627\u062f \u0648\u0627\u0644\u0625\u062f\u0627\u0631\u0629 \u0648\u0627\u0644\u062a\u062c\u0627\u0631\u0629.\u00a0<\/p><p>\u0641\u064a \u062c\u0627\u0645\u0639\u0629 ESST\u060c \u062a\u0645 \u062a\u0635\u0645\u064a\u0645 \u0643\u0644 \u0628\u0631\u0646\u0627\u0645\u062c \u0644\u0644\u062d\u0635\u0648\u0644 \u0639\u0644\u0649 \u062f\u0631\u062c\u0629 \u0627\u0644\u0628\u0643\u0627\u0644\u0648\u0631\u064a\u0648\u0633 \u0648\u0641\u0642\u064b\u0627 \u0644\u0645\u0639\u0627\u064a\u064a\u0631 \u0623\u0643\u0627\u062f\u064a\u0645\u064a\u0629 \u0635\u0627\u0631\u0645\u0629\u060c \u062a\u062c\u0645\u0639 \u0628\u064a\u0646 \u0627\u0644\u0646\u0638\u0631\u064a\u0629 \u0627\u0644\u0645\u062a\u064a\u0646\u0629 \u0648\u0627\u0644\u062a\u0637\u0628\u064a\u0642\u0627\u062a \u0627\u0644\u0639\u0645\u0644\u064a\u0629\u060c \u0644\u0636\u0645\u0627\u0646 \u0627\u0645\u062a\u0644\u0627\u0643 \u062e\u0631\u064a\u062c\u064a\u0646\u0627 \u0644\u0644\u0645\u0639\u0631\u0641\u0629 \u0648\u0627\u0644\u0645\u0647\u0627\u0631\u0627\u062a \u0627\u0644\u062a\u0642\u0646\u064a\u0629 \u0648\u0627\u0644\u0642\u062f\u0631\u0627\u062a \u0627\u0644\u0625\u062f\u0627\u0631\u064a\u0629 \u0627\u0644\u0644\u0627\u0632\u0645\u0629 \u0644\u0644\u0646\u062c\u0627\u062d \u0641\u064a \u062d\u064a\u0627\u062a\u0647\u0645 \u0627\u0644\u0645\u0647\u0646\u064a\u0629 \u0648\u0627\u0644\u0645\u0633\u0627\u0647\u0645\u0629 \u0641\u064a \u0627\u0644\u062a\u0646\u0645\u064a\u0629 \u0627\u0644\u0627\u062c\u062a\u0645\u0627\u0639\u064a\u0629 \u0648\u0627\u0644\u0627\u0642\u062a\u0635\u0627\u062f\u064a\u0629 \u0644\u0644\u062c\u0632\u0627\u0626\u0631.<\/p>\t\t\t\t\t\t\t\t<\/div>\n\t\t\t\t<\/div>\n\t\t\t\t<\/div>\n\t\t\t\t<\/div>\n\t\t<div data-particle_enable=\"false\" data-particle-mobile-disabled=\"false\" class=\"elementor-element elementor-element-b21fdd2 e-con-full e-flex e-con e-child\" data-id=\"b21fdd2\" data-element_type=\"container\" data-settings=\"{&quot;background_background&quot;:&quot;classic&quot;}\">\n\t\t<div data-particle_enable=\"false\" data-particle-mobile-disabled=\"false\" class=\"elementor-element elementor-element-a4d516d e-grid e-con-full e-con e-child\" data-id=\"a4d516d\" data-element_type=\"container\">\n\t\t<div data-particle_enable=\"false\" data-particle-mobile-disabled=\"false\" class=\"elementor-element elementor-element-70389b5 e-con-full e-flex e-con e-child\" data-id=\"70389b5\" data-element_type=\"container\">\n\t\t\t\t<div class=\"elementor-element elementor-element-2e8e09f elementor-view-default elementor-position-block-start elementor-mobile-position-block-start elementor-widget elementor-widget-icon-box\" data-id=\"2e8e09f\" data-element_type=\"widget\" data-widget_type=\"icon-box.default\">\n\t\t\t\t<div class=\"elementor-widget-container\">\n\t\t\t\t\t\t\t<div class=\"elementor-icon-box-wrapper\">\n\n\t\t\t\t\t\t<div class=\"elementor-icon-box-icon\">\n\t\t\t\t<span  class=\"elementor-icon\">\n\t\t\t\t<svg xmlns=\"http:\/\/www.w3.org\/2000\/svg\" width=\"48\" height=\"48\" viewbox=\"0 0 48 48\" fill=\"none\"><path d=\"M40.9934 40.9701C39.1294 42.8341 37.0694 44.3271 34.8134 45.4491C32.5975 46.5544 30.2231 47.3084 27.7754 47.6841C22.8819 48.4425 17.8736 47.6615 13.4434 45.4491C11.1874 44.3271 9.12743 42.8341 7.26343 40.9691C5.39843 39.1051 3.90843 37.0501 2.79243 34.8001C0.571628 30.3682 -0.212741 25.3544 0.548431 20.4561C0.924017 18.0081 1.67803 15.6334 2.78343 13.4171C3.90543 11.1621 5.39843 9.10207 7.26343 7.23707C9.12743 5.37307 11.1834 3.88307 13.4334 2.76707C15.6486 1.65802 18.0242 0.903825 20.4734 0.53207C22.9094 0.15207 25.3464 0.15207 27.7834 0.53207C30.2327 0.903841 32.6083 1.65803 34.8234 2.76707C37.0734 3.88307 39.1294 5.37307 40.9934 7.23707C42.8574 9.10207 44.3514 11.1621 45.4734 13.4171C46.5777 15.6299 47.3288 18.0019 47.6994 20.4471C48.0794 22.8693 48.0794 25.3359 47.6994 27.7581C47.3277 30.2073 46.5735 32.5829 45.4644 34.7981C44.3484 37.0481 42.8574 39.1041 40.9944 40.9681L40.9934 40.9701ZM31.0984 30.7911L33.1584 30.7821V15.0751H17.4484L17.4404 17.1351L29.6334 17.1261L14.3804 32.3801L15.8534 33.8531L31.1064 18.6001L31.0964 30.7931L31.0984 30.7911Z\" fill=\"#001225\"><\/path><\/svg>\t\t\t\t<\/span>\n\t\t\t<\/div>\n\t\t\t\n\t\t\t\t\t\t<div class=\"elementor-icon-box-content\">\n\n\t\t\t\t\t\t\t\t\t<h3 class=\"elementor-icon-box-title\">\n\t\t\t\t\t\t<span  >\n\t\t\t\t\t\t\t\u062a\u0631\u0627\u062e\u064a\u0635\u0646\u0627\t\t\t\t\t\t<\/span>\n\t\t\t\t\t<\/h3>\n\t\t\t\t\n\t\t\t\t\t\t\t\t\t<p class=\"elementor-icon-box-description\">\n\t\t\t\t\t\t\u062a\u062c\u0645\u0639 \u0628\u0631\u0627\u0645\u062c \u0627\u0644\u062a\u062f\u0631\u064a\u0628 \u0627\u0644\u0645\u062a\u0639\u062f\u062f\u0629 \u0627\u0644\u0627\u0633\u062a\u062e\u062f\u0627\u0645\u0627\u062a \u0647\u0630\u0647 \u0628\u064a\u0646 \u0627\u0644\u062a\u0643\u0627\u0645\u0644 \u0627\u0644\u0645\u0647\u0646\u064a \u0627\u0644\u0633\u0631\u064a\u0639 \u0648\u0625\u0645\u0643\u0627\u0646\u064a\u0629 \u0627\u0644\u062a\u0642\u062f\u0645\u060c \u0633\u0648\u0627\u0621 \u0641\u064a \u0627\u0644\u0639\u0627\u0644\u0645 \u0627\u0644\u0645\u0647\u0646\u064a \u0623\u0648 \u0627\u0644\u0623\u0643\u0627\u062f\u064a\u0645\u064a.\t\t\t\t\t<\/p>\n\t\t\t\t\n\t\t\t<\/div>\n\t\t\t\n\t\t<\/div>\n\t\t\t\t\t\t<\/div>\n\t\t\t\t<\/div>\n\t\t\t\t<\/div>\n\t\t\t\t<div class=\"elementor-element elementor-element-14f9a89 ekit-equal-height-enable elementor-widget elementor-widget-elementskit-icon-box\" data-id=\"14f9a89\" data-element_type=\"widget\" data-widget_type=\"elementskit-icon-box.default\">\n\t\t\t\t<div class=\"elementor-widget-container\">\n\t\t\t\t\t<div class=\"ekit-wid-con\" >        <!-- link opening -->\n                <!-- end link opening -->\n\n        <div class=\"elementskit-infobox text-left text-left icon-top-align elementor-animation-\">\n                            <div class=\"elementskit-box-header\">\n                <div class=\"elementskit-info-box-icon\">\n                    <img decoding=\"async\" width=\"79\" height=\"79\" src=\"https:\/\/esst.cloud\/wp-content\/uploads\/2024\/09\/div.svg\" class=\"attachment- size-\" alt=\"\" \/>                <\/div>\n          <\/div>\n                <div class=\"box-body\">\n                            <h1 class=\"elementskit-info-box-title\">\n                    \u0628\u0643\u0627\u0644\u0648\u0631\u064a\u0648\u0633 \u0641\u064a \u0639\u0644\u0648\u0645 \u0627\u0644\u062d\u0627\u0633\u0648\u0628                <\/h1>\n                        \t\t  \t<p> \u062a\u0637\u0648\u064a\u0631 \u0627\u0644\u0628\u0631\u0645\u062c\u064a\u0627\u062a \/ \u062f\u0627\u0639\u0634 \/ \u0627\u0644\u0623\u0645\u0646 \u0627\u0644\u0633\u064a\u0628\u0631\u0627\u0646\u064a \/ \u0627\u0644\u0634\u0628\u0643\u0627\u062a \/ \u0627\u0644\u0630\u0643\u0627\u0621 \u0627\u0644\u0627\u0635\u0637\u0646\u0627\u0639\u064a <\/p>\n                                        <div class=\"box-footer disable_hover_button\">\n                    <div class=\"btn-wraper\">\n                                                            <a class=\"elementskit-btn whitespace--normal\" href=\"#\">\n                                        <svg xmlns=\"http:\/\/www.w3.org\/2000\/svg\" width=\"93\" height=\"2\" viewbox=\"0 0 93 2\" fill=\"none\"><path d=\"M93 0.110107H0V1.11011H93V0.110107Z\" fill=\"black\"><\/path><\/svg>                                        \u0634\u0627\u0647\u062f \u0627\u0644\u0645\u0632\u064a\u062f                                    <\/a>\n                                                        <\/div>\n                <\/div>\n                    <\/div>\n        \n        \n                <\/div>\n        <\/div>\t\t\t\t<\/div>\n\t\t\t\t<\/div>\n\t\t\t\t<div class=\"elementor-element elementor-element-f50d259 ekit-equal-height-enable elementor-widget elementor-widget-elementskit-icon-box\" data-id=\"f50d259\" data-element_type=\"widget\" data-widget_type=\"elementskit-icon-box.default\">\n\t\t\t\t<div class=\"elementor-widget-container\">\n\t\t\t\t\t<div class=\"ekit-wid-con\" >        <!-- link opening -->\n                <!-- end link opening -->\n\n        <div class=\"elementskit-infobox text-left text-left icon-top-align elementor-animation-\">\n                            <div class=\"elementskit-box-header\">\n                <div class=\"elementskit-info-box-icon\">\n                    <img decoding=\"async\" width=\"79\" height=\"79\" src=\"https:\/\/esst.cloud\/wp-content\/uploads\/2024\/09\/div-1.svg\" class=\"attachment- size-\" alt=\"\" \/>                <\/div>\n          <\/div>\n                <div class=\"box-body\">\n                            <h1 class=\"elementskit-info-box-title\">\n                    \u0628\u0643\u0627\u0644\u0648\u0631\u064a\u0648\u0633 \u0641\u064a \u0627\u0644\u0643\u064a\u0645\u064a\u0627\u0621                <\/h1>\n                        \t\t  \t<p>\u0627\u0644\u062a\u062d\u0644\u064a\u0644\u064a\u0629 \/ \u0627\u0644\u0635\u064a\u062f\u0644\u0627\u0646\u064a\u0629<\/p>\n                                        <div class=\"box-footer disable_hover_button\">\n                    <div class=\"btn-wraper\">\n                                                            <a class=\"elementskit-btn whitespace--normal\" href=\"#\">\n                                        <svg xmlns=\"http:\/\/www.w3.org\/2000\/svg\" width=\"93\" height=\"2\" viewbox=\"0 0 93 2\" fill=\"none\"><path d=\"M93 0.110107H0V1.11011H93V0.110107Z\" fill=\"black\"><\/path><\/svg>                                        \u0634\u0627\u0647\u062f \u0627\u0644\u0645\u0632\u064a\u062f                                    <\/a>\n                                                        <\/div>\n                <\/div>\n                    <\/div>\n        \n        \n                <\/div>\n        <\/div>\t\t\t\t<\/div>\n\t\t\t\t<\/div>\n\t\t\t\t<div class=\"elementor-element elementor-element-a3f5668 ekit-equal-height-enable elementor-widget elementor-widget-elementskit-icon-box\" data-id=\"a3f5668\" data-element_type=\"widget\" data-widget_type=\"elementskit-icon-box.default\">\n\t\t\t\t<div class=\"elementor-widget-container\">\n\t\t\t\t\t<div class=\"ekit-wid-con\" >        <!-- link opening -->\n                <!-- end link opening -->\n\n        <div class=\"elementskit-infobox text-left text-left icon-top-align elementor-animation-\">\n                            <div class=\"elementskit-box-header\">\n                <div class=\"elementskit-info-box-icon\">\n                    <img decoding=\"async\" width=\"79\" height=\"79\" src=\"https:\/\/esst.cloud\/wp-content\/uploads\/2024\/09\/div.svg\" class=\"attachment- size-\" alt=\"\" \/>                <\/div>\n          <\/div>\n                <div class=\"box-body\">\n                            <h1 class=\"elementskit-info-box-title\">\n                    \u0628\u0643\u0627\u0644\u0648\u0631\u064a\u0648\u0633 \u0627\u0644\u0639\u0644\u0648\u0645 \u0648\u0627\u0644\u062a\u0643\u0646\u0648\u0644\u0648\u062c\u064a\u0627                <\/h1>\n                        \t\t  \t<p>\u0627\u0644\u0627\u062a\u0635\u0627\u0644\u0627\u062a \/ \u0627\u0644\u0625\u0644\u0643\u062a\u0631\u0648\u0646\u064a\u0627\u062a<\/p>\n                                        <div class=\"box-footer disable_hover_button\">\n                    <div class=\"btn-wraper\">\n                                                            <a class=\"elementskit-btn whitespace--normal\" href=\"#\">\n                                        <svg xmlns=\"http:\/\/www.w3.org\/2000\/svg\" width=\"93\" height=\"2\" viewbox=\"0 0 93 2\" fill=\"none\"><path d=\"M93 0.110107H0V1.11011H93V0.110107Z\" fill=\"black\"><\/path><\/svg>                                        \u0634\u0627\u0647\u062f \u0627\u0644\u0645\u0632\u064a\u062f                                    <\/a>\n                                                        <\/div>\n                <\/div>\n                    <\/div>\n        \n        \n                <\/div>\n        <\/div>\t\t\t\t<\/div>\n\t\t\t\t<\/div>\n\t\t\t\t<div class=\"elementor-element elementor-element-9ac4159 ekit-equal-height-enable elementor-widget elementor-widget-elementskit-icon-box\" data-id=\"9ac4159\" data-element_type=\"widget\" data-widget_type=\"elementskit-icon-box.default\">\n\t\t\t\t<div class=\"elementor-widget-container\">\n\t\t\t\t\t<div class=\"ekit-wid-con\" >        <!-- link opening -->\n                <!-- end link opening -->\n\n        <div class=\"elementskit-infobox text-left text-left icon-top-align elementor-animation-\">\n                            <div class=\"elementskit-box-header\">\n                <div class=\"elementskit-info-box-icon\">\n                    <img decoding=\"async\" width=\"79\" height=\"79\" src=\"https:\/\/esst.cloud\/wp-content\/uploads\/2024\/09\/div.svg\" class=\"attachment- size-\" alt=\"\" \/>                <\/div>\n          <\/div>\n                <div class=\"box-body\">\n                            <h1 class=\"elementskit-info-box-title\">\n                    \u062a\u0631\u0627\u062e\u064a\u0635 \u0627\u0644\u0623\u0639\u0645\u0627\u0644 \u0627\u0644\u0625\u0644\u0643\u062a\u0631\u0648\u0646\u064a\u0629                <\/h1>\n                        \t\t  \t<p>\u0627\u0644\u062a\u062c\u0627\u0631\u0629 \u0627\u0644\u0625\u0644\u0643\u062a\u0631\u0648\u0646\u064a\u0629 \u0648\u0627\u0644\u062a\u0633\u0648\u064a\u0642 \u0627\u0644\u0631\u0642\u0645\u064a \/ \u0627\u0644\u0625\u062f\u0627\u0631\u0629 \u0627\u0644\u0625\u0644\u0643\u062a\u0631\u0648\u0646\u064a\u0629 \u0648\u0627\u0644\u0627\u0633\u062a\u0631\u0627\u062a\u064a\u062c\u064a\u0629 \u0627\u0644\u0631\u0642\u0645\u064a\u0629<\/p>\n                                        <div class=\"box-footer disable_hover_button\">\n                    <div class=\"btn-wraper\">\n                                                            <a class=\"elementskit-btn whitespace--normal\" href=\"#\">\n                                        <svg xmlns=\"http:\/\/www.w3.org\/2000\/svg\" width=\"93\" height=\"2\" viewbox=\"0 0 93 2\" fill=\"none\"><path d=\"M93 0.110107H0V1.11011H93V0.110107Z\" fill=\"black\"><\/path><\/svg>                                        \u0634\u0627\u0647\u062f \u0627\u0644\u0645\u0632\u064a\u062f                                    <\/a>\n                                                        <\/div>\n                <\/div>\n                    <\/div>\n        \n        \n                <\/div>\n        <\/div>\t\t\t\t<\/div>\n\t\t\t\t<\/div>\n\t\t\t\t<\/div>\n\t\t\t\t<\/div>\n\t\t\t\t<\/div>\n\t\t\t\t\t<\/div>\n\t\t\t\t<\/div>\n\t\t\t\t<\/div>","protected":false},"excerpt":{"rendered":"<p>L&rsquo;\u00c9cole Sup\u00e9rieure des Sciences et Technologies (ESST) propose un \u00e9ventail complet de programmes de licences con\u00e7us pour former les talents et les innovateurs de demain. Nos quatre domaines acad\u00e9miques couvrent l&rsquo;ensemble des disciplines scientifiques, technologiques et \u00e9conomiques essentielles au march\u00e9 du travail actuel.\u00a0 Le domaine\u00a0Math\u00e9matiques &amp; Informatique\u00a0forme des sp\u00e9cialistes capables de ma\u00eetriser les fondamentaux math\u00e9matiques [&hellip;]<\/p>","protected":false},"author":1,"featured_media":0,"parent":0,"menu_order":0,"comment_status":"closed","ping_status":"closed","template":"","meta":{"_eb_attr":"","footnotes":""},"class_list":["post-1122","page","type-page","status-publish","hentry"],"_links":{"self":[{"href":"https:\/\/esst.cloud\/ar\/wp-json\/wp\/v2\/pages\/1122","targetHints":{"allow":["GET"]}}],"collection":[{"href":"https:\/\/esst.cloud\/ar\/wp-json\/wp\/v2\/pages"}],"about":[{"href":"https:\/\/esst.cloud\/ar\/wp-json\/wp\/v2\/types\/page"}],"author":[{"embeddable":true,"href":"https:\/\/esst.cloud\/ar\/wp-json\/wp\/v2\/users\/1"}],"replies":[{"embeddable":true,"href":"https:\/\/esst.cloud\/ar\/wp-json\/wp\/v2\/comments?post=1122"}],"version-history":[{"count":37,"href":"https:\/\/esst.cloud\/ar\/wp-json\/wp\/v2\/pages\/1122\/revisions"}],"predecessor-version":[{"id":2413,"href":"https:\/\/esst.cloud\/ar\/wp-json\/wp\/v2\/pages\/1122\/revisions\/2413"}],"wp:attachment":[{"href":"https:\/\/esst.cloud\/ar\/wp-json\/wp\/v2\/media?parent=1122"}],"curies":[{"name":"wp","href":"https:\/\/api.w.org\/{rel}","templated":true}]}}